{"id":1011050,"date":"2024-06-17T14:11:34","date_gmt":"2024-06-17T06:11:34","guid":{"rendered":"https:\/\/vimaterial.de\/product\/nitruro-di-silicio-2\/"},"modified":"2024-12-17T16:28:59","modified_gmt":"2024-12-17T08:28:59","slug":"nitruro-di-silicio-2","status":"publish","type":"product","link":"https:\/\/vimaterial.de\/it\/product\/nitruro-di-silicio-2\/","title":{"rendered":"Nitruro di silicio"},"content":{"rendered":"<p>Il nitruro di silicio (Si3N4) \u00e8 un materiale ceramico con elevata durezza, struttura stabile, piccolo coefficiente di dilatazione termica, eccellente resistenza all&#8217;ossidazione e alla corrosione ed eccellenti propriet\u00e0 termiche e chimiche. Il nostro nitruro di silicio (Si3N4) ha le caratteristiche di elevata purezza, alto contenuto di azoto, distribuzione granulometrica stretta e alta attivit\u00e0 di sinterizzazione. Pu\u00f2 essere ampiamente utilizzato in molti campi come ceramiche strutturali ad alta tecnologia, vari materiali resistenti all&#8217;usura, materiali refrattari, ecc. VIMATERIAL fornisce anche <span style=\"color: #0000ff;\"><a style=\"color: #0000ff;\" href=\"https:\/\/vimaterial.de\/en\/product\/silicon-nitride-2\/\">polvere di nitruro di silicio<\/a><\/span> e <span style=\"color: #0000ff;\"><a style=\"color: #0000ff;\" href=\"https:\/\/vimaterial.de\/en\/product\/silicon-nitride-sputtering-target\/\">bersagli di nitruro di silicio<\/a><\/span>.<\/p>\n<h2><span style=\"font-size: 14pt;\">Caratteristiche:<\/span><\/h2>\n<p>Formula chimica: Si3N4 Colore: bianco grigiastro Cristallo: fase \u03b1 amorfa fase \u03b2 Punto di fusione: 1900\u00b0C Conducibilit\u00e0 termica: 25W\/m.K Densit\u00e0: 3,2 g\/cm3 Resistivit\u00e0: 1011 ~ 1012\u03a9.cm Durezza Mohs: 9 Dimensione delle particelle: 1 mm &#8211; 4 mm \/ 3 mm &#8211; 6 mm Purezza: 99,5%, 99,9% (la dimensione delle particelle, le specifiche di purezza, ecc. possono essere personalizzate secondo necessit\u00e0)<\/p>\n<h2><span style=\"font-size: 14pt;\">Tratti somatici:<\/span><\/h2>\n<p>Il prodotto ha elevata purezza, piccola granulometria, distribuzione uniforme, ampia superficie specifica, elevata attivit\u00e0 superficiale e bassa densit\u00e0 apparente; La riflettivit\u00e0 ultravioletta \u00e8 superiore al 95% e il tasso di assorbimento della banda infrarossa \u00e8 superiore al 97%, con buona resistenza alla corrosione chimica, forti prestazioni di lubrificazione, elevata durezza e basso coefficiente di attrito radente.<\/p>\n<h2><span style=\"font-size: 14pt;\">Applicazioni:<\/span><\/h2>\n<p>Produzione di componenti strutturali: come sfere e rulli per cuscinetti volventi, cuscinetti radenti, manicotti, valvole e componenti strutturali con requisiti di resistenza all&#8217;usura, resistenza alle alte temperature e resistenza alla corrosione in metallurgia, industria chimica, macchinari, aeronautica, aerospaziale ed energia e ugelli; Trattamento superficiale di metalli e altri materiali: come leghe come stampi, utensili da taglio, pale di turbine, rotori di turbine e rivestimenti delle pareti interne dei cilindri; Materiali compositi: come materiali compositi a base di metallo, ceramica e grafite, gomma, plastica, rivestimenti, adesivi e altri materiali compositi a base di polimeri; Film di nanoparticelle autolubrificanti resistenti all&#8217;usura, utilizzati per la protezione superficiale di telefoni cellulari, automobili, ecc., rivestimenti resistenti all&#8217;usura, additivi per vernici elettroforetiche e alta resistenza all&#8217;usura. Distaccante per crogioli al quarzo.<\/p>\n<h2><span style=\"font-size: 14pt;\">Immagazzinamento:<\/span><\/h2>\n<p>Il nitruro di silicio (Si3N4) deve essere sigillato e conservato in un ambiente asciutto e fresco. Non deve essere esposto all&#8217;aria per lungo tempo per evitare l&#8217;agglomerazione dell&#8217;umidit\u00e0, che influenzer\u00e0 le prestazioni di dispersione e l&#8217;effetto d&#8217;uso. Inoltre, dovrebbe evitare forti pressioni e il contatto con gli ossidanti. Deve essere trasportato come merce ordinaria.   <\/p>\n","protected":false},"excerpt":{"rendered":"<p>Il nitruro di silicio (Si3N4) \u00e8 un materiale ceramico con elevata durezza, struttura stabile, piccolo coefficiente di dilatazione termica, eccellente resistenza all&#8217;ossidazione e alla corrosione ed eccellenti propriet\u00e0 termiche e chimiche. Il nostro nitruro di silicio (Si3N4) ha le caratteristiche di elevata purezza, alto contenuto di azoto, distribuzione granulometrica stretta e alta attivit\u00e0 di sinterizzazione. [&hellip;]<\/p>\n","protected":false},"featured_media":999708,"comment_status":"open","ping_status":"closed","template":"","meta":{"_acf_changed":false},"product_brand":[],"product_cat":[198],"product_tag":[],"class_list":{"0":"post-1011050","1":"product","2":"type-product","3":"status-publish","4":"has-post-thumbnail","6":"product_cat-materiali-per-levaporazione","8":"first","9":"instock","10":"shipping-taxable","11":"product-type-variable"},"acf":[],"_links":{"self":[{"href":"https:\/\/vimaterial.de\/it\/wp-json\/wp\/v2\/product\/1011050","targetHints":{"allow":["GET"]}}],"collection":[{"href":"https:\/\/vimaterial.de\/it\/wp-json\/wp\/v2\/product"}],"about":[{"href":"https:\/\/vimaterial.de\/it\/wp-json\/wp\/v2\/types\/product"}],"replies":[{"embeddable":true,"href":"https:\/\/vimaterial.de\/it\/wp-json\/wp\/v2\/comments?post=1011050"}],"wp:featuredmedia":[{"embeddable":true,"href":"https:\/\/vimaterial.de\/it\/wp-json\/wp\/v2\/media\/999708"}],"wp:attachment":[{"href":"https:\/\/vimaterial.de\/it\/wp-json\/wp\/v2\/media?parent=1011050"}],"wp:term":[{"taxonomy":"product_brand","embeddable":true,"href":"https:\/\/vimaterial.de\/it\/wp-json\/wp\/v2\/product_brand?post=1011050"},{"taxonomy":"product_cat","embeddable":true,"href":"https:\/\/vimaterial.de\/it\/wp-json\/wp\/v2\/product_cat?post=1011050"},{"taxonomy":"product_tag","embeddable":true,"href":"https:\/\/vimaterial.de\/it\/wp-json\/wp\/v2\/product_tag?post=1011050"}],"curies":[{"name":"wp","href":"https:\/\/api.w.org\/{rel}","templated":true}]}}