{"id":1010972,"date":"2024-06-17T14:12:39","date_gmt":"2024-06-17T06:12:39","guid":{"rendered":"https:\/\/vimaterial.de\/product\/lega-di-alluminio-al-silicio\/"},"modified":"2024-12-19T15:09:18","modified_gmt":"2024-12-19T07:09:18","slug":"lega-di-alluminio-al-silicio","status":"publish","type":"product","link":"https:\/\/vimaterial.de\/it\/product\/lega-di-alluminio-al-silicio\/","title":{"rendered":"Lega di alluminio al silicio"},"content":{"rendered":"<p>Il bersaglio in lega di silicio e alluminio \u00e8 un metallo con alto punto di fusione, elevata conduttivit\u00e0 termica, elevata duttilit\u00e0 e resistenza alla corrosione e ha buone caratteristiche di fusione e formatura. Grazie alla sua elevata conduttivit\u00e0 termica e resistenza alla corrosione, ha buone prospettive di applicazione nell&#8217;ingegneria elettronica e meccanica, nonch\u00e9 nei campi medici laser. I target in lega di silicio e alluminio possono essere utilizzati per la saldatura laser, la produzione additiva e altri scopi. VIMATERIAL utilizza alluminio e silicio ad alta purezza come materie prime. Dopo la macinazione fine, la miscelazione e l&#8217;alta temperatura e l&#8217;alta pressione, si ottengono bersagli in lega di alluminio e silicio. I prodotti presentano i vantaggi di un&#8217;ampia gamma di rapporti di composizione (il contenuto di alluminio \u00e8 10at %~99at%), elevata purezza e densit\u00e0, grani fini e uniformi e lunga durata.  <\/p>\n<h2><span style=\"font-size: 14pt;\">Caratteristiche della lega di silicio e alluminio:<\/span><\/h2>\n<p>Formula molecolare: AISi Densit\u00e0: 2,6~2,7 g\/cm3 Conducibilit\u00e0 termica: 101~126 W\/(m\u00b7\u00b0C) Modulo di Young: 71,0GPa Valore di impatto: 7~8,5J Limite di fatica: \u00b145MPa. Purezza: 99,9%, 99,95%, 99,99% Forma: bersaglio piatto, bersaglio rotante, bersaglio di forma speciale Dimensioni: elaborato secondo disegni o personalizzato da altri Possiamo anche fornire blocchi di lega di alluminio silicio, lingotti di lega di alluminio silicio, polvere di lega di alluminio silicio, ecc.<\/p>\n<h2><span style=\"font-size: 14pt;\">Caratteristiche dei bersagli in lega di silicio e alluminio<\/span><\/h2>\n<p>I bersagli in lega di silicio e alluminio hanno una buona resistenza alla corrosione, un&#8217;elevata durezza alla trazione, un alto punto di fusione, una buona resistenza allo scorrimento e resistivit\u00e0, resistenza al calore e resistenza agli urti. Inoltre, ha anche buone prestazioni alle alte temperature, pu\u00f2 resistere a punti di fusione pi\u00f9 elevati e resistenza al calore fino a oltre 1200 \u00b0C. <\/p>\n<h2><span style=\"font-size: 14pt;\">Applicazione di target in lega di <\/span><span style=\"font-size: 14pt;\">silicio <\/span><span style=\"font-size: 14pt;\">e alluminio<\/span><\/h2>\n<p><strong>Campo dei semiconduttori <\/strong>: Nell&#8217;industria dei semiconduttori, i bersagli di alluminio e silicio vengono utilizzati come materiali per la produzione di circuiti integrati. Facendo evaporare i bersagli di alluminio e silicio sulla superficie dei wafer, \u00e8 possibile formare strati di composti di alluminio e silicio per la produzione di dispositivi semiconduttori di tipo p e n. Inoltre, i bersagli di alluminio silicio possono essere utilizzati anche per generare rivestimenti in nitruro di alluminio per migliorare le prestazioni e l&#8217;affidabilit\u00e0 dei circuiti integrati. <strong> Campo chimico <\/strong>: In campo chimico, i bersagli di alluminio e silicio vengono utilizzati per produrre condensatori elettrolitici. I bersagli in alluminio silicio ad alte prestazioni sono materie prime importanti per la produzione di condensatori elettrolitici, che possono migliorare la sicurezza, l&#8217;affidabilit\u00e0 e le prestazioni di capacit\u00e0 dei condensatori elettrolitici. <strong> Campo aerospaziale<\/strong>: i bersagli in lega di silicio e alluminio sono ampiamente utilizzati anche nel campo aerospaziale, utilizzati principalmente per produrre materiali di rivestimento anticorrosivo per satelliti e razzi. Pu\u00f2 migliorare la resistenza alla corrosione e la resistenza al calore delle apparecchiature in ambienti ad altissima temperatura. <strong> Materiali di imballaggio elettronico<\/strong>: i target in lega di silicio e alluminio vengono utilizzati per preparare vari materiali in lega ad alta purezza, come materiali di imballaggio elettronici e telai di piombo per circuiti integrati. Inoltre, \u00e8 anche ampiamente utilizzato nell&#8217;industria del rivestimento del vetro di grandi dimensioni, nel vetro a bassa radiazione Low-E, nel vetro antigraffio e antiriflesso, nel vetro per display a schermo piatto, nell&#8217;ottica, nelle comunicazioni ottiche e nelle industrie di archiviazione ottica.  <\/p>\n","protected":false},"excerpt":{"rendered":"<p>Il bersaglio in lega di silicio e alluminio \u00e8 un metallo con alto punto di fusione, elevata conduttivit\u00e0 termica, elevata duttilit\u00e0 e resistenza alla corrosione e ha buone caratteristiche di fusione e formatura. Grazie alla sua elevata conduttivit\u00e0 termica e resistenza alla corrosione, ha buone prospettive di applicazione nell&#8217;ingegneria elettronica e meccanica, nonch\u00e9 nei campi [&hellip;]<\/p>\n","protected":false},"featured_media":1040510,"comment_status":"open","ping_status":"closed","template":"","meta":{"_acf_changed":false},"product_brand":[],"product_cat":[197],"product_tag":[],"class_list":{"0":"post-1010972","1":"product","2":"type-product","3":"status-publish","4":"has-post-thumbnail","6":"product_cat-obiettivi-di-sputtering-planari","8":"first","9":"instock","10":"shipping-taxable","11":"purchasable","12":"product-type-variable"},"acf":[],"_links":{"self":[{"href":"https:\/\/vimaterial.de\/it\/wp-json\/wp\/v2\/product\/1010972","targetHints":{"allow":["GET"]}}],"collection":[{"href":"https:\/\/vimaterial.de\/it\/wp-json\/wp\/v2\/product"}],"about":[{"href":"https:\/\/vimaterial.de\/it\/wp-json\/wp\/v2\/types\/product"}],"replies":[{"embeddable":true,"href":"https:\/\/vimaterial.de\/it\/wp-json\/wp\/v2\/comments?post=1010972"}],"wp:featuredmedia":[{"embeddable":true,"href":"https:\/\/vimaterial.de\/it\/wp-json\/wp\/v2\/media\/1040510"}],"wp:attachment":[{"href":"https:\/\/vimaterial.de\/it\/wp-json\/wp\/v2\/media?parent=1010972"}],"wp:term":[{"taxonomy":"product_brand","embeddable":true,"href":"https:\/\/vimaterial.de\/it\/wp-json\/wp\/v2\/product_brand?post=1010972"},{"taxonomy":"product_cat","embeddable":true,"href":"https:\/\/vimaterial.de\/it\/wp-json\/wp\/v2\/product_cat?post=1010972"},{"taxonomy":"product_tag","embeddable":true,"href":"https:\/\/vimaterial.de\/it\/wp-json\/wp\/v2\/product_tag?post=1010972"}],"curies":[{"name":"wp","href":"https:\/\/api.w.org\/{rel}","templated":true}]}}