{"id":1010897,"date":"2024-06-17T14:12:40","date_gmt":"2024-06-17T06:12:40","guid":{"rendered":"https:\/\/vimaterial.de\/product\/tetraboruro-di-silicio\/"},"modified":"2024-12-19T15:42:20","modified_gmt":"2024-12-19T07:42:20","slug":"tetraboruro-di-silicio","status":"publish","type":"product","link":"https:\/\/vimaterial.de\/it\/product\/tetraboruro-di-silicio\/","title":{"rendered":"Tetraboruro di silicio"},"content":{"rendered":"<p>Il tetraboruro di silicio \u00e8 un composto inorganico con la formula chimica SiB4, che ha le caratteristiche di elevata durezza e resistenza alle alte temperature.Il tetraboruro di silicio \u00e8 secondo solo al diamante per la sua durezza, il che lo rende un importante valore applicativo nell&#8217;industria. <\/p>\n<h2><span style=\"font-size: 14pt;\">Propriet\u00e0<\/span><\/h2>\n<p>Formula chimica: SiB\u2084 Colore: solido refrattario grigio Densit\u00e0: 2,34 g\/cm\u00b3 Punto di fusione: 1870 \u00b0C Durezza: equivalente al carburo di boro, secondo solo al diamante (materiale estremamente duro) Il tetraboruro di silicio \u00e8 stabile ad alta temperatura, insolubile in acqua e ha le caratteristiche di resistenza all&#8217;ossidazione, resistenza agli shock termici e resistenza alla corrosione chimica, in particolare elevata resistenza e stabilit\u00e0 in caso di shock termico. Queste caratteristiche lo rendono performante in ambienti ad alta temperatura.<\/p>\n<h2><span style=\"font-size: 14pt;\">Produzione<\/span><\/h2>\n<p>Il tetraboruro di silicio viene solitamente sintetizzato con i seguenti metodi: Reazione diretta di silicio elementare e boro ad alta temperatura. Riduzione carbotermica dell&#8217;ossido di boro e del biossido di silicio in presenza di carbonio.<\/p>\n<h2><span style=\"font-size: 14pt;\">Applicazione<\/span><\/h2>\n<h3><span style=\"font-size: 12pt;\">Nei componenti elettronici<\/span><\/h3>\n<p>Il boruro di silicio \u00e8 un materiale comunemente usato nei componenti elettronici e pu\u00f2 essere utilizzato per produrre dispositivi come diodi e transistor. Il boruro di silicio presenta i vantaggi della stabilit\u00e0 alle alte temperature, dell&#8217;elevata durezza, della resistenza alla corrosione, del basso coefficiente di dilatazione termica, ecc. E ha buone prestazioni in ambienti ad alta temperatura e alta pressione. Pertanto, il boruro di silicio \u00e8 ampiamente utilizzato nell&#8217;aviazione, nei semiconduttori, nell&#8217;energia e in altri campi.  <\/p>\n<h3><span style=\"font-size: 12pt;\">Nella metallurgia<\/span><\/h3>\n<p>Il boruro di silicio pu\u00f2 essere utilizzato come additivo nella metallurgia delle terre rare, nella fusione di leghe speciali e nella produzione di ceramiche. Il boruro di silicio pu\u00f2 formare boruri con i metalli, che possono migliorare la durezza e la resistenza della lega e ridurre il coefficiente di dilatazione della lega, rendendo il materiale meno soggetto a deformarsi. <\/p>\n<h3><span style=\"font-size: 12pt;\">In ceramica<\/span><\/h3>\n<p>Il boruro di silicio \u00e8 un materiale ceramico di alta qualit\u00e0 ed \u00e8 ampiamente utilizzato nella produzione di ceramica. Le ceramiche al boruro di silicio hanno una buona resistenza alla corrosione, stabilit\u00e0 alle alte temperature, elevata durezza e bassa densit\u00e0. La ceramica al boruro di silicio pu\u00f2 essere utilizzata nell&#8217;aviazione, nell&#8217;industria chimica, nell&#8217;energia, nei macchinari e in altri campi, come le pale dei motori degli aerei, i materiali isolanti per i forni a vuoto, le parti meccaniche, ecc.  <\/p>\n","protected":false},"excerpt":{"rendered":"<p>Il tetraboruro di silicio \u00e8 un composto inorganico con la formula chimica SiB4, che ha le caratteristiche di elevata durezza e resistenza alle alte temperature.Il tetraboruro di silicio \u00e8 secondo solo al diamante per la sua durezza, il che lo rende un importante valore applicativo nell&#8217;industria. Propriet\u00e0 Formula chimica: SiB\u2084 Colore: solido refrattario grigio Densit\u00e0: [&hellip;]<\/p>\n","protected":false},"featured_media":999774,"comment_status":"open","ping_status":"closed","template":"","meta":{"_acf_changed":false},"product_brand":[],"product_cat":[202],"product_tag":[],"class_list":{"0":"post-1010897","1":"product","2":"type-product","3":"status-publish","4":"has-post-thumbnail","6":"product_cat-materiali-c-n-b-si","8":"first","9":"instock","10":"shipping-taxable","11":"product-type-variable"},"acf":[],"_links":{"self":[{"href":"https:\/\/vimaterial.de\/it\/wp-json\/wp\/v2\/product\/1010897","targetHints":{"allow":["GET"]}}],"collection":[{"href":"https:\/\/vimaterial.de\/it\/wp-json\/wp\/v2\/product"}],"about":[{"href":"https:\/\/vimaterial.de\/it\/wp-json\/wp\/v2\/types\/product"}],"replies":[{"embeddable":true,"href":"https:\/\/vimaterial.de\/it\/wp-json\/wp\/v2\/comments?post=1010897"}],"wp:featuredmedia":[{"embeddable":true,"href":"https:\/\/vimaterial.de\/it\/wp-json\/wp\/v2\/media\/999774"}],"wp:attachment":[{"href":"https:\/\/vimaterial.de\/it\/wp-json\/wp\/v2\/media?parent=1010897"}],"wp:term":[{"taxonomy":"product_brand","embeddable":true,"href":"https:\/\/vimaterial.de\/it\/wp-json\/wp\/v2\/product_brand?post=1010897"},{"taxonomy":"product_cat","embeddable":true,"href":"https:\/\/vimaterial.de\/it\/wp-json\/wp\/v2\/product_cat?post=1010897"},{"taxonomy":"product_tag","embeddable":true,"href":"https:\/\/vimaterial.de\/it\/wp-json\/wp\/v2\/product_tag?post=1010897"}],"curies":[{"name":"wp","href":"https:\/\/api.w.org\/{rel}","templated":true}]}}