{"id":1010878,"date":"2024-06-17T14:12:44","date_gmt":"2024-06-17T06:12:44","guid":{"rendered":"https:\/\/vimaterial.de\/product\/carburo-di-silicio-4\/"},"modified":"2024-12-23T15:42:03","modified_gmt":"2024-12-23T07:42:03","slug":"carburo-di-silicio-4","status":"publish","type":"product","link":"https:\/\/vimaterial.de\/it\/product\/carburo-di-silicio-4\/","title":{"rendered":"Carburo di silicio"},"content":{"rendered":"<p>Il carburo di silicio, con formula chimica SiC, \u00e8 un composto formato da elementi di carbonio e silicio legati da forti legami covalenti. Questo materiale esiste in natura sotto forma del raro minerale moissanite, ma \u00e8 pi\u00f9 spesso ottenuto attraverso la sintesi artificiale. Il carburo di silicio ha una variet\u00e0 di strutture cristalline, tra cui \u03b1-SiC (sistema esagonale) e \u03b2-SiC (sistema cubico) sono le pi\u00f9 comuni. VIMATERIAL \u00e8 specializzata nella produzione di carburo di silicio ad alta purezza, nano carburo di silicio, granuli di carburo di silicio e bersagli in carburo di silicio. Se ne hai bisogno, contattaci.  <\/p>\n<h2><span style=\"font-size: 14pt;\">Prestazione:<\/span><\/h2>\n<p>Stabilit\u00e0 alle alte temperature: il carburo di silicio ha un&#8217;eccellente stabilit\u00e0 alle alte temperature e pu\u00f2 mantenere la stabilit\u00e0 strutturale a temperature fino a 2000\u00b0C senza fondersi. Resistenza alla corrosione: il carburo di silicio ha una buona resistenza alla corrosione a una variet\u00e0 di mezzi chimici, inclusi acidi, alcali, sali, ecc. Elevata durezza e resistenza all&#8217;usura: il SiC ha una durezza seconda al diamante e ha un&#8217;elevata resistenza all&#8217;usura, che lo rende un materiale abrasivo e da taglio ideale. Elevata conducibilit\u00e0 termica: la conduttivit\u00e0 termica del carburo di silicio \u00e8 molto pi\u00f9 alta di quella del silicio, superando anche quella di alcuni materiali metallici, in modo che possa comunque mantenere eccellenti prestazioni di dissipazione del calore in ambienti ad alta temperatura. Ampia struttura a banda proibita: la larghezza della banda proibita del carburo di silicio \u00e8 maggiore di quella del silicio e pu\u00f2 resistere a tensioni e temperature pi\u00f9 elevate, il che lo rende potenzialmente utile nell&#8217;elettronica di potenza e nei dispositivi optoelettronici.<\/p>\n<h2><span style=\"font-size: 14pt;\">Applicazioni:<\/span><\/h2>\n<p>1. Elettronica di potenza Il carburo di silicio \u00e8 pi\u00f9 ampiamente utilizzato nel campo dell&#8217;elettronica di potenza, principalmente in componenti elettronici come trasformatori di potenza, condensatori di potenza, induttori, interruttori di potenza, IGBT (transistor bipolari a gate isolato), ecc. Tra questi, l&#8217;IGBT \u00e8 un importante traguardo nella ricerca e nello sviluppo del SiC. Pu\u00f2 resistere all&#8217;alta tensione e all&#8217;alta corrente ed \u00e8 stato ampiamente utilizzato in prodotti di fascia alta come i condizionatori d&#8217;aria a frequenza variabile a risparmio energetico. 2. Campo dei semiconduttori Il carburo di silicio \u00e8 diventato anche uno dei nuovi materiali chiave nel campo dei semiconduttori ed \u00e8 stato applicato con successo in chip LED, pannelli solari e altri campi. Il carburo di silicio pu\u00f2 resistere alle alte temperature e alle alte pressioni e ha un&#8217;elevata mobilit\u00e0 degli elettroni, che lo rende superiore ai materiali convenzionali e pu\u00f2 essere ampiamente utilizzato nel campo dei semiconduttori. 3. Industria meccanica Il carburo di silicio \u00e8 ampiamente utilizzato nell&#8217;industria meccanica e pu\u00f2 essere utilizzato per produrre parti meccaniche con elevata durezza, alta resistenza, elevata tenacit\u00e0, elevata resistenza all&#8217;usura e alta conduttivit\u00e0 termica. La ceramica SiC ha un&#8217;eccellente durata di inversione termica e resistenza meccanica e sono ampiamente utilizzate nell&#8217;industria siderurgica, chimica e in altre industrie. 4. Altri campi Oltre ai tre campi di cui sopra, il carburo di silicio \u00e8 ampiamente utilizzato anche nel petrolchimico, nell&#8217;industria nucleare, nella produzione di dischi, nell&#8217;aerospaziale e in altri campi. Ad esempio, le valvole a spillo in carburo di silicio possono funzionare in ambienti difficili come alte temperature e alta pressione e sono state ampiamente utilizzate nell&#8217;industria petrolchimica.<\/p>\n","protected":false},"excerpt":{"rendered":"<p>Il carburo di silicio, con formula chimica SiC, \u00e8 un composto formato da elementi di carbonio e silicio legati da forti legami covalenti. Questo materiale esiste in natura sotto forma del raro minerale moissanite, ma \u00e8 pi\u00f9 spesso ottenuto attraverso la sintesi artificiale. Il carburo di silicio ha una variet\u00e0 di strutture cristalline, tra cui [&hellip;]<\/p>\n","protected":false},"featured_media":1039384,"comment_status":"open","ping_status":"closed","template":"","meta":{"_acf_changed":false},"product_brand":[],"product_cat":[198],"product_tag":[],"class_list":{"0":"post-1010878","1":"product","2":"type-product","3":"status-publish","4":"has-post-thumbnail","6":"product_cat-materiali-per-levaporazione","8":"first","9":"instock","10":"shipping-taxable","11":"purchasable","12":"product-type-variable"},"acf":[],"_links":{"self":[{"href":"https:\/\/vimaterial.de\/it\/wp-json\/wp\/v2\/product\/1010878","targetHints":{"allow":["GET"]}}],"collection":[{"href":"https:\/\/vimaterial.de\/it\/wp-json\/wp\/v2\/product"}],"about":[{"href":"https:\/\/vimaterial.de\/it\/wp-json\/wp\/v2\/types\/product"}],"replies":[{"embeddable":true,"href":"https:\/\/vimaterial.de\/it\/wp-json\/wp\/v2\/comments?post=1010878"}],"wp:featuredmedia":[{"embeddable":true,"href":"https:\/\/vimaterial.de\/it\/wp-json\/wp\/v2\/media\/1039384"}],"wp:attachment":[{"href":"https:\/\/vimaterial.de\/it\/wp-json\/wp\/v2\/media?parent=1010878"}],"wp:term":[{"taxonomy":"product_brand","embeddable":true,"href":"https:\/\/vimaterial.de\/it\/wp-json\/wp\/v2\/product_brand?post=1010878"},{"taxonomy":"product_cat","embeddable":true,"href":"https:\/\/vimaterial.de\/it\/wp-json\/wp\/v2\/product_cat?post=1010878"},{"taxonomy":"product_tag","embeddable":true,"href":"https:\/\/vimaterial.de\/it\/wp-json\/wp\/v2\/product_tag?post=1010878"}],"curies":[{"name":"wp","href":"https:\/\/api.w.org\/{rel}","templated":true}]}}