{"id":1010874,"date":"2024-06-17T14:12:44","date_gmt":"2024-06-17T06:12:44","guid":{"rendered":"https:\/\/vimaterial.de\/product\/esaboruro-di-silicio\/"},"modified":"2024-12-19T16:00:42","modified_gmt":"2024-12-19T08:00:42","slug":"esaboruro-di-silicio","status":"publish","type":"product","link":"https:\/\/vimaterial.de\/it\/product\/esaboruro-di-silicio\/","title":{"rendered":"Esabouro di silicio"},"content":{"rendered":"<p>L&#8217;esaboruro di silicio (SiB\u2086) \u00e8 un altro boruro di silicio insolubile in acqua, resistente all&#8217;ossidazione, agli shock termici e all&#8217;erosione chimica. Ha un&#8217;elevata resistenza e stabilit\u00e0 in caso di shock termico e ha un&#8217;efficienza di macinazione superiore rispetto al carburo di boro e superiore al carburo di silicio. VIMATERIAL fornisce anche <span style=\"color: #0000ff;\"><a style=\"color: #0000ff;\" href=\"https:\/\/vimaterial.de\/en\/product\/silicon-tetraboride\/\">tetraboruro di silicio (SiB<sub>4<\/sub>).<\/a><\/span> <\/p>\n<h2><span style=\"font-size: 14pt;\">Propriet\u00e0 dell&#8217;esaboruro di silicio<\/span><\/h2>\n<p>Formula chimica: SiB<sub>6<\/sub><\/p>\n<p>Colore: polvere grigio nero Densit\u00e0: 3,0 g\/cm\u00b3 Punto di fusione: 2200\u00b0C Insolubile in acqua, resistente all&#8217;ossidazione, agli shock termici e alla corrosione chimica, in particolare con elevata resistenza e stabilit\u00e0 in caso di shock termico; L&#8217;efficienza di macinazione \u00e8 superiore a quella del carburo di boro.<\/p>\n<h2><span style=\"font-size: 14pt;\">Caratteristiche dell&#8217;esaboruro di silicio<\/span><\/h2>\n<p>Elevata trasparenza, basso coefficiente di dilatazione termica, buona stabilit\u00e0 chimica, eccellente resistenza agli shock termici e resistenza alla corrosione, nonch\u00e9 buona resistenza meccanica e propriet\u00e0 di isolamento elettrico, antiossidazione, antishock termico, antierosione chimica.<\/p>\n<h2><span style=\"font-size: 14pt;\">Applicazione dell&#8217;esaboruro di silicio<\/span><\/h2>\n<h3><span style=\"font-size: 12pt;\">Nei componenti elettronici<\/span><\/h3>\n<p>Il boruro di silicio \u00e8 un materiale comunemente usato nei componenti elettronici e pu\u00f2 essere utilizzato per produrre dispositivi come diodi e transistor. Il boruro di silicio presenta i vantaggi della stabilit\u00e0 alle alte temperature, dell&#8217;elevata durezza, della resistenza alla corrosione, del basso coefficiente di dilatazione termica, ecc. E ha buone prestazioni in ambienti ad alta temperatura e alta pressione. Pertanto, il boruro di silicio \u00e8 ampiamente utilizzato nell&#8217;aviazione, nei semiconduttori, nell&#8217;energia e in altri campi.  <\/p>\n<h3><span style=\"font-size: 12pt;\">Nella metallurgia<\/span><\/h3>\n<p>Il boruro di silicio pu\u00f2 essere utilizzato come additivo nella metallurgia delle terre rare, nella fusione di leghe speciali e nella produzione di ceramiche. Il boruro di silicio pu\u00f2 formare boruri con i metalli, che possono migliorare la durezza e la resistenza della lega e ridurre il coefficiente di dilatazione della lega, rendendo il materiale meno soggetto a deformarsi. <\/p>\n<h3><span style=\"font-size: 12pt;\">In ceramica<\/span><\/h3>\n<p>Il boruro di silicio \u00e8 un materiale ceramico di alta qualit\u00e0 ed \u00e8 ampiamente utilizzato nella produzione di ceramica. Le ceramiche al boruro di silicio hanno una buona resistenza alla corrosione, stabilit\u00e0 alle alte temperature, elevata durezza e bassa densit\u00e0. La ceramica al boruro di silicio pu\u00f2 essere utilizzata nell&#8217;aviazione, nell&#8217;industria chimica, nell&#8217;energia, nei macchinari e in altri campi, come le pale dei motori degli aerei, i materiali isolanti per i forni a vuoto, le parti meccaniche, ecc.  <\/p>\n","protected":false},"excerpt":{"rendered":"<p>L&#8217;esaboruro di silicio (SiB\u2086) \u00e8 un altro boruro di silicio insolubile in acqua, resistente all&#8217;ossidazione, agli shock termici e all&#8217;erosione chimica. Ha un&#8217;elevata resistenza e stabilit\u00e0 in caso di shock termico e ha un&#8217;efficienza di macinazione superiore rispetto al carburo di boro e superiore al carburo di silicio. VIMATERIAL fornisce anche tetraboruro di silicio (SiB4). [&hellip;]<\/p>\n","protected":false},"featured_media":999781,"comment_status":"open","ping_status":"closed","template":"","meta":{"_acf_changed":false},"product_brand":[],"product_cat":[202],"product_tag":[],"class_list":{"0":"post-1010874","1":"product","2":"type-product","3":"status-publish","4":"has-post-thumbnail","6":"product_cat-materiali-c-n-b-si","8":"first","9":"instock","10":"shipping-taxable","11":"purchasable","12":"product-type-variable"},"acf":[],"_links":{"self":[{"href":"https:\/\/vimaterial.de\/it\/wp-json\/wp\/v2\/product\/1010874","targetHints":{"allow":["GET"]}}],"collection":[{"href":"https:\/\/vimaterial.de\/it\/wp-json\/wp\/v2\/product"}],"about":[{"href":"https:\/\/vimaterial.de\/it\/wp-json\/wp\/v2\/types\/product"}],"replies":[{"embeddable":true,"href":"https:\/\/vimaterial.de\/it\/wp-json\/wp\/v2\/comments?post=1010874"}],"wp:featuredmedia":[{"embeddable":true,"href":"https:\/\/vimaterial.de\/it\/wp-json\/wp\/v2\/media\/999781"}],"wp:attachment":[{"href":"https:\/\/vimaterial.de\/it\/wp-json\/wp\/v2\/media?parent=1010874"}],"wp:term":[{"taxonomy":"product_brand","embeddable":true,"href":"https:\/\/vimaterial.de\/it\/wp-json\/wp\/v2\/product_brand?post=1010874"},{"taxonomy":"product_cat","embeddable":true,"href":"https:\/\/vimaterial.de\/it\/wp-json\/wp\/v2\/product_cat?post=1010874"},{"taxonomy":"product_tag","embeddable":true,"href":"https:\/\/vimaterial.de\/it\/wp-json\/wp\/v2\/product_tag?post=1010874"}],"curies":[{"name":"wp","href":"https:\/\/api.w.org\/{rel}","templated":true}]}}