{"id":1010845,"date":"2024-06-17T14:12:45","date_gmt":"2024-06-17T06:12:45","guid":{"rendered":"https:\/\/vimaterial.de\/product\/carburo-di-silicio-3\/"},"modified":"2024-12-23T16:09:43","modified_gmt":"2024-12-23T08:09:43","slug":"carburo-di-silicio-3","status":"publish","type":"product","link":"https:\/\/vimaterial.de\/it\/product\/carburo-di-silicio-3\/","title":{"rendered":"Carburo di silicio"},"content":{"rendered":"<p>Il carburo di silicio (SiC) \u00e8 un materiale semiconduttore ad ampia banda proibita con durezza estremamente elevata, stabilit\u00e0 termica ed eccellente conduttivit\u00e0 elettrica ed \u00e8 ampiamente utilizzato in molti campi di fascia alta.<\/p>\n<h2><span style=\"font-size: 14pt;\">Propriet\u00e0:<\/span><\/h2>\n<p>Durezza e resistenza all&#8217;usura: il SiC ha una durezza estremamente elevata, che gli consente di resistere all&#8217;impatto di particelle ad alta energia durante il processo di preparazione del film. Il materiale target deve avere una resistenza meccanica e all&#8217;usura sufficienti per garantire che non vi sia un&#8217;usura eccessiva o crepe durante l&#8217;uso a lungo termine. Stabilit\u00e0 termica: l&#8217;elevato punto di fusione e l&#8217;eccellente conduttivit\u00e0 termica del SiC gli consentono di funzionare bene in ambienti ad alta temperatura. Questo \u00e8 particolarmente adatto per applicazioni in dispositivi elettronici ad alta potenza e strati di pellicole ottiche. Le dimensioni e la forma del materiale target devono adattarsi al coefficiente di dilatazione ad alte temperature per garantire la stabilit\u00e0 durante il processo di preparazione e la qualit\u00e0 del film. Conducibilit\u00e0 elettrica e propriet\u00e0 ottiche: la conducibilit\u00e0 elettrica del SiC lo rende particolarmente utilizzato nel campo dei semiconduttori e le sue propriet\u00e0 trasparenti hanno anche importanti applicazioni nei rivestimenti ottici. Ci\u00f2 richiede che il materiale target sia coerente nelle dimensioni e nella morfologia per garantire l&#8217;uniformit\u00e0 delle propriet\u00e0 elettriche e ottiche del film. Le dimensioni e la forma dei bersagli sputtering in carburo di silicio hanno un impatto cruciale sulle caratteristiche di cui sopra, in particolare nei requisiti specifici per le dimensioni del bersaglio nei settori dei dispositivi a semiconduttore, dell&#8217;elettronica ad alta potenza, delle pellicole ottiche, ecc.<\/p>\n<h2><span style=\"font-size: 14pt;\">Dimensioni e forma del bersaglio:<\/span><\/h2>\n<p>Le dimensioni e le forme comuni dei bersagli di sputtering in carburo di silicio includono bersagli rotondi, rettangolari e quadrati. Applicazioni diverse richiedono dimensioni e forme diverse: <\/p>\n<h3><span style=\"font-size: 12pt;\">Dimensione target standard:<\/span><\/h3>\n<p>Di solito, il diametro dei bersagli di sputtering in carburo di silicio varia da 50 mm a 400 mm e lo spessore varia generalmente da 5 mm a 20 mm. La dimensione standard dipende dalle specifiche dell&#8217;apparecchiatura di sputtering e dai requisiti di deposizione. <\/p>\n<h3><span style=\"font-size: 12pt;\">Forme target comuni:<\/span><\/h3>\n<p>Bersagli circolari: La forma pi\u00f9 comune, ampiamente utilizzata nel campo dei semiconduttori e dei rivestimenti ottici. Bersagli rettangolari: utilizzati per attrezzature speciali o produzioni personalizzate, in particolare per il rivestimento di grandi aree o i requisiti di dispositivi ad alta potenza. Bersagli quadrati: utilizzati principalmente per esperimenti specifici o per la preparazione di film sottili ad alta efficienza. Le dimensioni e la forma del bersaglio hanno un impatto significativo sull&#8217;uniformit\u00e0 della superficie del bersaglio, sull&#8217;efficienza dello sputtering e sulla qualit\u00e0 del film. Garantire la coerenza di questi standard dimensionali \u00e8 la base per garantire le prestazioni del film e la stabilit\u00e0 dell&#8217;apparecchiatura.<\/p>\n<h2><span style=\"font-size: 14pt;\">Applicazione di bersagli sputtering in carburo di silicio<\/span><\/h2>\n<h3><span style=\"font-size: 12pt;\">Industria della microelettronica e dei semiconduttori<\/span><\/h3>\n<p>Produzione di circuiti integrati: i bersagli in carburo di silicio svolgono un ruolo chiave nella produzione di circuiti integrati ad alte prestazioni. La sua elevata conduttivit\u00e0 termica e stabilit\u00e0 chimica rendono il carburo di silicio un materiale di substrato ideale, che aiuta a migliorare le prestazioni e l&#8217;affidabilit\u00e0 dei circuiti integrati. Dispositivi di potenza: nei dispositivi elettronici di potenza, l&#8217;applicazione di bersagli sputtering in carburo di silicio pu\u00f2 migliorare significativamente l&#8217;efficienza e la resistenza alla temperatura dei dispositivi. Le caratteristiche di ampia banda proibita del carburo di silicio gli consentono di esibire prestazioni eccellenti quando opera ad alte temperature, alte tensioni e alte frequenze, il che \u00e8 particolarmente importante per i settori della conversione dell&#8217;energia, dell&#8217;automotive e dell&#8217;aviazione. Dispositivi RF: anche i bersagli sputtering in carburo di silicio svolgono un ruolo importante nella produzione di dispositivi RF. L&#8217;eccellente mobilit\u00e0 degli elettroni e la stabilit\u00e0 termica rendono il carburo di silicio un materiale ideale per la produzione di dispositivi RF ad alte prestazioni come amplificatori di potenza e filtri RF. <\/p>\n<h3><span style=\"font-size: 12pt;\">Industria fotovoltaica<\/span><\/h3>\n<p>Celle solari: i bersagli sputtering in carburo di silicio mostrano un grande potenziale nella produzione di celle solari ad alta efficienza. Non solo pu\u00f2 migliorare l&#8217;efficienza di conversione delle celle solari, ma anche migliorare la durata e la stabilit\u00e0 delle celle in ambienti estremi. Celle solari a film sottile: l&#8217;applicazione del carburo di silicio \u00e8 stata estesa anche alla produzione di celle solari a film sottile. Pu\u00f2 essere utilizzato come strato tampone o strato finestra per celle solari a film sottile per migliorare le prestazioni della cella complessiva. <\/p>\n<h3><span style=\"font-size: 12pt;\">Altri settori<\/span><\/h3>\n<p>Applicazioni ottiche: i bersagli sputtering in carburo di silicio sono ampiamente utilizzati nella produzione di componenti ottici ad alte prestazioni grazie al loro elevato indice di rifrazione e resistenza all&#8217;usura. Questi componenti sono ampiamente utilizzati negli strumenti di misura aerospaziali, militari e di alta precisione. Militare e aerospaziale: l&#8217;elevata resistenza e la resistenza alle alte temperature del carburo di silicio lo rendono utilizzato nella produzione di componenti strutturali resistenti alle alte temperature e sistemi di protezione termica in campo militare e aerospaziale. Materiali ceramici avanzati: l&#8217;elevata durezza e resistenza all&#8217;usura dei bersagli sputtering in carburo di silicio li rendono ideali per la produzione di materiali ceramici avanzati, che hanno importanti applicazioni nei settori industriale, automobilistico ed energetico. I bersagli di sputtering in carburo di silicio hanno in genere un diametro compreso tra 50 mm e 400 mm e gli spessori variano generalmente da 5 mm a 20 mm. Le dimensioni standard dipendono dalle specifiche dell&#8217;attrezzatura di sputtering e dai requisiti di deposizione. <\/p>\n","protected":false},"excerpt":{"rendered":"<p>I bersagli di sputtering in carburo di silicio hanno in genere un diametro compreso tra 50 mm e 400 mm e gli spessori variano generalmente da 5 mm a 20 mm. Le dimensioni standard dipendono dalle specifiche dell&#8217;attrezzatura di sputtering e dai requisiti di deposizione. <\/p>\n","protected":false},"featured_media":1040535,"comment_status":"open","ping_status":"closed","template":"","meta":{"_acf_changed":false},"product_brand":[],"product_cat":[197],"product_tag":[],"class_list":{"0":"post-1010845","1":"product","2":"type-product","3":"status-publish","4":"has-post-thumbnail","6":"product_cat-obiettivi-di-sputtering-planari","8":"first","9":"instock","10":"shipping-taxable","11":"purchasable","12":"product-type-variable"},"acf":[],"_links":{"self":[{"href":"https:\/\/vimaterial.de\/it\/wp-json\/wp\/v2\/product\/1010845","targetHints":{"allow":["GET"]}}],"collection":[{"href":"https:\/\/vimaterial.de\/it\/wp-json\/wp\/v2\/product"}],"about":[{"href":"https:\/\/vimaterial.de\/it\/wp-json\/wp\/v2\/types\/product"}],"replies":[{"embeddable":true,"href":"https:\/\/vimaterial.de\/it\/wp-json\/wp\/v2\/comments?post=1010845"}],"wp:featuredmedia":[{"embeddable":true,"href":"https:\/\/vimaterial.de\/it\/wp-json\/wp\/v2\/media\/1040535"}],"wp:attachment":[{"href":"https:\/\/vimaterial.de\/it\/wp-json\/wp\/v2\/media?parent=1010845"}],"wp:term":[{"taxonomy":"product_brand","embeddable":true,"href":"https:\/\/vimaterial.de\/it\/wp-json\/wp\/v2\/product_brand?post=1010845"},{"taxonomy":"product_cat","embeddable":true,"href":"https:\/\/vimaterial.de\/it\/wp-json\/wp\/v2\/product_cat?post=1010845"},{"taxonomy":"product_tag","embeddable":true,"href":"https:\/\/vimaterial.de\/it\/wp-json\/wp\/v2\/product_tag?post=1010845"}],"curies":[{"name":"wp","href":"https:\/\/api.w.org\/{rel}","templated":true}]}}