{"id":1010794,"date":"2024-06-17T14:12:46","date_gmt":"2024-06-17T06:12:46","guid":{"rendered":"https:\/\/vimaterial.de\/product\/carburo-di-silicio\/"},"modified":"2024-12-23T17:17:20","modified_gmt":"2024-12-23T09:17:20","slug":"carburo-di-silicio","status":"publish","type":"product","link":"https:\/\/vimaterial.de\/it\/product\/carburo-di-silicio\/","title":{"rendered":"Carburo di silicio"},"content":{"rendered":"<p>I wafer di carburo di silicio sono fogli rotondi realizzati in SiC che sembrano simili ai wafer di silicio. \u00c8 un materiale semiconduttore molto importante con elevata durezza, resistenza al calore, resistenza alle radiazioni, resistenza alla corrosione e alta conduttivit\u00e0. I wafer SiC sono uno dei materiali chiave per la produzione di dispositivi elettronici ad alte prestazioni e possono offrire prestazioni eccellenti in ambienti ad alta temperatura, alto campo elettrico, alta frequenza e alta pressione. VIMATERIAL pu\u00f2 fornire wafer di carburo di silicio da 2~6 pollici. <\/p>\n<h2><span style=\"font-size: 14pt;\">Propriet\u00e0 <\/span><span style=\"font-size: 14pt;\">dei wafer di carburo di silicio<\/span><span style=\"font-size: 14pt;\">:<\/span><\/h2>\n<p>I wafer SiC hanno molte eccellenti propriet\u00e0 fisiche, chimiche ed elettriche, che li rendono ampiamente utilizzati in elettronica, optoelettronica, aerospaziale e altri campi. Le caratteristiche principali dei wafer di carburo di silicio includono: <strong>1. Forte stabilit\u00e0 alle alte temperature:<\/strong> i wafer SiC hanno una conducibilit\u00e0 termica e un&#8217;inerzia chimica estremamente elevate, possono mantenere la stabilit\u00e0 in ambienti ad alta temperatura e non sono soggetti a dilatazioni e deformazioni termiche. <strong>2. Elevata resistenza meccanica:<\/strong> i wafer SiC hanno un&#8217;elevata rigidit\u00e0 e resistenza e possono resistere a sollecitazioni elevate e carichi pesanti. <strong>3. Eccellenti propriet\u00e0 elettriche:<\/strong> le propriet\u00e0 elettriche dei wafer di carburo di silicio sono migliori di quelle dei materiali in silicio, con una maggiore conduttivit\u00e0 elettrica e mobilit\u00e0 degli elettroni e possono essere utilizzate per produrre dispositivi semiconduttori ad alta potenza e dispositivi elettronici ad alta frequenza. <strong>4. Eccellenti propriet\u00e0 ottiche:<\/strong> i wafer SiC hanno una buona trasmissione della luce e una forte resistenza alle radiazioni e possono essere utilizzati per produrre dispositivi optoelettronici e dispositivi solari. <\/p>\n<h2><span style=\"font-size: 14pt;\">Vantaggi dei wafer di carburo di silicio<\/span><\/h2>\n<p>I wafer SiC hanno una durezza maggiore e una migliore resistenza alla corrosione rispetto ai wafer di silicio e possono essere utilizzati per applicazioni in ambienti ad alta temperatura, alta pressione e chimicamente dannosi. Inoltre, i wafer di carburo di silicio hanno una migliore conduttivit\u00e0 termica e propriet\u00e0 elettriche e possono comunque mantenere una buona stabilit\u00e0 in ambienti ad alta temperatura. <\/p>\n<h2><span style=\"font-size: 14pt;\">Applicazione di wafer di carburo di silicio<\/span><\/h2>\n<p>Poich\u00e9 i wafer SiC hanno le eccellenti caratteristiche prestazionali sopra menzionate, sono ampiamente utilizzati in elettronica, optoelettronica, aerospaziale e altri campi. Le principali applicazioni includono: <strong>1. Produzione di dispositivi a semiconduttore ad alta potenza:<\/strong> i SiCwafer hanno caratteristiche come l&#8217;elevata stabilit\u00e0 termica e l&#8217;elevata conduttivit\u00e0 elettrica e possono essere utilizzati per produrre dispositivi a semiconduttore ad alta potenza come MOSFET di potenza, diodo Schottky, JFET, ecc. <strong>2. Produzione di dispositivi elettronici ad alta frequenza:<\/strong> i wafer SiC hanno un&#8217;elevata mobilit\u00e0 degli elettroni e possono essere utilizzati per produrre dispositivi elettronici ad alta frequenza, come transistor ad alta frequenza, transistor ad alta mobilit\u00e0 elettronica, ecc. <strong>3. Produzione di dispositivi optoelettronici:<\/strong> i wafer SiC hanno una buona trasmissione della luce e possono essere utilizzati per produrre dispositivi optoelettronici, come chip LED, diodi laser, ecc. <strong>4. Produzione di dispositivi solari:<\/strong> i wafer di carburo di silicio hanno una forte resistenza alle radiazioni e possono essere utilizzati per produrre dispositivi solari. <\/p>\n<p>&nbsp;<\/p>\n","protected":false},"excerpt":{"rendered":"<p>I wafer di carburo di silicio sono fogli rotondi realizzati in SiC che sembrano simili ai wafer di silicio. \u00c8 un materiale semiconduttore molto importante con elevata durezza, resistenza al calore, resistenza alle radiazioni, resistenza alla corrosione e alta conduttivit\u00e0. I wafer SiC sono uno dei materiali chiave per la produzione di dispositivi elettronici ad [&hellip;]<\/p>\n","protected":false},"featured_media":1031189,"comment_status":"open","ping_status":"closed","template":"","meta":{"_acf_changed":false},"product_brand":[],"product_cat":[198],"product_tag":[],"class_list":{"0":"post-1010794","1":"product","2":"type-product","3":"status-publish","4":"has-post-thumbnail","6":"product_cat-materiali-per-levaporazione","8":"first","9":"instock","10":"shipping-taxable","11":"product-type-variable"},"acf":[],"_links":{"self":[{"href":"https:\/\/vimaterial.de\/it\/wp-json\/wp\/v2\/product\/1010794","targetHints":{"allow":["GET"]}}],"collection":[{"href":"https:\/\/vimaterial.de\/it\/wp-json\/wp\/v2\/product"}],"about":[{"href":"https:\/\/vimaterial.de\/it\/wp-json\/wp\/v2\/types\/product"}],"replies":[{"embeddable":true,"href":"https:\/\/vimaterial.de\/it\/wp-json\/wp\/v2\/comments?post=1010794"}],"wp:featuredmedia":[{"embeddable":true,"href":"https:\/\/vimaterial.de\/it\/wp-json\/wp\/v2\/media\/1031189"}],"wp:attachment":[{"href":"https:\/\/vimaterial.de\/it\/wp-json\/wp\/v2\/media?parent=1010794"}],"wp:term":[{"taxonomy":"product_brand","embeddable":true,"href":"https:\/\/vimaterial.de\/it\/wp-json\/wp\/v2\/product_brand?post=1010794"},{"taxonomy":"product_cat","embeddable":true,"href":"https:\/\/vimaterial.de\/it\/wp-json\/wp\/v2\/product_cat?post=1010794"},{"taxonomy":"product_tag","embeddable":true,"href":"https:\/\/vimaterial.de\/it\/wp-json\/wp\/v2\/product_tag?post=1010794"}],"curies":[{"name":"wp","href":"https:\/\/api.w.org\/{rel}","templated":true}]}}