{"id":1010744,"date":"2024-06-17T14:24:38","date_gmt":"2024-06-17T06:24:38","guid":{"rendered":"https:\/\/vimaterial.de\/product\/carbonitruro-di-titanio-2\/"},"modified":"2025-04-18T16:38:34","modified_gmt":"2025-04-18T08:38:34","slug":"carbonitruro-di-titanio-2","status":"publish","type":"product","link":"https:\/\/vimaterial.de\/it\/product\/carbonitruro-di-titanio-2\/","title":{"rendered":"Carbonitruro di titanio"},"content":{"rendered":"<p><span style=\"color: #0000ff;\"><a style=\"color: #0000ff;\" href=\"https:\/\/vimaterial.de\/en\/product\/titanium-carbonitride-sputtering-target\/\">Carbonitruro di titanio<\/a><\/span> La polvere \u00e8 una polvere composta da titanio, carbonio e azoto con elevata durezza, buona resistenza all&#8217;usura, resistenza alle alte temperature e stabilit\u00e0 chimica, che pu\u00f2 essere utilizzata per la preparazione di un&#8217;ampia gamma di materiali come carburo cementato, rivestimenti per utensili, parti resistenti all&#8217;usura e altri materiali per migliorare le prestazioni dei materiali.<\/p>\n<p>VIMATERIAL \u00e8 un&#8217;azienda all&#8217;avanguardia nel settore dell&#8217;innovazione chimica dei materiali, specializzata in materiali ad alte prestazioni progettati per applicazioni ingegneristiche avanzate. I nostri prodotti sono di elevata purezza e qualit\u00e0, supportiamo l&#8217;imballaggio di piccoli lotti, il MOQ di piccoli prodotti, l&#8217;inventario sufficiente, la personalizzazione del supporto e siamo in grado di fornire un servizio di rilegatura mirata, se avete esigenze, vi preghiamo di <span style=\"color: #0000ff;\"><a style=\"color: #0000ff;\" href=\"https:\/\/vimaterial.de\/en\/contact-us\/\">contattarci.<\/a><\/span> <\/p>\n<h2><span style=\"font-size: 14pt;\">Applicazione<\/span><\/h2>\n<p>Preparazione del carburo cementato: le polveri di carbonitruro di titanio vengono utilizzate nella produzione di carburo cementato per aumentare significativamente la durezza e la resistenza all&#8217;usura delle leghe e per produrre utensili da taglio ad alta resistenza e utensili che possono essere utilizzati nella lavorazione dei metalli, nell&#8217;estrazione mineraria e in altri campi.<\/p>\n<p>Rivestimento dell&#8217;utensile: nel processo di rivestimento dell&#8217;utensile, le polveri di carbonitruro di titanio vengono applicate sulla superficie dell&#8217;utensile dopo un trattamento specifico, conferendo all&#8217;utensile una buona resistenza all&#8217;usura e alle alte temperature e prolungando significativamente la durata dell&#8217;utensile.<\/p>\n<p>Protezione della superficie metallica: per la protezione della superficie metallica, le polveri di carbonitruro di titanio formano un forte strato protettivo sulla superficie metallica, migliorando la resistenza del metallo alla corrosione, all&#8217;attrito e ad altri danni, che \u00e8 adatto per la protezione di componenti meccanici e automobilistici.<\/p>\n<p>Produzione di componenti elettronici: Nel campo della produzione di componenti elettronici, le polveri di carbonitruro di titanio possono essere utilizzate come materiale funzionale per la produzione di componenti elettronici con propriet\u00e0 elettriche speciali per soddisfare la domanda di alte prestazioni e miniaturizzazione delle apparecchiature elettroniche.<\/p>\n<p>Indurimento della ceramica: se aggiunte ai materiali ceramici, le polveri di carbonitruro di titanio possono indurire efficacemente la ceramica e migliorarne la fragilit\u00e0, conferendo alla ceramica un maggiore potenziale per l&#8217;uso nell&#8217;industria aerospaziale e ad alta temperatura.<\/p>\n<h2><span style=\"font-size: 14pt;\">Controllo qualit\u00e0<\/span><\/h2>\n<p><span style=\"color: #0000ff;\"><a style=\"color: #0000ff;\" href=\"https:\/\/vimaterial.de\/en\/quality-control\/\">I nostri prodotti<\/a><\/span> sono soggetti a un rigoroso sistema di gestione della qualit\u00e0. Dai materiali in entrata, alla lavorazione, all&#8217;ispezione finale all&#8217;ispezione in fabbrica, ci sono rigorosi standard di ispezione. Per la lavorazione non qualificata vengono adottate rigorose misure di isolamento per evitare che prodotti non qualificati fluiscano nel processo successivo. I campioni sono forniti per la ri-ispezione del cliente in base alle esigenze del cliente.   <\/p>\n<h2><span style=\"font-size: 14pt;\">Imballaggio e stoccaggio<\/span><\/h2>\n<p>Le polveri di carbonitruro di titanio sono confezionate in sacchetti o flaconi sottovuoto doppi e confezionate in cartoni.<\/p>\n<p>La polvere di carbonitruro di titanio deve essere conservata in un ambiente asciutto, fresco, ben ventilato e sigillato per evitare umidit\u00e0, ossidazione e sostanze corrosive come acidi e alcali, nonch\u00e9 per evitare una forte luce, forti vibrazioni e alte temperature, al fine di mantenere la sua stabilit\u00e0 chimica e le propriet\u00e0 fisiche.<\/p>\n","protected":false},"excerpt":{"rendered":"<p><span style=\"color: #0000ff;\"><a style=\"color: #0000ff;\" href=\"https:\/\/vimaterial.de\/en\/product\/titanium-carbonitride-sputtering-target\/\">Carbonitruro di titanio<\/a><\/span> La polvere \u00e8 una polvere composta da titanio, carbonio e azoto con elevata durezza, buona resistenza all&#8217;usura, resistenza alle alte temperature e stabilit\u00e0 chimica, che pu\u00f2 essere utilizzata per la preparazione di un&#8217;ampia gamma di materiali come carburo cementato, rivestimenti per utensili, parti resistenti all&#8217;usura e altri materiali per migliorare le prestazioni dei materiali.<\/p>\n","protected":false},"featured_media":1000628,"comment_status":"open","ping_status":"closed","template":"","meta":{"_acf_changed":false},"product_brand":[],"product_cat":[202],"product_tag":[],"class_list":{"0":"post-1010744","1":"product","2":"type-product","3":"status-publish","4":"has-post-thumbnail","6":"product_cat-materiali-c-n-b-si","8":"first","9":"instock","10":"shipping-taxable","11":"product-type-variable"},"acf":[],"_links":{"self":[{"href":"https:\/\/vimaterial.de\/it\/wp-json\/wp\/v2\/product\/1010744","targetHints":{"allow":["GET"]}}],"collection":[{"href":"https:\/\/vimaterial.de\/it\/wp-json\/wp\/v2\/product"}],"about":[{"href":"https:\/\/vimaterial.de\/it\/wp-json\/wp\/v2\/types\/product"}],"replies":[{"embeddable":true,"href":"https:\/\/vimaterial.de\/it\/wp-json\/wp\/v2\/comments?post=1010744"}],"wp:featuredmedia":[{"embeddable":true,"href":"https:\/\/vimaterial.de\/it\/wp-json\/wp\/v2\/media\/1000628"}],"wp:attachment":[{"href":"https:\/\/vimaterial.de\/it\/wp-json\/wp\/v2\/media?parent=1010744"}],"wp:term":[{"taxonomy":"product_brand","embeddable":true,"href":"https:\/\/vimaterial.de\/it\/wp-json\/wp\/v2\/product_brand?post=1010744"},{"taxonomy":"product_cat","embeddable":true,"href":"https:\/\/vimaterial.de\/it\/wp-json\/wp\/v2\/product_cat?post=1010744"},{"taxonomy":"product_tag","embeddable":true,"href":"https:\/\/vimaterial.de\/it\/wp-json\/wp\/v2\/product_tag?post=1010744"}],"curies":[{"name":"wp","href":"https:\/\/api.w.org\/{rel}","templated":true}]}}