{"id":1010718,"date":"2024-06-17T14:25:48","date_gmt":"2024-06-17T06:25:48","guid":{"rendered":"https:\/\/vimaterial.de\/product\/carbonitruro-di-titanio\/"},"modified":"2025-04-18T16:36:11","modified_gmt":"2025-04-18T08:36:11","slug":"carbonitruro-di-titanio","status":"publish","type":"product","link":"https:\/\/vimaterial.de\/it\/product\/carbonitruro-di-titanio\/","title":{"rendered":"Carbonitruro di titanio"},"content":{"rendered":"<p>Il bersaglio sputtering in <span style=\"color: #0000ff;\"><a style=\"color: #0000ff;\" href=\"https:\/\/vimaterial.de\/en\/product\/titanium-carbonitride\/\">carbonitruro di titanio<\/a> <\/span>\u00e8 un bersaglio sputtering composto da titanio, carbonio e azoto. Ha un&#8217;elevata durezza, una buona resistenza all&#8217;usura, resistenza alle alte temperature e stabilit\u00e0 chimica ed \u00e8 in grado di depositare film sottili con queste eccellenti propriet\u00e0 sul substrato durante il processo di sputtering, che \u00e8 ampiamente utilizzato nei campi dei rivestimenti degli utensili, della protezione delle parti meccaniche e dei dispositivi elettronici. <\/p>\n<p>VIMATERIAL \u00e8 un&#8217;azienda all&#8217;avanguardia nel settore dell&#8217;innovazione chimica dei materiali, specializzata in materiali ad alte prestazioni progettati per applicazioni ingegneristiche avanzate. I nostri prodotti sono di elevata purezza e qualit\u00e0, supportiamo l&#8217;imballaggio di piccoli lotti, il MOQ di piccoli prodotti, l&#8217;inventario sufficiente, la personalizzazione del supporto e siamo in grado di fornire un servizio di rilegatura mirata, se avete esigenze, vi preghiamo di <span style=\"color: #0000ff;\"><a style=\"color: #0000ff;\" href=\"https:\/\/vimaterial.de\/en\/contact-us\/\">contattarci.<\/a><\/span> <\/p>\n<h2><span style=\"font-size: 14pt;\">Applicazione<\/span><\/h2>\n<p>Rivestimento dell&#8217;utensile da taglio: il rivestimento della superficie degli utensili da taglio con carbonitruro di titanio pu\u00f2 migliorare significativamente la durezza e la resistenza all&#8217;usura degli utensili da taglio, che possono resistere efficacemente all&#8217;usura e prolungare la durata degli utensili da taglio durante il taglio ad alta velocit\u00e0.<\/p>\n<p>Produzione di stampi: i film di carbonitruro di titanio vengono depositati sulla superficie degli stampi per migliorare la durezza superficiale e ridurre il coefficiente di attrito degli stampi, il che aiuta il processo di stampaggio ad essere pi\u00f9 fluido, riduce le difficolt\u00e0 di rilascio degli stampi e migliora la durata degli stampi e la qualit\u00e0 dei prodotti stampati.<\/p>\n<p>Protezione delle parti meccaniche: utilizzati per la protezione superficiale delle parti meccaniche chiave, i film di carbonitruro di titanio possono resistere efficacemente alla corrosione e all&#8217;abrasione, garantendo il normale funzionamento delle parti in condizioni di lavoro complesse e riducendo la frequenza della manutenzione.<\/p>\n<p>Produzione di componenti elettronici: nella produzione di componenti elettronici, i bersagli di carbonururo di titanio sputtering formano film sottili stabili e conduttivi sul substrato, che possono essere utilizzati come elettrodi o materiali di cablaggio per soddisfare i requisiti di prestazioni e stabilit\u00e0 dei componenti elettronici.<\/p>\n<p>Rivestimenti decorativi resistenti all&#8217;usura: i film di carbonitruro di titanio rivestiti sulla superficie di prodotti di uso quotidiano, come orologi e montature di occhiali, non solo forniscono propriet\u00e0 resistenti all&#8217;usura, ma conferiscono anche un aspetto metallico unico che migliora l&#8217;estetica e la durata del prodotto.<\/p>\n<h2><span style=\"font-size: 14pt;\">Controllo qualit\u00e0<\/span><\/h2>\n<p><span style=\"color: #0000ff;\"><a style=\"color: #0000ff;\" href=\"https:\/\/vimaterial.de\/en\/quality-control\/\">I nostri prodotti<\/a> <\/span>sono soggetti a un rigoroso sistema di gestione della qualit\u00e0. Dai materiali in entrata, alla lavorazione, all&#8217;ispezione finale all&#8217;ispezione in fabbrica, ci sono rigorosi standard di ispezione. Per la lavorazione non qualificata vengono adottate rigorose misure di isolamento per evitare che prodotti non qualificati fluiscano nel processo successivo. I campioni sono forniti per la ri-ispezione del cliente in base alle esigenze del cliente.   <\/p>\n<h2><span style=\"font-size: 14pt;\">Imballaggio e stoccaggio<\/span><\/h2>\n<p>I bersagli sputtering in carbonitruro di titanio sono confezionati in doppi sacchetti sottovuoto e poi inscatolati e confezionati in cartoni.<\/p>\n<p>I bersagli sputtering in carbonitruro di titanio devono essere conservati in un ambiente asciutto, fresco, ben ventilato e pulito, evitando l&#8217;umidit\u00e0, l&#8217;ossidazione, prevenendo il contatto con sostanze corrosive e, allo stesso tempo, evitando danni fisici come collisioni e attriti e tenendosi lontano da alte temperature e forti campi magnetici, al fine di garantire la stabilit\u00e0 delle sue prestazioni e facilitarne l&#8217;uso per lo sputtering.<\/p>\n","protected":false},"excerpt":{"rendered":"<p>Il bersaglio sputtering in <span style=\"color: #0000ff;\"><a style=\"color: #0000ff;\" href=\"https:\/\/vimaterial.de\/en\/product\/titanium-carbonitride\/\">carbonitruro di titanio<\/a> <\/span>\u00e8 un bersaglio sputtering composto da titanio, carbonio e azoto. Ha un&#8217;elevata durezza, una buona resistenza all&#8217;usura, resistenza alle alte temperature e stabilit\u00e0 chimica ed \u00e8 in grado di depositare film sottili con queste eccellenti propriet\u00e0 sul substrato durante il processo di sputtering, che \u00e8 ampiamente utilizzato nei campi dei rivestimenti degli utensili, della protezione delle parti meccaniche e dei dispositivi elettronici. <\/p>\n","protected":false},"featured_media":1041331,"comment_status":"open","ping_status":"closed","template":"","meta":{"_acf_changed":false},"product_brand":[],"product_cat":[197],"product_tag":[],"class_list":{"0":"post-1010718","1":"product","2":"type-product","3":"status-publish","4":"has-post-thumbnail","6":"product_cat-obiettivi-di-sputtering-planari","8":"first","9":"instock","10":"shipping-taxable","11":"product-type-variable"},"acf":[],"_links":{"self":[{"href":"https:\/\/vimaterial.de\/it\/wp-json\/wp\/v2\/product\/1010718","targetHints":{"allow":["GET"]}}],"collection":[{"href":"https:\/\/vimaterial.de\/it\/wp-json\/wp\/v2\/product"}],"about":[{"href":"https:\/\/vimaterial.de\/it\/wp-json\/wp\/v2\/types\/product"}],"replies":[{"embeddable":true,"href":"https:\/\/vimaterial.de\/it\/wp-json\/wp\/v2\/comments?post=1010718"}],"wp:featuredmedia":[{"embeddable":true,"href":"https:\/\/vimaterial.de\/it\/wp-json\/wp\/v2\/media\/1041331"}],"wp:attachment":[{"href":"https:\/\/vimaterial.de\/it\/wp-json\/wp\/v2\/media?parent=1010718"}],"wp:term":[{"taxonomy":"product_brand","embeddable":true,"href":"https:\/\/vimaterial.de\/it\/wp-json\/wp\/v2\/product_brand?post=1010718"},{"taxonomy":"product_cat","embeddable":true,"href":"https:\/\/vimaterial.de\/it\/wp-json\/wp\/v2\/product_cat?post=1010718"},{"taxonomy":"product_tag","embeddable":true,"href":"https:\/\/vimaterial.de\/it\/wp-json\/wp\/v2\/product_tag?post=1010718"}],"curies":[{"name":"wp","href":"https:\/\/api.w.org\/{rel}","templated":true}]}}