{"id":1010683,"date":"2024-06-17T14:13:31","date_gmt":"2024-06-17T06:13:31","guid":{"rendered":"https:\/\/vimaterial.de\/product\/silicio-cromo\/"},"modified":"2024-12-24T11:20:19","modified_gmt":"2024-12-24T03:20:19","slug":"silicio-cromo","status":"publish","type":"product","link":"https:\/\/vimaterial.de\/it\/product\/silicio-cromo\/","title":{"rendered":"Silicio Cromo"},"content":{"rendered":"<p>I bersagli in lega di silicio e cromo sono un materiale comunemente usato per i rivestimenti per magnetron sputtering, che hanno eccellenti propriet\u00e0 fisiche, chimiche e meccaniche. Questo materiale \u00e8 ampiamente utilizzato per la produzione di film sottili per varie applicazioni industriali ed elettroniche. VIMATERIAL offre vari bersagli in lega di silicio, come Si-Cr, Si-Ni, Si-Fe-B. . . <\/p>\n<h2><span style=\"font-size: 14pt;\">Propriet\u00e0 dei bersagli di sputtering al silicio e cromo<\/span><\/h2>\n<h3><span style=\"font-size: 12pt;\">Composizione:<\/span><\/h3>\n<p>Tipicamente, la lega \u00e8 costituita da silicio e cromo in un peso specifico o in un rapporto atomico (ad es. 80:20, 90:10, ecc.), a seconda delle propriet\u00e0 del film desiderate. L&#8217;esatta composizione \u00e8 adattata ai requisiti dell&#8217;applicazione, bilanciando le propriet\u00e0 elettriche, ottiche o di resistenza alla corrosione.<\/p>\n<h3><span style=\"font-size: 12pt;\">Elevata purezza:<\/span><\/h3>\n<p>I target di sputtering richiedono generalmente livelli di purezza elevati (ad es. 99,9% o superiore) per garantire che il film risultante abbia impurit\u00e0 minime e prestazioni ottimali.<\/p>\n<h3><span style=\"font-size: 12pt;\">Propriet\u00e0 meccaniche:<\/span><\/h3>\n<p>I target di silicio cromo sono accuratamente progettati con alta densit\u00e0 e uniformit\u00e0 per garantire prestazioni di sputtering efficienti e ridurre al minimo i difetti nel film depositato.<\/p>\n<h2><span style=\"font-size: 14pt;\">Applicazioni dei bersagli sputtering al silicio-cromo<\/span><\/h2>\n<h3><span style=\"font-size: 12pt;\">Semiconduttori:<\/span><\/h3>\n<p>Film sottili utilizzati per la produzione di dispositivi a semiconduttore. I film Si-Cr possono essere utilizzati per strati di gate, barriere di diffusione o interconnessioni.<\/p>\n<h3><span style=\"font-size: 12pt;\">Celle solari:<\/span><\/h3>\n<p>Utilizzato nella produzione di celle solari a film sottile per migliorare le prestazioni ottiche ed elettriche.<\/p>\n<h3><span style=\"font-size: 12pt;\">Rivestimenti ottici:<\/span><\/h3>\n<p>Adatto per la formatura di rivestimenti antiriflesso, protettivi o decorativi su substrati in vetro o plastica.<\/p>\n<h3><span style=\"font-size: 12pt;\">Tecnologia di visualizzazione:<\/span><\/h3>\n<p>Film sottili utilizzati nella produzione di LCD, OLED e touch screen.<\/p>\n<h3><span style=\"font-size: 12pt;\">Rivestimenti resistenti alla corrosione:<\/span><\/h3>\n<p>I film Si-Cr possono migliorare la durata delle superfici migliorandone la resistenza all&#8217;ossidazione e alla corrosione.<\/p>\n","protected":false},"excerpt":{"rendered":"<p>I bersagli in lega di silicio e cromo sono un materiale comunemente usato per i rivestimenti per magnetron sputtering, che hanno eccellenti propriet\u00e0 fisiche, chimiche e meccaniche. Questo materiale \u00e8 ampiamente utilizzato per la produzione di film sottili per varie applicazioni industriali ed elettroniche. VIMATERIAL offre vari bersagli in lega di silicio, come Si-Cr, Si-Ni, [&hellip;]<\/p>\n","protected":false},"featured_media":999834,"comment_status":"open","ping_status":"closed","template":"","meta":{"_acf_changed":false},"product_brand":[],"product_cat":[197],"product_tag":[],"class_list":{"0":"post-1010683","1":"product","2":"type-product","3":"status-publish","4":"has-post-thumbnail","6":"product_cat-obiettivi-di-sputtering-planari","8":"first","9":"instock","10":"shipping-taxable","11":"purchasable","12":"product-type-variable"},"acf":[],"_links":{"self":[{"href":"https:\/\/vimaterial.de\/it\/wp-json\/wp\/v2\/product\/1010683","targetHints":{"allow":["GET"]}}],"collection":[{"href":"https:\/\/vimaterial.de\/it\/wp-json\/wp\/v2\/product"}],"about":[{"href":"https:\/\/vimaterial.de\/it\/wp-json\/wp\/v2\/types\/product"}],"replies":[{"embeddable":true,"href":"https:\/\/vimaterial.de\/it\/wp-json\/wp\/v2\/comments?post=1010683"}],"wp:featuredmedia":[{"embeddable":true,"href":"https:\/\/vimaterial.de\/it\/wp-json\/wp\/v2\/media\/999834"}],"wp:attachment":[{"href":"https:\/\/vimaterial.de\/it\/wp-json\/wp\/v2\/media?parent=1010683"}],"wp:term":[{"taxonomy":"product_brand","embeddable":true,"href":"https:\/\/vimaterial.de\/it\/wp-json\/wp\/v2\/product_brand?post=1010683"},{"taxonomy":"product_cat","embeddable":true,"href":"https:\/\/vimaterial.de\/it\/wp-json\/wp\/v2\/product_cat?post=1010683"},{"taxonomy":"product_tag","embeddable":true,"href":"https:\/\/vimaterial.de\/it\/wp-json\/wp\/v2\/product_tag?post=1010683"}],"curies":[{"name":"wp","href":"https:\/\/api.w.org\/{rel}","templated":true}]}}