{"id":1010672,"date":"2024-06-17T14:13:32","date_gmt":"2024-06-17T06:13:32","guid":{"rendered":"https:\/\/vimaterial.de\/product\/lega-di-silicio-e-germanio-2\/"},"modified":"2024-12-24T11:40:12","modified_gmt":"2024-12-24T03:40:12","slug":"lega-di-silicio-e-germanio-2","status":"publish","type":"product","link":"https:\/\/vimaterial.de\/it\/product\/lega-di-silicio-e-germanio-2\/","title":{"rendered":"Lega di silicio germanio"},"content":{"rendered":"<p>La lega di silicio germanio \u00e8 un nuovo tipo di materiale semiconduttore, composto da due materiali, silicio e germanio, miscelati in un certo rapporto. La lega di silicio germanio ha una maggiore conduttivit\u00e0, una minore resistivit\u00e0 e una maggiore mobilit\u00e0 del vettore rispetto al silicio puro. Queste propriet\u00e0 fisiche uniche rendono la lega silicio-germanio ampiamente utilizzata nella moderna industria dei semiconduttori.  <\/p>\n<h2><span style=\"font-size: 14pt;\">Propriet\u00e0:<\/span><\/h2>\n<h3><span style=\"font-size: 12pt;\">Ingegneria della banda proibita:<\/span><\/h3>\n<p>Modificando il rapporto tra silicio e germanio, la banda proibita della lega pu\u00f2 essere personalizzata per renderla adatta a una vasta gamma di applicazioni elettroniche e optoelettroniche. La banda proibita di Si \u00e8 1,12 eV e la banda proibita di Ge \u00e8 0,66 eV.<\/p>\n<h3><span style=\"font-size: 12pt;\">Corrispondenza del reticolo:<\/span><\/h3>\n<p>Si-Ge pu\u00f2 essere coltivato su wafer di silicio con uno sforzo minimo, il che lo rende compatibile con le tecnologie esistenti a base di silicio.<\/p>\n<h3><span style=\"font-size: 12pt;\">Conducibilit\u00e0 termica ed elettrica:<\/span><\/h3>\n<p>A seconda del contenuto di Ge, fornisce migliori propriet\u00e0 termiche ed elettriche rispetto al silicio puro.<\/p>\n<h3><span style=\"font-size: 12pt;\">Mobilit\u00e0 del vettore:<\/span><\/h3>\n<p>Rispetto al silicio puro, il Si-Ge ha una maggiore mobilit\u00e0 degli elettroni e delle lacune, che migliora le prestazioni del dispositivo.<\/p>\n<h2><span style=\"font-size: 14pt;\">Applicazione del silicio germanio nel campo dei semiconduttori:<\/span><\/h2>\n<p>1. Transistor ad alte prestazioni: i transistor in lega di silicio germanio possono raggiungere velocit\u00e0 di commutazione pi\u00f9 elevate a tensioni operative inferiori grazie alla loro maggiore mobilit\u00e0 degli elettroni, che \u00e8 di grande importanza per migliorare le prestazioni dei circuiti integrati e ridurre il consumo energetico. Pertanto, i transistor al silicio-germanio sono ampiamente utilizzati nei processori ad alta velocit\u00e0, nel calcolo ad alte prestazioni e in altri campi. 2. Dispositivi optoelettronici: i materiali in lega di silicio germanio hanno buone propriet\u00e0 di assorbimento ed emissione della luce nello spettro infrarosso, che li rendono materiali ideali per la realizzazione di rilevatori a infrarossi e diodi emettitori di luce. Questi dispositivi optoelettronici svolgono un ruolo importante nelle comunicazioni, nei dispositivi per la visione notturna, nelle immagini termiche e in altri aspetti. 3. Dispositivi termoelettrici: i materiali in lega di silicio germanio hanno anche buone propriet\u00e0 termoelettriche, ovvero possono convertire direttamente l&#8217;energia termica in energia elettrica. Questa caratteristica fa s\u00ec che il silicio-germanio abbia un potenziale valore applicativo nella generazione di energia termoelettrica, nel rilevamento della temperatura e in altri campi. <\/p>\n","protected":false},"excerpt":{"rendered":"<p>La lega di silicio germanio \u00e8 un nuovo tipo di materiale semiconduttore, composto da due materiali, silicio e germanio, miscelati in un certo rapporto. La lega di silicio germanio ha una maggiore conduttivit\u00e0, una minore resistivit\u00e0 e una maggiore mobilit\u00e0 del vettore rispetto al silicio puro. Queste propriet\u00e0 fisiche uniche rendono la lega silicio-germanio ampiamente [&hellip;]<\/p>\n","protected":false},"featured_media":1040596,"comment_status":"open","ping_status":"closed","template":"","meta":{"_acf_changed":false},"product_brand":[],"product_cat":[212],"product_tag":[],"class_list":{"0":"post-1010672","1":"product","2":"type-product","3":"status-publish","4":"has-post-thumbnail","6":"product_cat-polvere-di-metallo-puro-e-leghe","8":"first","9":"instock","10":"shipping-taxable","11":"purchasable","12":"product-type-variable"},"acf":[],"_links":{"self":[{"href":"https:\/\/vimaterial.de\/it\/wp-json\/wp\/v2\/product\/1010672","targetHints":{"allow":["GET"]}}],"collection":[{"href":"https:\/\/vimaterial.de\/it\/wp-json\/wp\/v2\/product"}],"about":[{"href":"https:\/\/vimaterial.de\/it\/wp-json\/wp\/v2\/types\/product"}],"replies":[{"embeddable":true,"href":"https:\/\/vimaterial.de\/it\/wp-json\/wp\/v2\/comments?post=1010672"}],"wp:featuredmedia":[{"embeddable":true,"href":"https:\/\/vimaterial.de\/it\/wp-json\/wp\/v2\/media\/1040596"}],"wp:attachment":[{"href":"https:\/\/vimaterial.de\/it\/wp-json\/wp\/v2\/media?parent=1010672"}],"wp:term":[{"taxonomy":"product_brand","embeddable":true,"href":"https:\/\/vimaterial.de\/it\/wp-json\/wp\/v2\/product_brand?post=1010672"},{"taxonomy":"product_cat","embeddable":true,"href":"https:\/\/vimaterial.de\/it\/wp-json\/wp\/v2\/product_cat?post=1010672"},{"taxonomy":"product_tag","embeddable":true,"href":"https:\/\/vimaterial.de\/it\/wp-json\/wp\/v2\/product_tag?post=1010672"}],"curies":[{"name":"wp","href":"https:\/\/api.w.org\/{rel}","templated":true}]}}