{"id":1010632,"date":"2024-06-17T14:13:33","date_gmt":"2024-06-17T06:13:33","guid":{"rendered":"https:\/\/vimaterial.de\/product\/lega-di-lantanio-al-silicio\/"},"modified":"2024-12-24T14:06:44","modified_gmt":"2024-12-24T06:06:44","slug":"lega-di-lantanio-al-silicio","status":"publish","type":"product","link":"https:\/\/vimaterial.de\/it\/product\/lega-di-lantanio-al-silicio\/","title":{"rendered":"Lega di silicio lantanio"},"content":{"rendered":"<p>La lega di silicio e lantanio non \u00e8 un composto tipico, ma una miscela di materiali metallici, che si forma combinando due elementi, lantanio e silicio, attraverso un processo metallurgico, e non forma una formula chimica fissa. VIMATERIAL offre una variet\u00e0 di polveri personalizzate per soddisfare le vostre esigenze di ricerca scientifica.<\/p>\n<h2><span style=\"font-size: 14pt;\">Caratteristiche e classificazione della lega di silicio lantanio<\/span><\/h2>\n<p>La lega di silicio e lantanio \u00e8 un materiale metallico composto da lantanio e silicio. Il lantanio \u00e8 un elemento delle terre rare con buona conducibilit\u00e0 e duttilit\u00e0; Il silicio \u00e8 un materiale semiconduttore comune. Quando questi due elementi vengono combinati attraverso la tecnologia metallurgica, formano un nuovo materiale che combina alcune delle propriet\u00e0 del lantanio e del silicio. Tuttavia, questa combinazione non forma una formula chimica fissa. Il rapporto tra lantanio e silicio nella lega silicio-lantanio pu\u00f2 essere regolato secondo necessit\u00e0 per ottenere le propriet\u00e0 fisiche e chimiche desiderate. Questa flessibilit\u00e0 \u00e8 la caratteristica della lega e la sua principale differenza rispetto ai composti.  <\/p>\n<h2><span style=\"font-size: 14pt;\">Applicazione della lega di silicio lantanio<\/span><\/h2>\n<h3><span style=\"font-size: 12pt;\">Materiali elettronici:<\/span><\/h3>\n<p>Le leghe di silicio e lantanio possono essere utilizzate in applicazioni che richiedono semiconduttori drogati con terre rare, che possono migliorare la mobilit\u00e0 del vettore o le propriet\u00e0 ottiche.<\/p>\n<h3><span style=\"font-size: 12pt;\">Metallurgia avanzata:<\/span><\/h3>\n<p>Come agente legante nell&#8217;acciaio o in altri metalli, il lantanio pu\u00f2 migliorare l&#8217;affinamento dei grani e le propriet\u00e0 meccaniche, mentre il silicio pu\u00f2 migliorare ulteriormente la durata.<\/p>\n<h3><span style=\"font-size: 12pt;\">Componenti per alte temperature:<\/span><\/h3>\n<p>Pu\u00f2 essere utilizzato per produrre parti esposte a calore estremo, come forni aerospaziali o industriali.<\/p>\n<h3><span style=\"font-size: 12pt;\">Catalisi:<\/span><\/h3>\n<p>La combinazione di silicio e lantanio pu\u00f2 svolgere un ruolo nelle applicazioni catalitiche, dove il lantanio funge da sito attivo e il silicio fornisce una matrice durevole.<\/p>\n","protected":false},"excerpt":{"rendered":"<p>La lega di silicio e lantanio non \u00e8 un composto tipico, ma una miscela di materiali metallici, che si forma combinando due elementi, lantanio e silicio, attraverso un processo metallurgico, e non forma una formula chimica fissa. VIMATERIAL offre una variet\u00e0 di polveri personalizzate per soddisfare le vostre esigenze di ricerca scientifica. Caratteristiche e classificazione [&hellip;]<\/p>\n","protected":false},"featured_media":999864,"comment_status":"open","ping_status":"closed","template":"","meta":{"_acf_changed":false},"product_brand":[],"product_cat":[212],"product_tag":[],"class_list":{"0":"post-1010632","1":"product","2":"type-product","3":"status-publish","4":"has-post-thumbnail","6":"product_cat-polvere-di-metallo-puro-e-leghe","8":"first","9":"instock","10":"shipping-taxable","11":"product-type-variable"},"acf":[],"_links":{"self":[{"href":"https:\/\/vimaterial.de\/it\/wp-json\/wp\/v2\/product\/1010632","targetHints":{"allow":["GET"]}}],"collection":[{"href":"https:\/\/vimaterial.de\/it\/wp-json\/wp\/v2\/product"}],"about":[{"href":"https:\/\/vimaterial.de\/it\/wp-json\/wp\/v2\/types\/product"}],"replies":[{"embeddable":true,"href":"https:\/\/vimaterial.de\/it\/wp-json\/wp\/v2\/comments?post=1010632"}],"wp:featuredmedia":[{"embeddable":true,"href":"https:\/\/vimaterial.de\/it\/wp-json\/wp\/v2\/media\/999864"}],"wp:attachment":[{"href":"https:\/\/vimaterial.de\/it\/wp-json\/wp\/v2\/media?parent=1010632"}],"wp:term":[{"taxonomy":"product_brand","embeddable":true,"href":"https:\/\/vimaterial.de\/it\/wp-json\/wp\/v2\/product_brand?post=1010632"},{"taxonomy":"product_cat","embeddable":true,"href":"https:\/\/vimaterial.de\/it\/wp-json\/wp\/v2\/product_cat?post=1010632"},{"taxonomy":"product_tag","embeddable":true,"href":"https:\/\/vimaterial.de\/it\/wp-json\/wp\/v2\/product_tag?post=1010632"}],"curies":[{"name":"wp","href":"https:\/\/api.w.org\/{rel}","templated":true}]}}