{"id":1010598,"date":"2024-06-17T14:14:17","date_gmt":"2024-06-17T06:14:17","guid":{"rendered":"https:\/\/vimaterial.de\/product\/monossido-di-silicio-2\/"},"modified":"2024-12-24T15:17:45","modified_gmt":"2024-12-24T07:17:45","slug":"monossido-di-silicio-2","status":"publish","type":"product","link":"https:\/\/vimaterial.de\/it\/product\/monossido-di-silicio-2\/","title":{"rendered":"Monossido di silicio"},"content":{"rendered":"<p>Il monossido di silicio \u00e8 un composto inorganico con la formula chimica SiO. \u00c8 un composto composto da elementi di silicio e ossigeno con un peso molecolare di 60,0845. Il SiO \u00e8 una polvere solida marrone con un alto punto di fusione e punto di ebollizione. \u00c8 un composto relativamente stabile, ma pu\u00f2 reagire con alcune sostanze ad alte temperature.   <\/p>\n<h2><span style=\"font-size: 14pt;\">Propriet\u00e0 del monossido di silicio<\/span><\/h2>\n<p>Aspetto: polvere amorfa da marrone nero a loess Punto di fusione: 1702\u00b0C Punto di ebollizione: 1880\u00b0C Densit\u00e0: 2,13 g\/cm<\/p>\n<p>Insolubile in acqua. Pu\u00f2 essere sciolto in un acido misto di acido fluoridrico diluito e acido nitrico e rilasciare tetrafluoruro di silicio e generare polvere di biossido di silicio bianco quando riscaldato in aria.<\/p>\n<h2><span style=\"font-size: 14pt;\">Applicazione del monossido di silicio<\/span><\/h2>\n<p>1. Materiali semiconduttori: poich\u00e9 il SiO ha un&#8217;elevata purezza ed eccellenti propriet\u00e0 fisiche, \u00e8 un&#8217;importante materia prima per la preparazione di materiali semiconduttori. Mediante drogaggio con altri elementi, le propriet\u00e0 conduttive del SiO possono essere regolate per soddisfare le esigenze di diversi dispositivi elettronici. 2. Materiali ottici: il SiO ha un&#8217;elevata trasparenza e buone propriet\u00e0 ottiche, quindi viene spesso utilizzato come materiale per la preparazione di lenti ottiche, prismi e altri componenti ottici. 3. Materiali ceramici: il SiO \u00e8 anche un componente importante per la preparazione di ceramiche ad alte prestazioni. Questi materiali ceramici hanno propriet\u00e0 eccellenti come la resistenza alle alte temperature e alla corrosione e sono ampiamente utilizzati nel settore aerospaziale, nella produzione automobilistica e in altri campi. <\/p>\n<h2><span style=\"font-size: 14pt;\">Preparazione del monossido di silicio<\/span><\/h2>\n<p>Attualmente, ci sono due metodi principali per preparare il SiO: la deposizione chimica da vapore e il metodo sol-gel. 1. Metodo di deposizione chimica da vapore: sotto una certa temperatura e pressione, la fonte di silicio e la fonte di ossigeno vengono convertite in monossido di silicio attraverso una reazione chimica e depositate sul substrato. Questo metodo pu\u00f2 preparare film di monossido di silicio di alta purezza e alta qualit\u00e0. 2. Metodo sol-gel: sciogliendo la fonte di silicio in un solvente per formare un sol, e quindi sottoponendosi a fasi come la gelificazione, l&#8217;essiccazione e il trattamento termico, si ottiene infine polvere di monossido di silicio o materiale sfuso. Questo metodo \u00e8 semplice nel processo, a basso costo e adatto per la produzione su larga scala.<\/p>\n<h2><span style=\"font-size: 14pt;\">Il monossido di silicio \u00e8 un materiale semiconduttore?<\/span><\/h2>\n<p>Il SiO \u00e8 un tipico materiale isolante e non ha la conduttivit\u00e0 dei materiali semiconduttori. Sebbene il monossido di silicio sia ampiamente utilizzato nel campo dell&#8217;elettronica per la produzione di strati isolanti e isolanti nei circuiti integrati, non \u00e8 di per s\u00e9 un materiale semiconduttore. <\/p>\n","protected":false},"excerpt":{"rendered":"<p>Il monossido di silicio \u00e8 un composto inorganico con la formula chimica SiO. \u00c8 un composto composto da elementi di silicio e ossigeno con un peso molecolare di 60,0845. Il SiO \u00e8 una polvere solida marrone con un alto punto di fusione e punto di ebollizione. \u00c8 un composto relativamente stabile, ma pu\u00f2 reagire con [&hellip;]<\/p>\n","protected":false},"featured_media":999895,"comment_status":"open","ping_status":"closed","template":"","meta":{"_acf_changed":false},"product_brand":[],"product_cat":[205],"product_tag":[],"class_list":{"0":"post-1010598","1":"product","2":"type-product","3":"status-publish","4":"has-post-thumbnail","6":"product_cat-materiali-ossidi-idrossidi","8":"first","9":"instock","10":"shipping-taxable","11":"purchasable","12":"product-type-variable"},"acf":[],"_links":{"self":[{"href":"https:\/\/vimaterial.de\/it\/wp-json\/wp\/v2\/product\/1010598","targetHints":{"allow":["GET"]}}],"collection":[{"href":"https:\/\/vimaterial.de\/it\/wp-json\/wp\/v2\/product"}],"about":[{"href":"https:\/\/vimaterial.de\/it\/wp-json\/wp\/v2\/types\/product"}],"replies":[{"embeddable":true,"href":"https:\/\/vimaterial.de\/it\/wp-json\/wp\/v2\/comments?post=1010598"}],"wp:featuredmedia":[{"embeddable":true,"href":"https:\/\/vimaterial.de\/it\/wp-json\/wp\/v2\/media\/999895"}],"wp:attachment":[{"href":"https:\/\/vimaterial.de\/it\/wp-json\/wp\/v2\/media?parent=1010598"}],"wp:term":[{"taxonomy":"product_brand","embeddable":true,"href":"https:\/\/vimaterial.de\/it\/wp-json\/wp\/v2\/product_brand?post=1010598"},{"taxonomy":"product_cat","embeddable":true,"href":"https:\/\/vimaterial.de\/it\/wp-json\/wp\/v2\/product_cat?post=1010598"},{"taxonomy":"product_tag","embeddable":true,"href":"https:\/\/vimaterial.de\/it\/wp-json\/wp\/v2\/product_tag?post=1010598"}],"curies":[{"name":"wp","href":"https:\/\/api.w.org\/{rel}","templated":true}]}}