{"id":1010555,"date":"2024-06-17T14:14:19","date_gmt":"2024-06-17T06:14:19","guid":{"rendered":"https:\/\/vimaterial.de\/product\/biossido-di-silicio-5\/"},"modified":"2024-12-24T17:09:14","modified_gmt":"2024-12-24T09:09:14","slug":"biossido-di-silicio-5","status":"publish","type":"product","link":"https:\/\/vimaterial.de\/it\/product\/biossido-di-silicio-5\/","title":{"rendered":"Diossido del silicone"},"content":{"rendered":"<p>L&#8217;ossido di silicio, formula chimica SiO2, \u00e8 un composto inorganico. \u00c8 un cristallo incolore e trasparente con un alto punto di fusione e un&#8217;elevata stabilit\u00e0 termica. \u00c8 insolubile in acqua, ma pu\u00f2 reagire con alcali e acidi per produrre sali corrispondenti. VIMATERIAL \u00e8 in grado di fornire polvere, particelle, bersagli e wafer di biossido di silicio.  <\/p>\n<h2><span style=\"font-size: 14pt;\">Struttura dell&#8217;ossido di silicio<\/span><\/h2>\n<p>I cristalli di SiO2 hanno una variet\u00e0 di forme cristalline e la sua unit\u00e0 strutturale di base \u00e8 un tetraedro, con 4 atomi O attorno a ciascun Si, Si al centro e O ai quattro vertici; Ci sono 6 atomi di silicio e 6 atomi di ossigeno sull&#8217;anello pi\u00f9 piccolo. Molti di questi tetraedri sono collegati da O ai vertici, e ogni O \u00e8 condiviso da due tetraedri, cio\u00e8 ogni O \u00e8 combinato con 2 Si. Infatti, i cristalli di SiO2 sono strutture di rete tridimensionali composte da Si e O in un rapporto di 1:2. Pertanto, la SiO2 viene solitamente utilizzata per rappresentare la composizione del biossido di silicio. Il tetraedro SiO4 esiste non solo nei cristalli di SiO2, ma anche in tutti i minerali silicati, ed \u00e8 lo scheletro di base del colorato mondo dei silicati. <\/p>\n<h2><span style=\"font-size: 14pt;\">Propriet\u00e0 fisiche<\/span><\/h2>\n<p>Ha le propriet\u00e0 di elevata durezza, resistenza alle alte temperature, resistenza agli urti e isolamento elettrico. Pu\u00f2 trasmettere luce visibile, cos\u00ec come raggi rossi e ultravioletti. <\/p>\n<h2><span style=\"font-size: 14pt;\">Propriet\u00e0 chimiche<\/span><\/h2>\n<p>SiO2 \u00e8 un ossido acido e il corrispondente idrato pi\u00f9 alto \u00e8 l&#8217;acido silicico (H2SiO3). Il biossido di silicio \u00e8 chimicamente inattivo e non reagisce facilmente con l&#8217;acqua e la maggior parte degli acidi. Di solito pu\u00f2 reagire solo con gli ossidi alcalini per formare sali. L&#8217;acido fluoridrico (HF) \u00e8 un acido che pu\u00f2 reagire con esso. (C&#8217;\u00e8 anche acido fosforico concentrato caldo)    <\/p>\n<h2><span style=\"font-size: 14pt;\">Applicazione dell&#8217;ossido di silicio<\/span><\/h2>\n<h3><span style=\"font-size: 12pt;\">1. Utilizzato in campo chimico<\/span><\/h3>\n<p>L&#8217;ossido di silicio \u00e8 un adsorbente in grado di assorbire gas nocivi, umidit\u00e0, ecc., per prevenire la deliquescenza, l&#8217;inquinamento, ecc. \u00c8 ampiamente utilizzato in catalizzatori, agenti di separazione, materiali anticorrosivi e altri campi. <\/p>\n<h3><span style=\"font-size: 12pt;\">2. Utilizzato in campo medico<\/span><\/h3>\n<p>Il biossido di silicio pu\u00f2 essere utilizzato come stabilizzante di farmaci, agente reologico, umettante, abrasivo, ecc. Nel processo di produzione dei farmaci, il biossido di silicio pu\u00f2 mantenere efficacemente la stabilit\u00e0 dei farmaci, prolungare la durata di conservazione dei farmaci e prevenire le reazioni chimiche dei farmaci. <\/p>\n<h3><span style=\"font-size: 12pt;\">3. Utilizzato nei cosmetici<\/span><\/h3>\n<p>L&#8217;ossido di silicio pu\u00f2 essere utilizzato come crema solare, prodotti per la cura della pelle, ecc. Ha ottime propriet\u00e0 igroscopiche e lubrificanti, che possono aiutare a regolare l&#8217;equilibrio idrico della pelle. <\/p>\n<h3><span style=\"font-size: 12pt;\">4. Utilizzato negli alimenti<\/span><\/h3>\n<p>L&#8217;ossido di silicio pu\u00f2 essere utilizzato come agente resistente all&#8217;umidit\u00e0, agente antiagglomerante, agente reologico, stabilizzante, ecc. per alimenti. Pu\u00f2 ridurre efficacemente l&#8217;assorbimento dell&#8217;umidit\u00e0 e prevenire il deterioramento del cibo. <\/p>\n<h3><span style=\"font-size: 12pt;\">5. Utilizzato nei materiali da costruzione<\/span><\/h3>\n<p>L&#8217;ossido di silicio pu\u00f2 essere utilizzato come riempitivo, addensante, ecc. per materiali da costruzione. Pu\u00f2 migliorare la durezza e la stabilit\u00e0 dei materiali da costruzione e prolungare la durata dei materiali da costruzione. <\/p>\n","protected":false},"excerpt":{"rendered":"<p>L&#8217;ossido di silicio, formula chimica SiO2, \u00e8 un composto inorganico. \u00c8 un cristallo incolore e trasparente con un alto punto di fusione e un&#8217;elevata stabilit\u00e0 termica. \u00c8 insolubile in acqua, ma pu\u00f2 reagire con alcali e acidi per produrre sali corrispondenti. VIMATERIAL \u00e8 in grado di fornire polvere, particelle, bersagli e wafer di biossido di [&hellip;]<\/p>\n","protected":false},"featured_media":999920,"comment_status":"open","ping_status":"closed","template":"","meta":{"_acf_changed":false},"product_brand":[],"product_cat":[198],"product_tag":[],"class_list":{"0":"post-1010555","1":"product","2":"type-product","3":"status-publish","4":"has-post-thumbnail","6":"product_cat-materiali-per-levaporazione","8":"first","9":"instock","10":"shipping-taxable","11":"purchasable","12":"product-type-variable"},"acf":[],"_links":{"self":[{"href":"https:\/\/vimaterial.de\/it\/wp-json\/wp\/v2\/product\/1010555","targetHints":{"allow":["GET"]}}],"collection":[{"href":"https:\/\/vimaterial.de\/it\/wp-json\/wp\/v2\/product"}],"about":[{"href":"https:\/\/vimaterial.de\/it\/wp-json\/wp\/v2\/types\/product"}],"replies":[{"embeddable":true,"href":"https:\/\/vimaterial.de\/it\/wp-json\/wp\/v2\/comments?post=1010555"}],"wp:featuredmedia":[{"embeddable":true,"href":"https:\/\/vimaterial.de\/it\/wp-json\/wp\/v2\/media\/999920"}],"wp:attachment":[{"href":"https:\/\/vimaterial.de\/it\/wp-json\/wp\/v2\/media?parent=1010555"}],"wp:term":[{"taxonomy":"product_brand","embeddable":true,"href":"https:\/\/vimaterial.de\/it\/wp-json\/wp\/v2\/product_brand?post=1010555"},{"taxonomy":"product_cat","embeddable":true,"href":"https:\/\/vimaterial.de\/it\/wp-json\/wp\/v2\/product_cat?post=1010555"},{"taxonomy":"product_tag","embeddable":true,"href":"https:\/\/vimaterial.de\/it\/wp-json\/wp\/v2\/product_tag?post=1010555"}],"curies":[{"name":"wp","href":"https:\/\/api.w.org\/{rel}","templated":true}]}}