{"id":1010542,"date":"2024-06-17T14:14:18","date_gmt":"2024-06-17T06:14:18","guid":{"rendered":"https:\/\/vimaterial.de\/product\/monossido-di-silicio\/"},"modified":"2024-12-24T15:33:01","modified_gmt":"2024-12-24T07:33:01","slug":"monossido-di-silicio","status":"publish","type":"product","link":"https:\/\/vimaterial.de\/it\/product\/monossido-di-silicio\/","title":{"rendered":"Monossido di silicio"},"content":{"rendered":"<p>Il bersaglio sputtering del monossido di silicio \u00e8 un materiale specializzato utilizzato per formare film sottili nel processo di deposizione fisica da vapore (PVD). \u00c8 un composto degli elementi silicio e ossigeno ed \u00e8 noto per le sue propriet\u00e0 ottiche, elettriche e chimiche uniche. VIMATERIAL offre anche polvere di monossido di silicio e pellet di monossido di silicio. <\/p>\n<h2><span style=\"font-size: 14pt;\">Propriet\u00e0 del monossido di silicio<\/span><\/h2>\n<p>Aspetto: da marrone nero a loess Punto di fusione: 1702\u00b0C Punto di ebollizione: 1880\u00b0C Densit\u00e0: 2,13 g\/cm<\/p>\n<h2><span style=\"font-size: 14pt;\">Applicazione di bersagli sputtering di monossido di silicio<\/span><\/h2>\n<p>1. Materiali semiconduttori: poich\u00e9 il monossido di silicio ha un&#8217;elevata purezza ed eccellenti propriet\u00e0 fisiche, \u00e8 un&#8217;importante materia prima per la preparazione di materiali semiconduttori. Mediante drogaggio con altri elementi, le propriet\u00e0 conduttive del SiO possono essere regolate per soddisfare le esigenze di diversi dispositivi elettronici. 2. Materiali ottici: il monossido di silicio ha un&#8217;elevata trasparenza e buone propriet\u00e0 ottiche, quindi viene spesso utilizzato come materiale per la preparazione di lenti ottiche, prismi e altri componenti ottici. 3. Materiali ceramici: il SiO \u00e8 anche un componente importante per la preparazione di ceramiche ad alte prestazioni. Questi materiali ceramici hanno propriet\u00e0 eccellenti come la resistenza alle alte temperature e alla corrosione e sono ampiamente utilizzati nel settore aerospaziale, nella produzione automobilistica e in altri campi. <\/p>\n<h2><span style=\"font-size: 14pt;\">Preparazione di bersagli sputtering di monossido di silicio<\/span><\/h2>\n<h3><span style=\"font-size: 12pt;\">Sinterizzazione delle polveri:<\/span><\/h3>\n<p>La polvere di monossido di silicio viene compressa e sinterizzata sotto vuoto o con gas inerte per formare un bersaglio denso.<\/p>\n<h3><span style=\"font-size: 12pt;\">Pressatura a caldo:<\/span><\/h3>\n<p>Aumenta la densit\u00e0 del bersaglio e riduce la porosit\u00e0 per uno sputtering uniforme.<\/p>\n<h3><span style=\"font-size: 12pt;\">Legame:<\/span><\/h3>\n<p>Il bersaglio \u00e8 tipicamente incollato a una piastra di supporto (solitamente rame) per migliorare la conduttivit\u00e0 termica e prevenire la rottura durante lo sputtering.<\/p>\n<h2><span style=\"font-size: 14pt;\">Specifiche del bersaglio di monossido di silicio<\/span><\/h2>\n<p>Purezza: \u226599,9% Densit\u00e0: tipicamente 2,13 g\/cm\u00b3. Dimensioni: Personalizzato per soddisfare i requisiti del sistema di deposizione. Piastra di supporto: tipicamente rame o molibdeno per la stabilit\u00e0 termica.<\/p>\n","protected":false},"excerpt":{"rendered":"<p>Il bersaglio sputtering del monossido di silicio \u00e8 un materiale specializzato utilizzato per formare film sottili nel processo di deposizione fisica da vapore (PVD). \u00c8 un composto degli elementi silicio e ossigeno ed \u00e8 noto per le sue propriet\u00e0 ottiche, elettriche e chimiche uniche. VIMATERIAL offre anche polvere di monossido di silicio e pellet di [&hellip;]<\/p>\n","protected":false},"featured_media":999902,"comment_status":"open","ping_status":"closed","template":"","meta":{"_acf_changed":false},"product_brand":[],"product_cat":[197],"product_tag":[],"class_list":{"0":"post-1010542","1":"product","2":"type-product","3":"status-publish","4":"has-post-thumbnail","6":"product_cat-obiettivi-di-sputtering-planari","8":"first","9":"instock","10":"shipping-taxable","11":"product-type-variable"},"acf":[],"_links":{"self":[{"href":"https:\/\/vimaterial.de\/it\/wp-json\/wp\/v2\/product\/1010542","targetHints":{"allow":["GET"]}}],"collection":[{"href":"https:\/\/vimaterial.de\/it\/wp-json\/wp\/v2\/product"}],"about":[{"href":"https:\/\/vimaterial.de\/it\/wp-json\/wp\/v2\/types\/product"}],"replies":[{"embeddable":true,"href":"https:\/\/vimaterial.de\/it\/wp-json\/wp\/v2\/comments?post=1010542"}],"wp:featuredmedia":[{"embeddable":true,"href":"https:\/\/vimaterial.de\/it\/wp-json\/wp\/v2\/media\/999902"}],"wp:attachment":[{"href":"https:\/\/vimaterial.de\/it\/wp-json\/wp\/v2\/media?parent=1010542"}],"wp:term":[{"taxonomy":"product_brand","embeddable":true,"href":"https:\/\/vimaterial.de\/it\/wp-json\/wp\/v2\/product_brand?post=1010542"},{"taxonomy":"product_cat","embeddable":true,"href":"https:\/\/vimaterial.de\/it\/wp-json\/wp\/v2\/product_cat?post=1010542"},{"taxonomy":"product_tag","embeddable":true,"href":"https:\/\/vimaterial.de\/it\/wp-json\/wp\/v2\/product_tag?post=1010542"}],"curies":[{"name":"wp","href":"https:\/\/api.w.org\/{rel}","templated":true}]}}