{"id":1010432,"date":"2024-06-17T14:14:22","date_gmt":"2024-06-17T06:14:22","guid":{"rendered":"https:\/\/vimaterial.de\/product\/solfuro-di-silicio\/"},"modified":"2024-12-24T17:36:44","modified_gmt":"2024-12-24T09:36:44","slug":"solfuro-di-silicio","status":"publish","type":"product","link":"https:\/\/vimaterial.de\/it\/product\/solfuro-di-silicio\/","title":{"rendered":"Solfuro di silicio"},"content":{"rendered":"<p>Solfuro di silicio, la formula molecolare \u00e8 SiS2. Cristalli fibrosi bianchi rombici o tetragonali. Stabile a temperatura e pressione ambiente, si decompone in SiO2 e H2S se esposto all&#8217;umidit\u00e0. Brucia se riscaldato all&#8217;aria.   <\/p>\n<h2><span style=\"font-size: 14pt;\">Propriet\u00e0 fisiche del disolfuro di silicio<\/span><\/h2>\n<p>Formula molecolare: SiS2 Peso molecolare: 92,215 Propriet\u00e0: polvere cristallina bianca Densit\u00e0: 2,02 g\/cm3 Punto di fusione: 1090\u00b0C Punto di ebollizione: 1130\u00b0C<\/p>\n<h2><span style=\"font-size: 14pt;\">Indicazioni:<\/span><\/h2>\n<p>1. Purezza: 4N (99,99%) 5N (99,999%) 2. Confezione: imbottigliata, 1 kg\/bottiglia, sottovuoto con film composito di alluminio all&#8217;esterno della bottiglia; 3. Attracco tecnico: fusione sottovuoto ad alta temperatura e alta pressione, diffusione termica dopo il trattamento; 4. Applicazione: ricerca scientifica; 5. Metodo di conservazione: sigillato e a prova di luce a temperatura ambiente, luogo ventilato e asciutto<\/p>\n<h2><span style=\"font-size: 14pt;\">Tipi di cristalli di disolfuro di silicio<\/span><\/h2>\n<p>I cristalli di disolfuro di silicio hanno vari tipi strutturali, principalmente i seguenti tre tipi:<\/p>\n<h3><span style=\"font-size: 12pt;\">1. Cristalli di SiS2 di tipo \u03b1<\/span><\/h3>\n<p>I cristalli SiS2 di tipo \u03b1 sono strutture esagonali pi\u00f9 vicine all&#8217;impacchettamento con strutture stratificate e la struttura cristallina tridimensionale \u00e8 mantenuta dalla forza di interazione delle forze di van der Waals tra gli strati. I parametri unitari della cella dei cristalli di disolfuro di silicio di tipo \u03b1 sono a=3,086 nm, c=5,058 nm e la densit\u00e0 dei cristalli \u00e8 2,97 g\/cm\u00b3. <\/p>\n<h3><span style=\"font-size: 12pt;\">2. Cristalli di SiS2 di tipo \u03b2<\/span><\/h3>\n<p>I cristalli SiS2 di tipo \u03b2 sono strutture di impacchettamento tetragonali pi\u00f9 vicine con strutture stratificate e la distanza di legame S-S tra strati adiacenti \u00e8 uguale alla lunghezza di legame S-S all&#8217;interno dello strato. I parametri unitari della cella del cristallo di disolfuro di silicio di tipo \u03b2 sono a=b=c=0,382 nm e la densit\u00e0 del cristallo \u00e8 2,66 g\/cm\u00b3. <\/p>\n<h3><span style=\"font-size: 12pt;\">3. Cristallo SiS2 di tipo \u03b3<\/span><\/h3>\n<p>Il cristallo SiS2 di tipo \u03b3 \u00e8 una struttura cristallina cubica di lungo periodo, con le propriet\u00e0 dei cristalli SiS2 di tipo \u03b1 e \u03b2, la sua costante reticolare \u00e8 a=1,2067 nm e la densit\u00e0 del cristallo \u00e8 2,18 g\/cm\u00b3.<\/p>\n<h2><span style=\"font-size: 14pt;\">Caratteristiche e campi di applicazione del disolfuro di silicio<\/span><\/h2>\n<p>Il disolfuro di silicio ha propriet\u00e0 chimiche relativamente stabili, elevata durezza e non \u00e8 facilmente influenzato da effetti fisici come l&#8217;espansione termica. Pertanto, viene spesso utilizzato per preparare materiali ceramici, catalizzatori, agenti di attrito, ecc. Nell&#8217;industria elettronica, \u00e8 anche ampiamente utilizzato nella produzione di semiconduttori e celle solari.  <\/p>\n<h2><span style=\"font-size: 14pt;\">Prodotti simili:<\/span><\/h2>\n<p>Disolfuro di germanio (GeS2), monosolfuro di germanio (GeS), (TiS2), CoS2, disolfuro di nichel (NiS2), solfuro di litio (Li2S), ecc.<\/p>\n","protected":false},"excerpt":{"rendered":"<p>Solfuro di silicio, la formula molecolare \u00e8 SiS2. Cristalli fibrosi bianchi rombici o tetragonali. Stabile a temperatura e pressione ambiente, si decompone in SiO2 e H2S se esposto all&#8217;umidit\u00e0. Brucia se riscaldato all&#8217;aria. Propriet\u00e0 fisiche del disolfuro di silicio Formula molecolare: SiS2 Peso molecolare: 92,215 Propriet\u00e0: polvere cristallina bianca Densit\u00e0: 2,02 g\/cm3 Punto di fusione: [&hellip;]<\/p>\n","protected":false},"featured_media":1042396,"comment_status":"open","ping_status":"closed","template":"","meta":{"_acf_changed":false},"product_brand":[],"product_cat":[200],"product_tag":[],"class_list":{"0":"post-1010432","1":"product","2":"type-product","3":"status-publish","4":"has-post-thumbnail","6":"product_cat-materiali-calcogenidici","8":"first","9":"instock","10":"shipping-taxable","11":"purchasable","12":"product-type-variable"},"acf":[],"_links":{"self":[{"href":"https:\/\/vimaterial.de\/it\/wp-json\/wp\/v2\/product\/1010432","targetHints":{"allow":["GET"]}}],"collection":[{"href":"https:\/\/vimaterial.de\/it\/wp-json\/wp\/v2\/product"}],"about":[{"href":"https:\/\/vimaterial.de\/it\/wp-json\/wp\/v2\/types\/product"}],"replies":[{"embeddable":true,"href":"https:\/\/vimaterial.de\/it\/wp-json\/wp\/v2\/comments?post=1010432"}],"wp:featuredmedia":[{"embeddable":true,"href":"https:\/\/vimaterial.de\/it\/wp-json\/wp\/v2\/media\/1042396"}],"wp:attachment":[{"href":"https:\/\/vimaterial.de\/it\/wp-json\/wp\/v2\/media?parent=1010432"}],"wp:term":[{"taxonomy":"product_brand","embeddable":true,"href":"https:\/\/vimaterial.de\/it\/wp-json\/wp\/v2\/product_brand?post=1010432"},{"taxonomy":"product_cat","embeddable":true,"href":"https:\/\/vimaterial.de\/it\/wp-json\/wp\/v2\/product_cat?post=1010432"},{"taxonomy":"product_tag","embeddable":true,"href":"https:\/\/vimaterial.de\/it\/wp-json\/wp\/v2\/product_tag?post=1010432"}],"curies":[{"name":"wp","href":"https:\/\/api.w.org\/{rel}","templated":true}]}}