{"id":1010421,"date":"2024-06-17T14:14:21","date_gmt":"2024-06-17T06:14:21","guid":{"rendered":"https:\/\/vimaterial.de\/product\/biossido-di-silicio\/"},"modified":"2024-12-24T17:14:26","modified_gmt":"2024-12-24T09:14:26","slug":"biossido-di-silicio","status":"publish","type":"product","link":"https:\/\/vimaterial.de\/it\/product\/biossido-di-silicio\/","title":{"rendered":"Diossido del silicone"},"content":{"rendered":"<p>I wafer di silice sono ampiamente utilizzati nei semiconduttori, nella microelettronica e nelle applicazioni di ricerca. I wafer di silicio sono il materiale di base per i dispositivi a semiconduttore e sono ricoperti da uno strato di biossido di silicio con uno spessore che varia da pochi nanometri a decine di nanometri, che pu\u00f2 fungere da isolante e proteggere. Le propriet\u00e0 superficiali dello strato di biossido di silicio hanno una grande influenza sulle prestazioni del wafer di silicio. Materiale di base: il wafer di silicio (Si) funge da substrato. Strato di ossido: uno strato di biossido di silicio (SiO\u2082) viene fatto crescere termicamente o depositato sulla superficie del silicio. Lo spessore di questo strato di ossido pu\u00f2 variare in base alle esigenze.  <\/p>\n<h2><span style=\"font-size: 14pt;\">Propriet\u00e0 superficiali dei wafer di silice<\/span><\/h2>\n<p>I wafer di silice possono essere idrofili o idrofobici, che presentano diverse propriet\u00e0 superficiali. 1. Superficie idrofila Se l&#8217;energia superficiale \u00e8 inferiore all&#8217;energia superficiale del liquido, la superficie \u00e8 idrofila rispetto al liquido. Lo strato di biossido di silicio sulla superficie del wafer di silicio pu\u00f2 mostrare una superficie idrofila dopo essere stato trattato con alcuni metodi chimici. In questo caso, le molecole d&#8217;acqua formeranno un film d&#8217;acqua liquido con un piccolo angolo di bagnatura sulla superficie del wafer di silicio, che favorisce alcune reazioni, crescita o analisi che interagiscono con l&#8217;acqua. 2. Superficie idrofobica Se l&#8217;energia superficiale \u00e8 superiore all&#8217;energia superficiale del liquido, la superficie \u00e8 idrofoba rispetto al liquido. Lo strato di biossido di silicio sulla superficie del wafer di silicio di solito mostra idrofobicit\u00e0. In questo caso, le molecole d&#8217;acqua formano una gocciolina d&#8217;acqua con un ampio angolo sulla superficie del wafer di silicio, che non favorisce alcune reazioni, crescita o analisi che interagiscono con l&#8217;acqua.<\/p>\n<h2><span style=\"font-size: 14pt;\">Applicazioni dei wafer di silice<\/span><\/h2>\n<p>Microelettronica: utilizzata nella fabbricazione di circuiti integrati. Ricerca: ideale per i test e lo sviluppo in laboratori e universit\u00e0. Optoelettronica: fondamentale per i dispositivi che interagiscono con la luce, come fotorilevatori e LED. Dispositivi MEMS: Essenziali per i sistemi micro-elettromeccanici. Strati dielettrici: SiO\u2082 funge da strato isolante per varie applicazioni.<\/p>\n<h2><span style=\"font-size: 14pt;\">Opzioni personalizzate che possiamo offrire<\/span><\/h2>\n<p>Finitura superficiale: Superfici lucide o ruvide. Strati di ossido su entrambi i lati o su un lato. Livelli di doping e spessore del wafer personalizzati.<\/p>\n","protected":false},"excerpt":{"rendered":"<p>I wafer di silice sono ampiamente utilizzati nei semiconduttori, nella microelettronica e nelle applicazioni di ricerca. I wafer di silicio sono il materiale di base per i dispositivi a semiconduttore e sono ricoperti da uno strato di biossido di silicio con uno spessore che varia da pochi nanometri a decine di nanometri, che pu\u00f2 fungere [&hellip;]<\/p>\n","protected":false},"featured_media":999964,"comment_status":"open","ping_status":"closed","template":"","meta":{"_acf_changed":false},"product_brand":[],"product_cat":[198],"product_tag":[],"class_list":{"0":"post-1010421","1":"product","2":"type-product","3":"status-publish","4":"has-post-thumbnail","6":"product_cat-materiali-per-levaporazione","8":"first","9":"instock","10":"shipping-taxable","11":"product-type-variable"},"acf":[],"_links":{"self":[{"href":"https:\/\/vimaterial.de\/it\/wp-json\/wp\/v2\/product\/1010421","targetHints":{"allow":["GET"]}}],"collection":[{"href":"https:\/\/vimaterial.de\/it\/wp-json\/wp\/v2\/product"}],"about":[{"href":"https:\/\/vimaterial.de\/it\/wp-json\/wp\/v2\/types\/product"}],"replies":[{"embeddable":true,"href":"https:\/\/vimaterial.de\/it\/wp-json\/wp\/v2\/comments?post=1010421"}],"wp:featuredmedia":[{"embeddable":true,"href":"https:\/\/vimaterial.de\/it\/wp-json\/wp\/v2\/media\/999964"}],"wp:attachment":[{"href":"https:\/\/vimaterial.de\/it\/wp-json\/wp\/v2\/media?parent=1010421"}],"wp:term":[{"taxonomy":"product_brand","embeddable":true,"href":"https:\/\/vimaterial.de\/it\/wp-json\/wp\/v2\/product_brand?post=1010421"},{"taxonomy":"product_cat","embeddable":true,"href":"https:\/\/vimaterial.de\/it\/wp-json\/wp\/v2\/product_cat?post=1010421"},{"taxonomy":"product_tag","embeddable":true,"href":"https:\/\/vimaterial.de\/it\/wp-json\/wp\/v2\/product_tag?post=1010421"}],"curies":[{"name":"wp","href":"https:\/\/api.w.org\/{rel}","templated":true}]}}