{"id":1010409,"date":"2024-06-17T14:14:26","date_gmt":"2024-06-17T06:14:26","guid":{"rendered":"https:\/\/vimaterial.de\/product\/zolfo-2\/"},"modified":"2024-12-25T10:21:17","modified_gmt":"2024-12-25T02:21:17","slug":"zolfo-2","status":"publish","type":"product","link":"https:\/\/vimaterial.de\/it\/product\/zolfo-2\/","title":{"rendered":"Zolfo"},"content":{"rendered":"<p>I granuli di zolfo sono un solido giallo chiaro con una consistenza morbida, facile da schiacciare e un odore unico. \u00c8 stabile a temperatura ambiente, ma si scioglie in un liquido giallo scuro quando viene riscaldato a una certa temperatura. Se continua ad essere riscaldato, bollir\u00e0 e produrr\u00e0 una fiamma blu-viola, rilasciando gas di anidride solforosa con un odore pungente. VIMATERIAL \u00e8 in grado di fornire polvere, granuli e grumi S di elevata purezza.  <\/p>\n<h2><span style=\"font-size: 14pt;\">Propriet\u00e0 fisiche<\/span><\/h2>\n<p>Peso atomico: 32.065 Densit\u00e0: (\u03b1) 2.07g\/cm3; (\u03b2) 1,96 g\/cm3; (\u03b3) 1,92 g\/cm3 Punto di fusione: 115,21 \u00b0C Punto di ebollizione: 444,60 \u00b0C<\/p>\n<h2><span style=\"font-size: 14pt;\">Propriet\u00e0 chimiche<\/span><\/h2>\n<p>L&#8217;elevata purezza S \u00e8 solubile in disolfuro di carbonio, tetracloruro di carbonio e benzene, leggermente solubile in etanolo ed etere e insolubile in acqua. La S amorfa \u00e8 zolfo elastico. I granuli di zolfo hanno propriet\u00e0 chimiche attive e possono reagire con molti metalli e non metalli.  <\/p>\n<h2><span style=\"font-size: 14pt;\">Purezza<\/span><\/h2>\n<p>4N, purezza superiore al 99,99%, contenuto di impurit\u00e0 totale inferiore a 100 ppm; 5N, purezza superiore al 99,999%, contenuto totale di impurit\u00e0 inferiore a 10 ppm; 6N, purezza superiore al 99,9999%, contenuto totale di impurit\u00e0 inferiore a 1 ppm.<\/p>\n<h2><span style=\"font-size: 14pt;\">Applicazione<\/span><\/h2>\n<p>Utilizzato nella produzione di acido solforico, solfuro di carbonio, fuochi d&#8217;artificio, vulcanizzatori di gomma e sapone S, ecc.<\/p>\n<h2><span style=\"font-size: 14pt;\">Imballaggio<\/span><\/h2>\n<p>Imballaggio sottovuoto in sacchetto di plastica trasparente \u2192 imballaggio sottovuoto in sacchetto di alluminio o imballaggio in bottiglia di polietilene \u2192 imballaggio sottovuoto in sacchetto di alluminio.<\/p>\n","protected":false},"excerpt":{"rendered":"<p>I granuli di zolfo sono un solido giallo chiaro con una consistenza morbida, facile da schiacciare e un odore unico. \u00c8 stabile a temperatura ambiente, ma si scioglie in un liquido giallo scuro quando viene riscaldato a una certa temperatura. Se continua ad essere riscaldato, bollir\u00e0 e produrr\u00e0 una fiamma blu-viola, rilasciando gas di anidride [&hellip;]<\/p>\n","protected":false},"featured_media":999988,"comment_status":"open","ping_status":"closed","template":"","meta":{"_acf_changed":false},"product_brand":[],"product_cat":[198],"product_tag":[],"class_list":{"0":"post-1010409","1":"product","2":"type-product","3":"status-publish","4":"has-post-thumbnail","6":"product_cat-materiali-per-levaporazione","8":"first","9":"instock","10":"shipping-taxable","11":"purchasable","12":"product-type-variable"},"acf":[],"_links":{"self":[{"href":"https:\/\/vimaterial.de\/it\/wp-json\/wp\/v2\/product\/1010409","targetHints":{"allow":["GET"]}}],"collection":[{"href":"https:\/\/vimaterial.de\/it\/wp-json\/wp\/v2\/product"}],"about":[{"href":"https:\/\/vimaterial.de\/it\/wp-json\/wp\/v2\/types\/product"}],"replies":[{"embeddable":true,"href":"https:\/\/vimaterial.de\/it\/wp-json\/wp\/v2\/comments?post=1010409"}],"wp:featuredmedia":[{"embeddable":true,"href":"https:\/\/vimaterial.de\/it\/wp-json\/wp\/v2\/media\/999988"}],"wp:attachment":[{"href":"https:\/\/vimaterial.de\/it\/wp-json\/wp\/v2\/media?parent=1010409"}],"wp:term":[{"taxonomy":"product_brand","embeddable":true,"href":"https:\/\/vimaterial.de\/it\/wp-json\/wp\/v2\/product_brand?post=1010409"},{"taxonomy":"product_cat","embeddable":true,"href":"https:\/\/vimaterial.de\/it\/wp-json\/wp\/v2\/product_cat?post=1010409"},{"taxonomy":"product_tag","embeddable":true,"href":"https:\/\/vimaterial.de\/it\/wp-json\/wp\/v2\/product_tag?post=1010409"}],"curies":[{"name":"wp","href":"https:\/\/api.w.org\/{rel}","templated":true}]}}