{"id":1010407,"date":"2024-06-17T14:14:22","date_gmt":"2024-06-17T06:14:22","guid":{"rendered":"https:\/\/vimaterial.de\/product\/lega-di-silicio-e-stagno\/"},"modified":"2024-12-24T17:59:22","modified_gmt":"2024-12-24T09:59:22","slug":"lega-di-silicio-e-stagno","status":"publish","type":"product","link":"https:\/\/vimaterial.de\/it\/product\/lega-di-silicio-e-stagno\/","title":{"rendered":"Lega di silicio e stagno"},"content":{"rendered":"<p>Le leghe di silicio-stagno (Si-Sn) sono leghe binarie che combinano silicio (Si) e stagno (Sn) per formare materiali con propriet\u00e0 elettroniche, termiche e meccaniche uniche. Queste leghe sono particolarmente preziose in applicazioni avanzate come l&#8217;accumulo di energia, l&#8217;elettronica e l&#8217;ingegneria dei materiali. VIMATERIAL offre un&#8217;ampia gamma di materiali in lega di silicio. <\/p>\n<h2><span style=\"font-size: 14pt;\">Propriet\u00e0 delle leghe Si-Sn<\/span><\/h2>\n<p>Composizione: La lega di silicio-stagno pu\u00f2 essere personalizzata con diversi rapporti di silicio e stagno a seconda dell&#8217;applicazione prevista. Conducibilit\u00e0 elettrica: lo stagno ha una buona conduttivit\u00e0 elettrica, mentre il silicio ha propriet\u00e0 semiconduttive che rendono la lega adatta per applicazioni elettroniche. Stabilit\u00e0 termica: il silicio migliora la resistenza termica della lega, mentre lo stagno aggiunge duttilit\u00e0 e facilit\u00e0 di lavorazione. Elevata capacit\u00e0 specifica: nelle applicazioni di accumulo di energia, in particolare per le batterie agli ioni di litio, sia il silicio che lo stagno offrono un&#8217;elevata capacit\u00e0 di accumulo agli ioni di litio. Resistenza alla corrosione: lo stagno ha resistenza all&#8217;ossidazione e alla corrosione, migliorando la durata della lega.<\/p>\n<h2><span style=\"font-size: 14pt;\">Applicazioni per leghe di silicio-stagno<\/span><\/h2>\n<p>Batterie agli ioni di litio: Materiale anodico: La lega Si-Sn \u00e8 stata sviluppata come materiale anodico avanzato grazie alla sua elevata capacit\u00e0 di accumulo di litio e stabilit\u00e0 ciclica. Ha il potenziale per sostituire gli anodi di grafite convenzionali nelle batterie ad alta densit\u00e0 di energia. Semiconduttori: Nuovi materiali semiconduttori per lo sviluppo della microelettronica, in particolare in dispositivi che richiedono un&#8217;elevata stabilit\u00e0 termica e meccanica. Bersagli di sputtering: i bersagli di sputtering in lega di silicio e stagno sono utilizzati nei processi di deposizione di film sottili per formare rivestimenti in dispositivi elettronici, ottici e fotovoltaici. Agenti leganti: utilizzati come componente in altre leghe per migliorare propriet\u00e0 specifiche come resistenza, resistenza alla corrosione o conduttivit\u00e0 elettrica. Rivestimenti e pellicole: i film in lega di silicio-stagno sono utilizzati come rivestimenti protettivi per applicazioni optoelettroniche e ad alta temperatura. <\/p>\n","protected":false},"excerpt":{"rendered":"<p>Le leghe di silicio-stagno (Si-Sn) sono leghe binarie che combinano silicio (Si) e stagno (Sn) per formare materiali con propriet\u00e0 elettroniche, termiche e meccaniche uniche. Queste leghe sono particolarmente preziose in applicazioni avanzate come l&#8217;accumulo di energia, l&#8217;elettronica e l&#8217;ingegneria dei materiali. VIMATERIAL offre un&#8217;ampia gamma di materiali in lega di silicio. Propriet\u00e0 delle leghe [&hellip;]<\/p>\n","protected":false},"featured_media":999981,"comment_status":"open","ping_status":"closed","template":"","meta":{"_acf_changed":false},"product_brand":[],"product_cat":[198],"product_tag":[],"class_list":{"0":"post-1010407","1":"product","2":"type-product","3":"status-publish","4":"has-post-thumbnail","6":"product_cat-materiali-per-levaporazione","8":"first","9":"instock","10":"shipping-taxable","11":"product-type-variable"},"acf":[],"_links":{"self":[{"href":"https:\/\/vimaterial.de\/it\/wp-json\/wp\/v2\/product\/1010407","targetHints":{"allow":["GET"]}}],"collection":[{"href":"https:\/\/vimaterial.de\/it\/wp-json\/wp\/v2\/product"}],"about":[{"href":"https:\/\/vimaterial.de\/it\/wp-json\/wp\/v2\/types\/product"}],"replies":[{"embeddable":true,"href":"https:\/\/vimaterial.de\/it\/wp-json\/wp\/v2\/comments?post=1010407"}],"wp:featuredmedia":[{"embeddable":true,"href":"https:\/\/vimaterial.de\/it\/wp-json\/wp\/v2\/media\/999981"}],"wp:attachment":[{"href":"https:\/\/vimaterial.de\/it\/wp-json\/wp\/v2\/media?parent=1010407"}],"wp:term":[{"taxonomy":"product_brand","embeddable":true,"href":"https:\/\/vimaterial.de\/it\/wp-json\/wp\/v2\/product_brand?post=1010407"},{"taxonomy":"product_cat","embeddable":true,"href":"https:\/\/vimaterial.de\/it\/wp-json\/wp\/v2\/product_cat?post=1010407"},{"taxonomy":"product_tag","embeddable":true,"href":"https:\/\/vimaterial.de\/it\/wp-json\/wp\/v2\/product_tag?post=1010407"}],"curies":[{"name":"wp","href":"https:\/\/api.w.org\/{rel}","templated":true}]}}