{"id":1010356,"date":"2024-06-17T14:15:29","date_gmt":"2024-06-17T06:15:29","guid":{"rendered":"https:\/\/vimaterial.de\/product\/tellurite-di-potassio\/"},"modified":"2024-12-25T13:48:30","modified_gmt":"2024-12-25T05:48:30","slug":"tellurite-di-potassio","status":"publish","type":"product","link":"https:\/\/vimaterial.de\/it\/product\/tellurite-di-potassio\/","title":{"rendered":"Tellurite di potassio"},"content":{"rendered":"<p>La tellurite di potassio, con la formula chimica K\u2082TeO\u2083, \u00e8 un composto inorganico in cui lo ione potassio \u00e8 legato all&#8217;anione tellurite. \u00c8 un sale idrosolubile con interessanti propriet\u00e0 chimiche dovute al fatto che il tellurio si trova nello stato di ossidazione +4. <\/p>\n<h2><span style=\"font-size: 14pt;\">Propriet\u00e0<\/span><\/h2>\n<p>Aspetto: solitamente solido cristallino di colore da bianco a biancastro. Formula chimica: K\u2082TeO\u2083 Struttura molecolare: Il tellurio \u00e8 legato a tre atomi di ossigeno in una struttura a cono triangolare. Solubilit\u00e0: Solubile in acqua, formando una soluzione alcalina. Stabilit\u00e0: stabile in condizioni normali, ma pu\u00f2 reagire con gli acidi per formare biossido di tellurio (TeO\u2082) e gas contenenti tellurio.<\/p>\n<h2><span style=\"font-size: 14pt;\">Applicazioni<\/span><\/h2>\n<p>Microbiologia: utilizzato come agente selettivo nei terreni per l&#8217;isolamento di alcuni batteri (ad es. Corynebacterium diphtheriae) a causa dei suoi effetti tossici su altri microrganismi. Chimico: Come precursore per la sintesi di altri composti del tellurio. Ricerca: studio delle sue propriet\u00e0 chimiche e catalitiche e scienza dei materiali a base di tellurio.<\/p>\n<h2><span style=\"font-size: 14pt;\">Movimentazione e stoccaggio<\/span><\/h2>\n<p>Conservare in contenitori sigillati in un luogo fresco, asciutto e ben ventilato. Indossare guanti, occhiali protettivi e tute da laboratorio durante la manipolazione.<\/p>\n","protected":false},"excerpt":{"rendered":"<p>La tellurite di potassio, con la formula chimica K\u2082TeO\u2083, \u00e8 un composto inorganico in cui lo ione potassio \u00e8 legato all&#8217;anione tellurite. \u00c8 un sale idrosolubile con interessanti propriet\u00e0 chimiche dovute al fatto che il tellurio si trova nello stato di ossidazione +4. Propriet\u00e0 Aspetto: solitamente solido cristallino di colore da bianco a biancastro. Formula [&hellip;]<\/p>\n","protected":false},"featured_media":1000027,"comment_status":"open","ping_status":"closed","template":"","meta":{"_acf_changed":false},"product_brand":[],"product_cat":[200],"product_tag":[],"class_list":{"0":"post-1010356","1":"product","2":"type-product","3":"status-publish","4":"has-post-thumbnail","6":"product_cat-materiali-calcogenidici","8":"first","9":"instock","10":"shipping-taxable","11":"product-type-variable"},"acf":[],"_links":{"self":[{"href":"https:\/\/vimaterial.de\/it\/wp-json\/wp\/v2\/product\/1010356","targetHints":{"allow":["GET"]}}],"collection":[{"href":"https:\/\/vimaterial.de\/it\/wp-json\/wp\/v2\/product"}],"about":[{"href":"https:\/\/vimaterial.de\/it\/wp-json\/wp\/v2\/types\/product"}],"replies":[{"embeddable":true,"href":"https:\/\/vimaterial.de\/it\/wp-json\/wp\/v2\/comments?post=1010356"}],"wp:featuredmedia":[{"embeddable":true,"href":"https:\/\/vimaterial.de\/it\/wp-json\/wp\/v2\/media\/1000027"}],"wp:attachment":[{"href":"https:\/\/vimaterial.de\/it\/wp-json\/wp\/v2\/media?parent=1010356"}],"wp:term":[{"taxonomy":"product_brand","embeddable":true,"href":"https:\/\/vimaterial.de\/it\/wp-json\/wp\/v2\/product_brand?post=1010356"},{"taxonomy":"product_cat","embeddable":true,"href":"https:\/\/vimaterial.de\/it\/wp-json\/wp\/v2\/product_cat?post=1010356"},{"taxonomy":"product_tag","embeddable":true,"href":"https:\/\/vimaterial.de\/it\/wp-json\/wp\/v2\/product_tag?post=1010356"}],"curies":[{"name":"wp","href":"https:\/\/api.w.org\/{rel}","templated":true}]}}