{"id":1010351,"date":"2024-06-17T14:15:29","date_gmt":"2024-06-17T06:15:29","guid":{"rendered":"https:\/\/vimaterial.de\/product\/molibdato-di-potassio\/"},"modified":"2024-12-25T13:17:21","modified_gmt":"2024-12-25T05:17:21","slug":"molibdato-di-potassio","status":"publish","type":"product","link":"https:\/\/vimaterial.de\/it\/product\/molibdato-di-potassio\/","title":{"rendered":"Molibdato di potassio"},"content":{"rendered":"<p>Il molibdato di potassio (K2MoO4) \u00e8 un importante composto inorganico composto da ioni potassio e ioni molibdato. Di solito \u00e8 una polvere cristallina bianca, solubile in acqua e ha un certo grado di tossicit\u00e0. Il molibdato di potassio \u00e8 ampiamente utilizzato nella produzione industriale nei settori dei catalizzatori, dei conservanti, dei processi galvanici e delle materie prime chimiche.  <\/p>\n<h2><span style=\"font-size: 14pt;\">Propriet\u00e0 fisiche<\/span><\/h2>\n<p>Aspetto e forma: Polvere cristallina fine bianca. \u00c8 deliquescente e igroscopico. Densit\u00e0: 2,3 g\/mL Punto di fusione: 919\u00b0C Punto di ebollizione: 1400\u00b0C Solubilit\u00e0: \u00c8 facilmente solubile in acqua, ma insolubile in etanolo ed etere. \u00c8 stabile nell&#8217;aria e si scurisce gradualmente se esposto alla luce. <\/p>\n<h2><span style=\"font-size: 14pt;\">Propriet\u00e0 chimiche<\/span><\/h2>\n<p>Acidit\u00e0 e alcalinit\u00e0: il molibdato di potassio \u00e8 debolmente alcalino e pu\u00f2 reagire con acidi forti per formare sali corrispondenti. Propriet\u00e0 ossidante: il molibdato ha una forte propriet\u00e0 ossidante e pu\u00f2 essere ridotto da alcuni agenti riducenti come gli ioni ferrosi. Ad esempio, in condizioni acide, il molibdato di potassio pu\u00f2 ossidare lo ioduro di potassio in iodio elementare (I2) e a sua volta viene ridotto a blu di molibdeno (Mo3O2). Complessit\u00e0: il molibdato di potassio pu\u00f2 formare complessi con una variet\u00e0 di ioni metallici. Ad esempio, pu\u00f2 reagire con gli ioni piombo per formare un precipitato giallo. Stabilit\u00e0 termica: il molibdato di potassio si decompone ad alte temperature per produrre ossigeno e triossido di molibdeno.<\/p>\n<h2><span style=\"font-size: 14pt;\">Preparazioni<\/span><\/h2>\n<p>K2MoO4 pu\u00f2 essere preparato con una variet\u00e0 di metodi, tra cui la neutralizzazione, la precipitazione e la calcinazione. Tra questi, il metodo di neutralizzazione \u00e8 il metodo pi\u00f9 comunemente usato, che consiste nel neutralizzare la soluzione di idrossido di potassio con triossido di molibdeno industriale o acido molibdico, quindi filtrare, concentrare, raffreddare e cristallizzare, centrifugare, asciugare e altri passaggi per ottenere il prodotto finito. <\/p>\n<h2><span style=\"font-size: 14pt;\">Applicazioni<\/span><\/h2>\n<p>Il molibdato di potassio viene utilizzato in molti campi, tra cui: 1. Catalizzatore: come materia prima per catalizzatori poliacidi, viene utilizzato per catalizzare una variet\u00e0 di reazioni chimiche. 2. Reagente analitico: utilizzato per l&#8217;ispezione degli alcaloidi e la determinazione del fosforo disponibile nei fertilizzanti fosfatici. 3. Altri campi: pu\u00f2 essere utilizzato anche in coloranti, pigmenti, inibitori di ruggine, inibitori di corrosione e industrie farmaceutiche.<\/p>\n<h2><span style=\"font-size: 14pt;\">Sicurezza e tossicit\u00e0<\/span><\/h2>\n<p>Classificazione dei pericoli: Il molibdato di potassio \u00e8 un prodotto pericoloso e ha un certo effetto irritante sugli occhi, sulla pelle e sulle vie respiratorie. Pertanto, \u00e8 necessario adottare adeguate misure di protezione durante l&#8217;uso e la manipolazione. Misure di primo soccorso: se il molibdato di potassio viene toccato o inalato accidentalmente, deve essere immediatamente risciacquato con abbondante acqua e deve essere richiesto l&#8217;aiuto di un medico. <\/p>\n<h2><span style=\"font-size: 14pt;\">Condizioni di conservazione<\/span><\/h2>\n<p>Conservazione: K2MoO4 deve essere conservato a temperatura ambiente, evitando alte temperature e ambienti umidi per prevenire la deliquescenza e il deterioramento. Imballaggio: le specifiche comuni dell&#8217;imballaggio includono 500 grammi, 1 chilogrammo e 25 chilogrammi, ecc. Specifiche diverse sono adatte a diverse esigenze di utilizzo.<\/p>\n","protected":false},"excerpt":{"rendered":"<p>Il molibdato di potassio (K2MoO4) \u00e8 un importante composto inorganico composto da ioni potassio e ioni molibdato. Di solito \u00e8 una polvere cristallina bianca, solubile in acqua e ha un certo grado di tossicit\u00e0. Il molibdato di potassio \u00e8 ampiamente utilizzato nella produzione industriale nei settori dei catalizzatori, dei conservanti, dei processi galvanici e delle [&hellip;]<\/p>\n","protected":false},"featured_media":1000020,"comment_status":"open","ping_status":"closed","template":"","meta":{"_acf_changed":false},"product_brand":[],"product_cat":[206],"product_tag":[],"class_list":{"0":"post-1010351","1":"product","2":"type-product","3":"status-publish","4":"has-post-thumbnail","6":"product_cat-altri-materiali","8":"first","9":"instock","10":"shipping-taxable","11":"purchasable","12":"product-type-variable"},"acf":[],"_links":{"self":[{"href":"https:\/\/vimaterial.de\/it\/wp-json\/wp\/v2\/product\/1010351","targetHints":{"allow":["GET"]}}],"collection":[{"href":"https:\/\/vimaterial.de\/it\/wp-json\/wp\/v2\/product"}],"about":[{"href":"https:\/\/vimaterial.de\/it\/wp-json\/wp\/v2\/types\/product"}],"replies":[{"embeddable":true,"href":"https:\/\/vimaterial.de\/it\/wp-json\/wp\/v2\/comments?post=1010351"}],"wp:featuredmedia":[{"embeddable":true,"href":"https:\/\/vimaterial.de\/it\/wp-json\/wp\/v2\/media\/1000020"}],"wp:attachment":[{"href":"https:\/\/vimaterial.de\/it\/wp-json\/wp\/v2\/media?parent=1010351"}],"wp:term":[{"taxonomy":"product_brand","embeddable":true,"href":"https:\/\/vimaterial.de\/it\/wp-json\/wp\/v2\/product_brand?post=1010351"},{"taxonomy":"product_cat","embeddable":true,"href":"https:\/\/vimaterial.de\/it\/wp-json\/wp\/v2\/product_cat?post=1010351"},{"taxonomy":"product_tag","embeddable":true,"href":"https:\/\/vimaterial.de\/it\/wp-json\/wp\/v2\/product_tag?post=1010351"}],"curies":[{"name":"wp","href":"https:\/\/api.w.org\/{rel}","templated":true}]}}