{"id":1010339,"date":"2024-06-17T14:15:29","date_gmt":"2024-06-17T06:15:29","guid":{"rendered":"https:\/\/vimaterial.de\/product\/esabromoplatinatoiv-di-potassio\/"},"modified":"2024-12-25T11:13:51","modified_gmt":"2024-12-25T03:13:51","slug":"esabromoplatinatoiv-di-potassio","status":"publish","type":"product","link":"https:\/\/vimaterial.de\/it\/product\/esabromoplatinatoiv-di-potassio\/","title":{"rendered":"Esabromoplatinato di potassio (IV)"},"content":{"rendered":"<p>L&#8217;esabromoplatinato di potassio (IV), con formula chimica K\u2082[PtBr\u2086], \u00e8 un composto di coordinazione contenente potassio, platino e bromo. \u00c8 un sale in cui l&#8217;atomo di platino si trova nello stato di ossidazione +4 circondato da sei atomi di bromo in una geometria ottaedrica. <\/p>\n<h2><span style=\"font-size: 14pt;\">Propriet\u00e0<\/span><\/h2>\n<p>Aspetto: Di solito si presenta come un solido cristallino, di solito di colore da arancione a rosso. Formula chimica: K\u2082[PtBr\u2086]. Struttura molecolare: Coordinazione ottaedrica di sei leganti bromurici attorno a un centro di platino. Solubilit\u00e0: Solubile in acqua e in alcuni solventi polari. La solubilit\u00e0 pu\u00f2 variare con la temperatura. Stabilit\u00e0: Relativamente stabile in condizioni normali, ma si decompone ad alte temperature o in condizioni fortemente riducenti. Tossicit\u00e0: Essendo un composto di platino, l&#8217;esabromoplatinato di potassio pu\u00f2 essere tossico e deve essere maneggiato con le dovute precauzioni.<\/p>\n<h2><span style=\"font-size: 14pt;\">Applicazioni<\/span><\/h2>\n<p>Reagente chimico: l&#8217;esabromoplatinato di potassio viene utilizzato in chimica analitica per precipitare il platino o come reagente per la rilevazione di ioni potassio. Precursore del catalizzatore: come materiale di partenza per la sintesi di catalizzatori a base di platino utilizzati in vari processi industriali e chimici. Deposizione elettronica e di film sottili: l&#8217;esabromolatonato di potassio viene occasionalmente utilizzato per applicazioni elettroniche specializzate o per il deposito di film di platino nella scienza dei materiali. Ricerca: Studiare le sue propriet\u00e0 in chimica di coordinazione e scienza dei materiali.<\/p>\n<h2><span style=\"font-size: 14pt;\">Informazioni sulla sicurezza<\/span><\/h2>\n<p>Pericoli: Pu\u00f2 essere dannoso se inalato o ingerito. Pu\u00f2 irritare la pelle, gli occhi e le vie respiratorie. I composti del platino sono potenzialmente allergenici.<\/p>\n<h2><span style=\"font-size: 14pt;\">Movimentazione e stoccaggio:<\/span><\/h2>\n<p>Conservare in un luogo fresco, asciutto e ben ventilato. Indossare guanti, occhiali protettivi e indumenti da laboratorio adeguati durante la manipolazione.<\/p>\n","protected":false},"excerpt":{"rendered":"<p>L&#8217;esabromoplatinato di potassio (IV), con formula chimica K\u2082[PtBr\u2086], \u00e8 un composto di coordinazione contenente potassio, platino e bromo. \u00c8 un sale in cui l&#8217;atomo di platino si trova nello stato di ossidazione +4 circondato da sei atomi di bromo in una geometria ottaedrica. Propriet\u00e0 Aspetto: Di solito si presenta come un solido cristallino, di solito [&hellip;]<\/p>\n","protected":false},"featured_media":1000034,"comment_status":"open","ping_status":"closed","template":"","meta":{"_acf_changed":false},"product_brand":[],"product_cat":[201],"product_tag":[],"class_list":{"0":"post-1010339","1":"product","2":"type-product","3":"status-publish","4":"has-post-thumbnail","6":"product_cat-materiali-a-base-di-alogenuri","8":"first","9":"instock","10":"shipping-taxable","11":"purchasable","12":"product-type-variable"},"acf":[],"_links":{"self":[{"href":"https:\/\/vimaterial.de\/it\/wp-json\/wp\/v2\/product\/1010339","targetHints":{"allow":["GET"]}}],"collection":[{"href":"https:\/\/vimaterial.de\/it\/wp-json\/wp\/v2\/product"}],"about":[{"href":"https:\/\/vimaterial.de\/it\/wp-json\/wp\/v2\/types\/product"}],"replies":[{"embeddable":true,"href":"https:\/\/vimaterial.de\/it\/wp-json\/wp\/v2\/comments?post=1010339"}],"wp:featuredmedia":[{"embeddable":true,"href":"https:\/\/vimaterial.de\/it\/wp-json\/wp\/v2\/media\/1000034"}],"wp:attachment":[{"href":"https:\/\/vimaterial.de\/it\/wp-json\/wp\/v2\/media?parent=1010339"}],"wp:term":[{"taxonomy":"product_brand","embeddable":true,"href":"https:\/\/vimaterial.de\/it\/wp-json\/wp\/v2\/product_brand?post=1010339"},{"taxonomy":"product_cat","embeddable":true,"href":"https:\/\/vimaterial.de\/it\/wp-json\/wp\/v2\/product_cat?post=1010339"},{"taxonomy":"product_tag","embeddable":true,"href":"https:\/\/vimaterial.de\/it\/wp-json\/wp\/v2\/product_tag?post=1010339"}],"curies":[{"name":"wp","href":"https:\/\/api.w.org\/{rel}","templated":true}]}}