{"id":1010324,"date":"2024-06-17T14:15:33","date_gmt":"2024-06-17T06:15:33","guid":{"rendered":"https:\/\/vimaterial.de\/product\/esafluorosilicato-di-potassio\/"},"modified":"2024-12-25T14:43:08","modified_gmt":"2024-12-25T06:43:08","slug":"esafluorosilicato-di-potassio","status":"publish","type":"product","link":"https:\/\/vimaterial.de\/it\/product\/esafluorosilicato-di-potassio\/","title":{"rendered":"Esafluorosilicato di potassio"},"content":{"rendered":"<p>L&#8217;esafluorosilicato di potassio, formula chimica K2SiF6, \u00e8 una polvere cristallina bianca con una vasta gamma di usi, soprattutto nell&#8217;industria delle costruzioni, del vetro e della ceramica. Grazie alle sue propriet\u00e0 chimiche uniche, il fluorosilicato di potassio \u00e8 diventato una sostanza indispensabile in molti flussi di processo. <\/p>\n<h2><span style=\"font-size: 14pt;\">Propriet\u00e0 dell&#8217;esafluorosilicato di potassio<\/span><\/h2>\n<p>Formula chimica: K2SiF6 Peso molecolare: 220,26 Aspetto: polvere fine bianca o cristallo, inodore e insapore Solubilit\u00e0 in acqua: leggermente solubile in acqua, insolubile in alcool, solubile in acido cloridrico Densit\u00e0: 2,665 g\/mL a 25 \u00b0C (lett.) Punto di fusione: 993\u00b0C Punto di ebollizione: 1704\u00b0C<\/p>\n<h2><span style=\"font-size: 14pt;\">Applicazione di esafluorosilicato di potassio<\/span><\/h2>\n<p>1. Utilizzato nella produzione di vetro opalescente, smalto porcellanato, pesticidi, conservanti per legno e fusione del piombo. 2. Utilizzato nella conservazione del legno, nella produzione di ceramica, nella fusione di alluminio e magnesio, nei pesticidi agricoli. 3. Utilizzato anche nella produzione di vetro ottico, nella produzione di mica sintetica e smalto, ecc.<\/p>\n<h2><span style=\"font-size: 14pt;\">Informazioni sulla sicurezza dell&#8217;esafluorosilicato di potassio<\/span><\/h2>\n<p>Tossicit\u00e0: il fluorosilicato di potassio \u00e8 moderatamente tossico, con una dose letale mediana orale (LD50) di 70 mg\/kg e 156 mg\/kg rispettivamente per topi e ratti. Tossico per inalazione, contatto con la pelle e ingestione. Stoccaggio e trasporto: Conservare in un magazzino fresco e ventilato, lontano da fuoco e fonti di calore. Durante il trasporto, prestare attenzione alla protezione dalla pioggia e dall&#8217;umidit\u00e0, evitare collisioni ed estrusione. Trattamento di emergenza: se tocca accidentalmente la pelle e gli occhi, sciacquare immediatamente con abbondante acqua e consultare un medico. In caso di incendio, utilizzare anidride carbonica, sabbia o polvere estinguente per estinguere l&#8217;incendio. <\/p>\n","protected":false},"excerpt":{"rendered":"<p>L&#8217;esafluorosilicato di potassio, formula chimica K2SiF6, \u00e8 una polvere cristallina bianca con una vasta gamma di usi, soprattutto nell&#8217;industria delle costruzioni, del vetro e della ceramica. Grazie alle sue propriet\u00e0 chimiche uniche, il fluorosilicato di potassio \u00e8 diventato una sostanza indispensabile in molti flussi di processo. Propriet\u00e0 dell&#8217;esafluorosilicato di potassio Formula chimica: K2SiF6 Peso molecolare: [&hellip;]<\/p>\n","protected":false},"featured_media":1000041,"comment_status":"open","ping_status":"closed","template":"","meta":{"_acf_changed":false},"product_brand":[],"product_cat":[201],"product_tag":[],"class_list":{"0":"post-1010324","1":"product","2":"type-product","3":"status-publish","4":"has-post-thumbnail","6":"product_cat-materiali-a-base-di-alogenuri","8":"first","9":"instock","10":"shipping-taxable","11":"purchasable","12":"product-type-variable"},"acf":[],"_links":{"self":[{"href":"https:\/\/vimaterial.de\/it\/wp-json\/wp\/v2\/product\/1010324","targetHints":{"allow":["GET"]}}],"collection":[{"href":"https:\/\/vimaterial.de\/it\/wp-json\/wp\/v2\/product"}],"about":[{"href":"https:\/\/vimaterial.de\/it\/wp-json\/wp\/v2\/types\/product"}],"replies":[{"embeddable":true,"href":"https:\/\/vimaterial.de\/it\/wp-json\/wp\/v2\/comments?post=1010324"}],"wp:featuredmedia":[{"embeddable":true,"href":"https:\/\/vimaterial.de\/it\/wp-json\/wp\/v2\/media\/1000041"}],"wp:attachment":[{"href":"https:\/\/vimaterial.de\/it\/wp-json\/wp\/v2\/media?parent=1010324"}],"wp:term":[{"taxonomy":"product_brand","embeddable":true,"href":"https:\/\/vimaterial.de\/it\/wp-json\/wp\/v2\/product_brand?post=1010324"},{"taxonomy":"product_cat","embeddable":true,"href":"https:\/\/vimaterial.de\/it\/wp-json\/wp\/v2\/product_cat?post=1010324"},{"taxonomy":"product_tag","embeddable":true,"href":"https:\/\/vimaterial.de\/it\/wp-json\/wp\/v2\/product_tag?post=1010324"}],"curies":[{"name":"wp","href":"https:\/\/api.w.org\/{rel}","templated":true}]}}