{"id":1010296,"date":"2024-06-17T14:16:22","date_gmt":"2024-06-17T06:16:22","guid":{"rendered":"https:\/\/vimaterial.de\/product\/bromuro-di-potassio\/"},"modified":"2024-12-25T17:33:08","modified_gmt":"2024-12-25T09:33:08","slug":"bromuro-di-potassio","status":"publish","type":"product","link":"https:\/\/vimaterial.de\/it\/product\/bromuro-di-potassio\/","title":{"rendered":"Bromuro di potassio"},"content":{"rendered":"<p>Il bromuro di potassio (KBr) \u00e8 un materiale importante con ampie applicazioni nei materiali ottici, nelle preparazioni farmaceutiche, nei materiali biomedici, nei combustibili nucleari e nei catalizzatori. Struttura: cristallo ionico, sistema cubico.<\/p>\n<h2><span style=\"font-size: 14pt;\">Propriet\u00e0 fisiche<\/span><\/h2>\n<p>Aspetto: cristallo incolore o polvere bianca. Densit\u00e0: 2,75 g\/cm3 Punto di fusione: 734\u00b0C Punto di ebollizione: 1435\u00b0C Solubilit\u00e0: 650 g\/L (20\u00b0C)<\/p>\n<h2><span style=\"font-size: 14pt;\">Propriet\u00e0 chimiche<\/span><\/h2>\n<p>Leggermente igroscopico. Il colore diventa giallo se esposto alla luce. 1 g di questo prodotto \u00e8 solubile in 1,5 ml di acqua, 1 ml di acqua bollente, 250 ml di etanolo e 4,6 ml di glicerolo. La sua soluzione acquosa \u00e8 neutra. Facilmente solubile in acqua. La solubilit\u00e0 in 100 g di acqua \u00e8 di 53,5 g (0 \u00b0C), 65,2 g (20 \u00b0C) e 104,0 g (100 \u00b0C). Il suo ione bromuro pu\u00f2 essere sostituito da fluoro e cloro. Reagisce con l&#8217;acido solforico per generare bromuro di idrogeno. Reagisce con il nitrato d&#8217;argento per formare un precipitato di bromuro d&#8217;argento giallo   <\/p>\n<h2><span style=\"font-size: 14pt;\">Applicazione<\/span><\/h2>\n<p>1. Materiali fotoelettrici: il bromuro di potassio viene utilizzato per preparare il vetro ottico e la fibra ottica e viene applicato alla tecnologia laser e alla tecnologia della comunicazione. 2. Analisi chimica: il bromuro di potassio viene utilizzato come reagente chimico per determinare il contenuto di bromo, come catalizzatore o agente ausiliario, per preparare soluzioni standard. 3. Produzione farmaceutica: il bromuro di potassio viene utilizzato come materia prima farmaceutica nel processo di sintesi di vari farmaci. 4. Materiali fotosensibili: il bromuro di potassio viene utilizzato per realizzare film fotosensibili, sviluppatori, addensanti per film, toner e agenti sbiancanti per foto a colori, ecc. 5. Prodotti farmaceutici: il bromuro di potassio viene utilizzato per preparare compresse di tribromo sedativo per trattare nevrastenia, insonnia neurologica ed eccitazione mentale. 6. Altre applicazioni: il bromuro di potassio viene utilizzato per realizzare saponi speciali, incisione e litografia, spettrofotometria e trasmissione a infrarossi, ecc.<\/p>\n<h2><span style=\"font-size: 14pt;\">Condizioni di conservazione<\/span><\/h2>\n<p>1. Conservare in un magazzino fresco e ventilato. Tenere lontano da fuoco e fonti di calore. 2. L&#8217;imballaggio deve essere sigillato e non a contatto con l&#8217;aria. Prevenire l&#8217;umidit\u00e0. Conservare separatamente da ossidanti e acidi. 3. Prevenire l&#8217;esposizione alla luce solare e isolare dal fuoco e dalle fonti di calore. In caso di incendio, \u00e8 possibile utilizzare estintori a sabbia e anidride carbonica per spegnere l&#8217;incendio. <\/p>\n","protected":false},"excerpt":{"rendered":"<p>Il bromuro di potassio (KBr) \u00e8 un materiale importante con ampie applicazioni nei materiali ottici, nelle preparazioni farmaceutiche, nei materiali biomedici, nei combustibili nucleari e nei catalizzatori. Struttura: cristallo ionico, sistema cubico. Propriet\u00e0 fisiche Aspetto: cristallo incolore o polvere bianca. Densit\u00e0: 2,75 g\/cm3 Punto di fusione: 734\u00b0C Punto di ebollizione: 1435\u00b0C Solubilit\u00e0: 650 g\/L (20\u00b0C) [&hellip;]<\/p>\n","protected":false},"featured_media":1000069,"comment_status":"open","ping_status":"closed","template":"","meta":{"_acf_changed":false},"product_brand":[],"product_cat":[201],"product_tag":[],"class_list":{"0":"post-1010296","1":"product","2":"type-product","3":"status-publish","4":"has-post-thumbnail","6":"product_cat-materiali-a-base-di-alogenuri","8":"first","9":"instock","10":"shipping-taxable","11":"purchasable","12":"product-type-variable"},"acf":[],"_links":{"self":[{"href":"https:\/\/vimaterial.de\/it\/wp-json\/wp\/v2\/product\/1010296","targetHints":{"allow":["GET"]}}],"collection":[{"href":"https:\/\/vimaterial.de\/it\/wp-json\/wp\/v2\/product"}],"about":[{"href":"https:\/\/vimaterial.de\/it\/wp-json\/wp\/v2\/types\/product"}],"replies":[{"embeddable":true,"href":"https:\/\/vimaterial.de\/it\/wp-json\/wp\/v2\/comments?post=1010296"}],"wp:featuredmedia":[{"embeddable":true,"href":"https:\/\/vimaterial.de\/it\/wp-json\/wp\/v2\/media\/1000069"}],"wp:attachment":[{"href":"https:\/\/vimaterial.de\/it\/wp-json\/wp\/v2\/media?parent=1010296"}],"wp:term":[{"taxonomy":"product_brand","embeddable":true,"href":"https:\/\/vimaterial.de\/it\/wp-json\/wp\/v2\/product_brand?post=1010296"},{"taxonomy":"product_cat","embeddable":true,"href":"https:\/\/vimaterial.de\/it\/wp-json\/wp\/v2\/product_cat?post=1010296"},{"taxonomy":"product_tag","embeddable":true,"href":"https:\/\/vimaterial.de\/it\/wp-json\/wp\/v2\/product_tag?post=1010296"}],"curies":[{"name":"wp","href":"https:\/\/api.w.org\/{rel}","templated":true}]}}