{"id":1010237,"date":"2024-06-17T14:17:03","date_gmt":"2024-06-17T06:17:03","guid":{"rendered":"https:\/\/vimaterial.de\/product\/acetato-di-potassio\/"},"modified":"2024-12-26T14:41:06","modified_gmt":"2024-12-26T06:41:06","slug":"acetato-di-potassio","status":"publish","type":"product","link":"https:\/\/vimaterial.de\/it\/product\/acetato-di-potassio\/","title":{"rendered":"Acetato di potassio"},"content":{"rendered":"<p>L&#8217;acetato di potassio, noto anche come acetato di potassio, ha una formula chimica di C2H3O2K. \u00c8 un sale ottenuto dalla reazione di acetato di sodio e cloruro di potassio. Si tratta di una polvere cristallina bianca, inodore, leggermente salata e facilmente solubile in acqua ed etanolo.  <\/p>\n<h2><span style=\"font-size: 14pt;\">Propriet\u00e0<\/span><\/h2>\n<p>Formula chimica: CH3COOK Peso molecolare: 98,14 Punto di fusione: 292 \u00b0C Densit\u00e0: 1,57 g\/cm\u00b3<\/p>\n<p>Aspetto: polvere bianca<\/p>\n<p>Solubilit\u00e0: facilmente solubile in acqua, solubile in etanolo e ammoniaca liquida, insolubile in etere e acetone. L&#8217;acetato di potassio \u00e8 una sostanza debolmente acida che presenta una debole acidit\u00e0 in acqua. Il suo effetto di ionizzazione acida \u00e8 piccolo e non \u00e8 facile decomporre l&#8217;acido libero. Allo stesso tempo, decompone l&#8217;acido acetico e l&#8217;ossido di potassio quando riscaldato.<\/p>\n<h2><span style=\"font-size: 14pt;\">Produzione<\/span><\/h2>\n<p>Esistono due principali processi di produzione per l&#8217;acetato di potassio. Uno \u00e8 quello di far reagire il cloruro di potassio e l&#8217;acetato di sodio per ottenere l&#8217;acetato di potassio e il cloruro di sodio, quindi separare l&#8217;acetato di potassio attraverso processi come la cristallizzazione e l&#8217;evaporazione. L&#8217;altro \u00e8 quello di fermentare l&#8217;acetato di potassio utilizzando come materie prime prodotti naturali come la buccia del legno (buccia di frutta, corteccia, ecc.).  <\/p>\n<h2><span style=\"font-size: 14pt;\">Applicazioni<\/span><\/h2>\n<p>Campo medico: L&#8217;acetato di potassio \u00e8 un efficace integratore di elettroliti che pu\u00f2 aiutare a regolare l&#8217;equilibrio acido-base nel corpo, soprattutto nel trattamento dell&#8217;acidosi metabolica. Inoltre, pu\u00f2 anche essere utilizzato come agente a rilascio prolungato per i farmaci per prolungare la durata dell&#8217;azione dei farmaci. Campo alimentare: Viene spesso utilizzato come conservante e agente antibatterico per prolungare la durata di conservazione degli alimenti. Allo stesso tempo, \u00e8 anche un agente aromatizzante che pu\u00f2 migliorare il gusto del cibo. Campo industriale: Pu\u00f2 essere utilizzato come tampone nell&#8217;industria galvanica per evitare che l&#8217;acidit\u00e0 dell&#8217;elettrolita sia troppo elevata. Nella produzione di poliuretano, pu\u00f2 essere utilizzato anche come catalizzatore. Inoltre, pu\u00f2 essere utilizzato anche per realizzare vetri trasparenti, materiali isolanti, fibra di vetro, coloranti e pigmenti, ecc. In questi processi di produzione, pu\u00f2 essere utilizzato come catalizzatore industriale, agente ausiliario o additivo per migliorare la stabilit\u00e0 e la durata del prodotto. <\/p>\n<h2><span style=\"font-size: 14pt;\">Controllo qualit\u00e0<\/span><\/h2>\n<p>I nostri prodotti implementano il pi\u00f9 rigoroso sistema di gestione della qualit\u00e0. Esistono rigorosi standard di ispezione per i materiali in entrata, i processi, le ispezioni finali e le ispezioni in fabbrica. Saranno adottate rigorose misure di isolamento per la lavorazione non qualificata per evitare che i prodotti non qualificati fluiscano nel processo successivo. I campioni saranno forniti ai clienti in base alle esigenze del cliente per una nuova ispezione.   <\/p>\n<h2><span style=\"font-size: 14pt;\">Imballaggio e stoccaggio<\/span><\/h2>\n<p>Per l&#8217;imballaggio vengono utilizzati sacchetti e cartoni sottovuoto. L&#8217;acetato di potassio deve essere conservato in un ambiente fresco e asciutto e la temperatura di conservazione deve essere inferiore a 30\u00b0C.  Il magazzino o il magazzino devono essere ben ventilati e l&#8217;umidit\u00e0 relativa deve essere mantenuta al di sotto del 75% per ridurre l&#8217;assorbimento di umidit\u00e0 dell&#8217;acetato di potassio ed evitare l&#8217;agglomerazione.<\/p>\n","protected":false},"excerpt":{"rendered":"<p>L&#8217;acetato di potassio, noto anche come acetato di potassio, ha una formula chimica di C2H3O2K. \u00c8 un sale ottenuto dalla reazione di acetato di sodio e cloruro di potassio. Si tratta di una polvere cristallina bianca, inodore, leggermente salata e facilmente solubile in acqua ed etanolo. Propriet\u00e0 Formula chimica: CH3COOK Peso molecolare: 98,14 Punto di [&hellip;]<\/p>\n","protected":false},"featured_media":1000111,"comment_status":"open","ping_status":"closed","template":"","meta":{"_acf_changed":false},"product_brand":[],"product_cat":[206],"product_tag":[],"class_list":{"0":"post-1010237","1":"product","2":"type-product","3":"status-publish","4":"has-post-thumbnail","6":"product_cat-altri-materiali","8":"first","9":"instock","10":"shipping-taxable","11":"purchasable","12":"product-type-variable"},"acf":[],"_links":{"self":[{"href":"https:\/\/vimaterial.de\/it\/wp-json\/wp\/v2\/product\/1010237","targetHints":{"allow":["GET"]}}],"collection":[{"href":"https:\/\/vimaterial.de\/it\/wp-json\/wp\/v2\/product"}],"about":[{"href":"https:\/\/vimaterial.de\/it\/wp-json\/wp\/v2\/types\/product"}],"replies":[{"embeddable":true,"href":"https:\/\/vimaterial.de\/it\/wp-json\/wp\/v2\/comments?post=1010237"}],"wp:featuredmedia":[{"embeddable":true,"href":"https:\/\/vimaterial.de\/it\/wp-json\/wp\/v2\/media\/1000111"}],"wp:attachment":[{"href":"https:\/\/vimaterial.de\/it\/wp-json\/wp\/v2\/media?parent=1010237"}],"wp:term":[{"taxonomy":"product_brand","embeddable":true,"href":"https:\/\/vimaterial.de\/it\/wp-json\/wp\/v2\/product_brand?post=1010237"},{"taxonomy":"product_cat","embeddable":true,"href":"https:\/\/vimaterial.de\/it\/wp-json\/wp\/v2\/product_cat?post=1010237"},{"taxonomy":"product_tag","embeddable":true,"href":"https:\/\/vimaterial.de\/it\/wp-json\/wp\/v2\/product_tag?post=1010237"}],"curies":[{"name":"wp","href":"https:\/\/api.w.org\/{rel}","templated":true}]}}