{"id":1010231,"date":"2024-06-17T14:17:03","date_gmt":"2024-06-17T06:17:03","guid":{"rendered":"https:\/\/vimaterial.de\/product\/niobato-di-potassio\/"},"modified":"2024-12-26T14:23:52","modified_gmt":"2024-12-26T06:23:52","slug":"niobato-di-potassio","status":"publish","type":"product","link":"https:\/\/vimaterial.de\/it\/product\/niobato-di-potassio\/","title":{"rendered":"Niobato di potassio"},"content":{"rendered":"<p>Il bersaglio per lo sputtering del niobato di potassio (KNbO\u2083) \u00e8 un comune materiale ferroelettrico perovskitico. \u00c8 ampiamente utilizzato nell&#8217;optoelettronica e nei materiali funzionali grazie alle sue eccellenti propriet\u00e0 piezoelettriche, ottiche e dielettriche. La purezza dei bersagli per sputtering con niobato di potassio forniti da VIMATERIAL pu\u00f2 raggiungere il 99,999%, con un&#8217;eccellente uniformit\u00e0 della composizione, un&#8217;altissima purezza e un&#8217;eccellente stabilit\u00e0 allo sputtering. Possiamo anche fornire servizi di bonding mirato. Abbiamo un team di ricerca e sviluppo professionale e possiamo accettare personalizzazioni ed esperimenti, non esitate a contattarci. <\/p>\n<h2><span style=\"font-size: 14pt;\">Propriet\u00e0<\/span><\/h2>\n<p>Formula molecolare: KNbO3 Peso molecolare: 180,0029 Aspetto: solido incolore Densit\u00e0: 4,62 g \/ cm3 Punto di fusione: 1045 \u00b0C Durezza: 4,5 HM<\/p>\n<h2><span style=\"font-size: 14pt;\">Preparazione<\/span><\/h2>\n<p>Selezione delle materie prime (pesare accuratamente l&#8217;ossido di potassio (K\u2082O) o il carbonato di potassio (K\u2082CO\u2083) e l&#8217;ossido di niobio (Nb\u2082O\u2085) con un rapporto molare di 1:1) \u2192 Miscelazione e fresatura a sfere \u2192 Sinterizzazione ad alta temperatura \u2192 Stampaggio \u2192 Pressatura a caldo Sinterizzazione \u2192 Lavorazione e lucidatura<\/p>\n<h2><span style=\"font-size: 14pt;\">Applicazioni<\/span><\/h2>\n<p>Il niobato di potassio ha buone propriet\u00e0 elettriche, quindi \u00e8 ampiamente utilizzato in dispositivi elettronici, dispositivi optoelettronici, dispositivi a onde acustiche e altri campi. Il niobato di potassio pu\u00f2 essere utilizzato per preparare condensatori, ceramiche piezoelettriche, dispositivi a onde acustiche di superficie, ecc. Inoltre, il niobato di potassio pu\u00f2 essere utilizzato anche per preparare materiali ottici, catalizzatori, ecc.  <\/p>\n<h2><span style=\"font-size: 14pt;\">Controllo qualit\u00e0<\/span><\/h2>\n<p>I nostri prodotti sono soggetti al pi\u00f9 rigoroso sistema di gestione della qualit\u00e0. Esistono rigorosi standard di ispezione per i materiali in entrata, il processo, l&#8217;ispezione finale e l&#8217;ispezione in fabbrica. Saranno adottate rigorose misure di isolamento per la lavorazione non qualificata per evitare che i prodotti non qualificati fluiscano nel processo successivo. I campioni saranno forniti ai clienti in base alle esigenze del cliente per una nuova ispezione.   <\/p>\n<h2><span style=\"font-size: 14pt;\">Imballaggio e stoccaggio<\/span><\/h2>\n<p>I bersagli per sputtering con niobato di potassio sono confezionati in sacchetti e cartoni a doppio vuoto. I bersagli per sputtering con niobato di potassio devono essere conservati in un ambiente asciutto e sigillati con confezione sottovuoto o essiccante. Evitare il contatto a lungo termine con l&#8217;acqua o l&#8217;aria umida durante lo stoccaggio per evitare la decomposizione del materiale o il degrado delle prestazioni. La temperatura dell&#8217;ambiente di stoccaggio deve essere mantenuta a 15~30\u00b0C per evitare il cambiamento di fase o il degrado delle prestazioni dei cristalli causato dall&#8217;alta temperatura. Evitare il contatto con altri prodotti chimici, in particolare gas acidi o alcalini. Si consiglia di utilizzare un ambiente di gas inerte (come l&#8217;argon) durante lo stoccaggio per prevenire reazioni chimiche. Controllare regolarmente se ci sono crepe, macchie di ossidazione o contaminazione sulla superficie del bersaglio e rilucidare se necessario.<\/p>\n","protected":false},"excerpt":{"rendered":"<p>Il bersaglio per lo sputtering del niobato di potassio (KNbO\u2083) \u00e8 un comune materiale ferroelettrico perovskitico. \u00c8 ampiamente utilizzato nell&#8217;optoelettronica e nei materiali funzionali grazie alle sue eccellenti propriet\u00e0 piezoelettriche, ottiche e dielettriche. La purezza dei bersagli per sputtering con niobato di potassio forniti da VIMATERIAL pu\u00f2 raggiungere il 99,999%, con un&#8217;eccellente uniformit\u00e0 della composizione, [&hellip;]<\/p>\n","protected":false},"featured_media":1000101,"comment_status":"open","ping_status":"closed","template":"","meta":{"_acf_changed":false},"product_brand":[],"product_cat":[197],"product_tag":[],"class_list":{"0":"post-1010231","1":"product","2":"type-product","3":"status-publish","4":"has-post-thumbnail","6":"product_cat-obiettivi-di-sputtering-planari","8":"first","9":"instock","10":"shipping-taxable","11":"product-type-variable"},"acf":[],"_links":{"self":[{"href":"https:\/\/vimaterial.de\/it\/wp-json\/wp\/v2\/product\/1010231","targetHints":{"allow":["GET"]}}],"collection":[{"href":"https:\/\/vimaterial.de\/it\/wp-json\/wp\/v2\/product"}],"about":[{"href":"https:\/\/vimaterial.de\/it\/wp-json\/wp\/v2\/types\/product"}],"replies":[{"embeddable":true,"href":"https:\/\/vimaterial.de\/it\/wp-json\/wp\/v2\/comments?post=1010231"}],"wp:featuredmedia":[{"embeddable":true,"href":"https:\/\/vimaterial.de\/it\/wp-json\/wp\/v2\/media\/1000101"}],"wp:attachment":[{"href":"https:\/\/vimaterial.de\/it\/wp-json\/wp\/v2\/media?parent=1010231"}],"wp:term":[{"taxonomy":"product_brand","embeddable":true,"href":"https:\/\/vimaterial.de\/it\/wp-json\/wp\/v2\/product_brand?post=1010231"},{"taxonomy":"product_cat","embeddable":true,"href":"https:\/\/vimaterial.de\/it\/wp-json\/wp\/v2\/product_cat?post=1010231"},{"taxonomy":"product_tag","embeddable":true,"href":"https:\/\/vimaterial.de\/it\/wp-json\/wp\/v2\/product_tag?post=1010231"}],"curies":[{"name":"wp","href":"https:\/\/api.w.org\/{rel}","templated":true}]}}