{"id":1010222,"date":"2024-06-17T14:17:04","date_gmt":"2024-06-17T06:17:04","guid":{"rendered":"https:\/\/vimaterial.de\/product\/perrenato-di-potassio\/"},"modified":"2024-12-26T15:07:47","modified_gmt":"2024-12-26T07:07:47","slug":"perrenato-di-potassio","status":"publish","type":"product","link":"https:\/\/vimaterial.de\/it\/product\/perrenato-di-potassio\/","title":{"rendered":"Perrenato di potassio"},"content":{"rendered":"<p>Il perrenato di potassio \u00e8 una sostanza chimica composta da ioni potassio (K+) e ioni ossido di renio (ReO4-). Il peso di ogni molecola \u00e8 di circa 289,31 g\/mol. <\/p>\n<h2><span style=\"font-size: 14pt;\">Propriet\u00e0<\/span><\/h2>\n<p>Formula molecolare: KReO4 Peso molecolare: 289,3029 Aspetto: polvere cristallina bianca Densit\u00e0: 4,89 g \/ cm3 Punto di fusione: 550 \u00b0C Punto di ebollizione: 1360 ~ 1370 \u00b0C Indice di rifrazione: 1,643 Sistema cristallino: cristallo tetraclinico Solubilit\u00e0: leggermente solubile in acqua, scarsamente solubile in etanolo. La solubilit\u00e0 varia notevolmente con la temperatura. A 0\u00b0C, la solubilit\u00e0 \u00e8 di 0,36 g e a 50\u00b0C \u00e8 di 3,3 g. Se vengono aggiunti KCl o altri sali di potassio, la solubilit\u00e0 \u00e8 ancora pi\u00f9 bassa.<\/p>\n<h2><span style=\"font-size: 14pt;\">Preparazione<\/span><\/h2>\n<p>Il perrenato di potassio \u00e8 prodotto sciogliendo l&#8217;idrossido di potassio o il carbonato di potassio con l&#8217;acido perrenico.<\/p>\n<h2><span style=\"font-size: 14pt;\">Applicazione<\/span><\/h2>\n<p>1. Utilizzato per la preparazione di renio puro; 2. Utilizzato come reagente analitico (analisi spettrale); 3. Usato come ossidante.<\/p>\n<h2><span style=\"font-size: 14pt;\">Controllo qualit\u00e0<\/span><\/h2>\n<p>I nostri prodotti implementano il pi\u00f9 rigoroso sistema di gestione della qualit\u00e0 e ci sono rigorosi standard di ispezione per i materiali in entrata, i processi, le ispezioni finali e le ispezioni in fabbrica. Saranno adottate rigorose misure di isolamento per la lavorazione non qualificata per evitare che i prodotti non qualificati fluiscano nel processo successivo. I campioni saranno forniti ai clienti in base alle esigenze del cliente per una nuova ispezione.  <\/p>\n<h2><span style=\"font-size: 14pt;\">Imballaggio e stoccaggio<\/span><\/h2>\n<p>Imballaggio sottovuoto interno, imballaggio in cartone esterno. Il perrenato di potassio deve essere sigillato e conservato in un magazzino fresco e ventilato. Tenere lontano da fuoco e fonti di calore. La temperatura di stoccaggio non deve superare i 30\u00b0C e l&#8217;umidit\u00e0 relativa non deve superare l&#8217;80%. L&#8217;imballaggio deve essere sigillato. Deve essere conservato separatamente da materiali infiammabili (combustibili) e agenti riducenti e non deve essere mescolato. L&#8217;area di stoccaggio deve essere dotata di materiali adeguati per contenere le perdite.<\/p>\n","protected":false},"excerpt":{"rendered":"<p>Il perrenato di potassio \u00e8 una sostanza chimica composta da ioni potassio (K+) e ioni ossido di renio (ReO4-). Il peso di ogni molecola \u00e8 di circa 289,31 g\/mol. Propriet\u00e0 Formula molecolare: KReO4 Peso molecolare: 289,3029 Aspetto: polvere cristallina bianca Densit\u00e0: 4,89 g \/ cm3 Punto di fusione: 550 \u00b0C Punto di ebollizione: 1360 ~ [&hellip;]<\/p>\n","protected":false},"featured_media":1000120,"comment_status":"open","ping_status":"closed","template":"","meta":{"_acf_changed":false},"product_brand":[],"product_cat":[206],"product_tag":[],"class_list":{"0":"post-1010222","1":"product","2":"type-product","3":"status-publish","4":"has-post-thumbnail","6":"product_cat-altri-materiali","8":"first","9":"instock","10":"shipping-taxable","11":"purchasable","12":"product-type-variable"},"acf":[],"_links":{"self":[{"href":"https:\/\/vimaterial.de\/it\/wp-json\/wp\/v2\/product\/1010222","targetHints":{"allow":["GET"]}}],"collection":[{"href":"https:\/\/vimaterial.de\/it\/wp-json\/wp\/v2\/product"}],"about":[{"href":"https:\/\/vimaterial.de\/it\/wp-json\/wp\/v2\/types\/product"}],"replies":[{"embeddable":true,"href":"https:\/\/vimaterial.de\/it\/wp-json\/wp\/v2\/comments?post=1010222"}],"wp:featuredmedia":[{"embeddable":true,"href":"https:\/\/vimaterial.de\/it\/wp-json\/wp\/v2\/media\/1000120"}],"wp:attachment":[{"href":"https:\/\/vimaterial.de\/it\/wp-json\/wp\/v2\/media?parent=1010222"}],"wp:term":[{"taxonomy":"product_brand","embeddable":true,"href":"https:\/\/vimaterial.de\/it\/wp-json\/wp\/v2\/product_brand?post=1010222"},{"taxonomy":"product_cat","embeddable":true,"href":"https:\/\/vimaterial.de\/it\/wp-json\/wp\/v2\/product_cat?post=1010222"},{"taxonomy":"product_tag","embeddable":true,"href":"https:\/\/vimaterial.de\/it\/wp-json\/wp\/v2\/product_tag?post=1010222"}],"curies":[{"name":"wp","href":"https:\/\/api.w.org\/{rel}","templated":true}]}}