{"id":1010220,"date":"2024-06-17T14:17:04","date_gmt":"2024-06-17T06:17:04","guid":{"rendered":"https:\/\/vimaterial.de\/product\/esafluorofosfato-di-potassiov\/"},"modified":"2024-12-26T15:27:18","modified_gmt":"2024-12-26T07:27:18","slug":"esafluorofosfato-di-potassiov","status":"publish","type":"product","link":"https:\/\/vimaterial.de\/it\/product\/esafluorofosfato-di-potassiov\/","title":{"rendered":"Esafluorofosfato di potassio (V)"},"content":{"rendered":"<p>L&#8217;esafluorofosfato di potassio, con la formula chimica KPF6, \u00e8 un composto inorganico. VIMATERIAL fornisce esafluorofosfato di potassio di elevata purezza, dispone di un team di ricerca e sviluppo professionale e pu\u00f2 accettare personalizzazioni ed esperimenti. Contattateci.<\/p>\n<h2><span style=\"font-size: 14pt;\">Propriet\u00e0 fisiche<\/span><\/h2>\n<p>Aspetto: L&#8217;esafluorofosfato di potassio \u00e8 una polvere cristallina bianca, a volte si presenta anche come un cristallo quadrato o rettangolare simile a una lastra spessa con una struttura reticolare cubica centrata sulla faccia. Punto di fusione: 575\u00b0C Densit\u00e0: 2,75 g\/cm\u00b3 Indice di rifrazione: 1,366 Pressione di vapore: 41,5 mmHg Solubilit\u00e0: Solubile in acqua, con una solubilit\u00e0 di circa 93 g\/L (25 ore), e leggermente solubile in metanolo, ma insolubile in altri solventi organici come l&#8217;etere.<\/p>\n<h2><span style=\"font-size: 14pt;\">Propriet\u00e0 chimiche<\/span><\/h2>\n<p>Stabilit\u00e0 termica: l&#8217;esafluorofosfato di potassio si decompone ad alte temperature per produrre fluoruro di potassio, trifluoruro di fosforo e fluoro elementare e l&#8217;equazione di reazione \u00e8 KPF6 \u2192 KF + PF3\u2191 + F2\u2191. Reazione con l&#8217;acido: KPF6 pu\u00f2 reagire con l&#8217;acido inorganico concentrato per preparare l&#8217;acido esafluorofosforico, ma l&#8217;equazione di reazione specifica pu\u00f2 variare a seconda del tipo di acido e delle condizioni di reazione. Sensibilit\u00e0: KPF6 \u00e8 igroscopico e sensibile all&#8217;umidit\u00e0, quindi deve essere mantenuto asciutto durante lo stoccaggio e l&#8217;uso. Altre reazioni: Quando riscaldato con NaOH solido, l&#8217;esafluorofosfato di potassio reagisce violentemente a una temperatura superiore a 400 per produrre fluoruro e fosfato.<\/p>\n<h2><span style=\"font-size: 14pt;\">Applicazione<\/span><\/h2>\n<p>Sostituente organico del fluoro: l&#8217;esafluorofosfato di potassio viene utilizzato principalmente come sostituente organico del fluoro e ha un&#8217;ampia gamma di applicazioni nella sintesi organica. Preparazione di altri esafluorofosfati: l&#8217;esafluorofosfato di potassio pu\u00f2 essere utilizzato anche per preparare altri composti esafluorofosfati.<\/p>\n<h2><span style=\"font-size: 14pt;\">Controllo qualit\u00e0<\/span><\/h2>\n<p>I nostri prodotti implementano il pi\u00f9 rigoroso sistema di gestione della qualit\u00e0. Esistono rigorosi standard di ispezione per i materiali in entrata, il processo, l&#8217;ispezione finale e l&#8217;ispezione in fabbrica. Saranno adottate rigorose misure di isolamento per la lavorazione non qualificata per evitare che i prodotti non qualificati fluiscano nel processo successivo. I campioni saranno forniti ai clienti in base alle esigenze del cliente per una nuova ispezione.   <\/p>\n<h2><span style=\"font-size: 14pt;\">Imballaggio e stoccaggio<\/span><\/h2>\n<p>Imballaggio sottovuoto interno e imballaggio in cartone esterno. Deve essere conservato in un luogo asciutto e fresco, lontano dal fuoco e da materiali infiammabili. Durante lo stoccaggio e il trasporto, \u00e8 necessario prestare attenzione per evitare il contatto con materia organica, acidi, agenti riducenti e altre sostanze per evitare reazioni impreviste e incidenti.<\/p>\n","protected":false},"excerpt":{"rendered":"<p>L&#8217;esafluorofosfato di potassio, con la formula chimica KPF6, \u00e8 un composto inorganico. VIMATERIAL fornisce esafluorofosfato di potassio di elevata purezza, dispone di un team di ricerca e sviluppo professionale e pu\u00f2 accettare personalizzazioni ed esperimenti. Contattateci. Propriet\u00e0 fisiche Aspetto: L&#8217;esafluorofosfato di potassio \u00e8 una polvere cristallina bianca, a volte si presenta anche come un cristallo [&hellip;]<\/p>\n","protected":false},"featured_media":1040751,"comment_status":"open","ping_status":"closed","template":"","meta":{"_acf_changed":false},"product_brand":[],"product_cat":[201],"product_tag":[],"class_list":{"0":"post-1010220","1":"product","2":"type-product","3":"status-publish","4":"has-post-thumbnail","6":"product_cat-materiali-a-base-di-alogenuri","8":"first","9":"instock","10":"shipping-taxable","11":"purchasable","12":"product-type-variable"},"acf":[],"_links":{"self":[{"href":"https:\/\/vimaterial.de\/it\/wp-json\/wp\/v2\/product\/1010220","targetHints":{"allow":["GET"]}}],"collection":[{"href":"https:\/\/vimaterial.de\/it\/wp-json\/wp\/v2\/product"}],"about":[{"href":"https:\/\/vimaterial.de\/it\/wp-json\/wp\/v2\/types\/product"}],"replies":[{"embeddable":true,"href":"https:\/\/vimaterial.de\/it\/wp-json\/wp\/v2\/comments?post=1010220"}],"wp:featuredmedia":[{"embeddable":true,"href":"https:\/\/vimaterial.de\/it\/wp-json\/wp\/v2\/media\/1040751"}],"wp:attachment":[{"href":"https:\/\/vimaterial.de\/it\/wp-json\/wp\/v2\/media?parent=1010220"}],"wp:term":[{"taxonomy":"product_brand","embeddable":true,"href":"https:\/\/vimaterial.de\/it\/wp-json\/wp\/v2\/product_brand?post=1010220"},{"taxonomy":"product_cat","embeddable":true,"href":"https:\/\/vimaterial.de\/it\/wp-json\/wp\/v2\/product_cat?post=1010220"},{"taxonomy":"product_tag","embeddable":true,"href":"https:\/\/vimaterial.de\/it\/wp-json\/wp\/v2\/product_tag?post=1010220"}],"curies":[{"name":"wp","href":"https:\/\/api.w.org\/{rel}","templated":true}]}}