{"id":1010203,"date":"2024-06-17T14:17:07","date_gmt":"2024-06-17T06:17:07","guid":{"rendered":"https:\/\/vimaterial.de\/product\/tantalato-di-potassio-3\/"},"modified":"2024-12-26T15:50:54","modified_gmt":"2024-12-26T07:50:54","slug":"tantalato-di-potassio-3","status":"publish","type":"product","link":"https:\/\/vimaterial.de\/it\/product\/tantalato-di-potassio-3\/","title":{"rendered":"Tantalato di potassio"},"content":{"rendered":"<p>Il tantalato di potassio (KTaO3) \u00e8 un composto inorganico composto da ioni potassio (K+) e ioni tantalato (TaO3-). \u00c8 un materiale funzionale con importanti propriet\u00e0 fisiche e chimiche. Il tantalato di potassio \u00e8 un materiale cristallino con una struttura cristallina simile a quella della perovskite. VIMATREIAL fornisce anche una serie di altri materiali strutturati in perovskite, come il titanato di bario (BaTiO3), il titanato di stronzio (SrTiO3), il cromato di stronzio (SrCrO3), ecc. Se ne hai bisogno, contattaci. <\/p>\n<h2><span style=\"font-size: 14pt;\">Propriet\u00e0<\/span><\/h2>\n<p>Formula molecolare: KTaO3 Peso molecolare: 268,0444 Colore: incolore Punto di fusione: 1370\u00b0C Indice di rifrazione 2,4 (\u03bb=0,633nm) Costante dielettrica: 4400 Temperatura di Curie: -269\u00b0\u00b0C (4K) Intervallo di trasmittanza: 0,4~6\u03bcm. Solubilit\u00e0: Insolubile in acqua<\/p>\n<h2><span style=\"font-size: 14pt;\">Preparazione<\/span><\/h2>\n<p>Generato dalla reazione di idrossido di tantalio e soluzione alcalina o dalla reazione di pentossido di tantalio e carbonato di potassio. I singoli cristalli vengono preparati con il metodo Czochralski o con il metodo kilosintetico.<\/p>\n<h2><span style=\"font-size: 14pt;\">Applicazione<\/span><\/h2>\n<p>1. Materiale dielettrico: a causa della sua elevata costante dielettrica e delle sue caratteristiche di bassa perdita, il tantalato di potassio viene utilizzato come materiale dielettrico in condensatori, ceramiche piezoelettriche, supercondensatori e altri campi. 2. Materiali piezoelettrici: il tantalato di potassio ha un effetto piezoelettrico, quindi pu\u00f2 essere utilizzato in sensori piezoelettrici, sensori di pressione e generatori di onde acustiche. 3. Materiali ottici: grazie alle sue propriet\u00e0 ottiche e alle propriet\u00e0 elettriche controllate dalla luce, il tantalato di potassio pu\u00f2 essere utilizzato in dispositivi ottici, dispositivi a guida d&#8217;onda ottica e sensori fotoelettrici. 4. Dispositivi elettronici: il tantalato di potassio pu\u00f2 essere utilizzato anche in dispositivi elettronici come transistor ad effetto di campo (FET) e fototransistor.<\/p>\n<h2><span style=\"font-size: 14pt;\">Controllo qualit\u00e0<\/span><\/h2>\n<p>I nostri prodotti implementano il pi\u00f9 rigoroso sistema di gestione della qualit\u00e0. Esistono rigorosi standard di ispezione per i materiali in entrata, i processi, le ispezioni finali e le ispezioni in fabbrica. Saranno adottate rigorose misure di isolamento per la lavorazione non qualificata per evitare che i prodotti non qualificati fluiscano nel processo successivo. I campioni saranno forniti ai clienti in base alle esigenze del cliente per una nuova ispezione.   <\/p>\n<h2><span style=\"font-size: 14pt;\">Imballaggio e stoccaggio<\/span><\/h2>\n<p>Imballaggio sottovuoto interno, cartone esterno\/scatola di legno. Il tantalato di potassio deve essere conservato in un ambiente asciutto e tenuto al riparo dalla luce.<\/p>\n<p>&nbsp;<\/p>\n","protected":false},"excerpt":{"rendered":"<p>Il tantalato di potassio (KTaO3) \u00e8 un composto inorganico composto da ioni potassio (K+) e ioni tantalato (TaO3-). \u00c8 un materiale funzionale con importanti propriet\u00e0 fisiche e chimiche. Il tantalato di potassio \u00e8 un materiale cristallino con una struttura cristallina simile a quella della perovskite. VIMATREIAL fornisce anche una serie di altri materiali strutturati in [&hellip;]<\/p>\n","protected":false},"featured_media":1000128,"comment_status":"open","ping_status":"closed","template":"","meta":{"_acf_changed":false},"product_brand":[],"product_cat":[206],"product_tag":[],"class_list":{"0":"post-1010203","1":"product","2":"type-product","3":"status-publish","4":"has-post-thumbnail","6":"product_cat-altri-materiali","8":"first","9":"instock","10":"shipping-taxable","11":"product-type-variable"},"acf":[],"_links":{"self":[{"href":"https:\/\/vimaterial.de\/it\/wp-json\/wp\/v2\/product\/1010203","targetHints":{"allow":["GET"]}}],"collection":[{"href":"https:\/\/vimaterial.de\/it\/wp-json\/wp\/v2\/product"}],"about":[{"href":"https:\/\/vimaterial.de\/it\/wp-json\/wp\/v2\/types\/product"}],"replies":[{"embeddable":true,"href":"https:\/\/vimaterial.de\/it\/wp-json\/wp\/v2\/comments?post=1010203"}],"wp:featuredmedia":[{"embeddable":true,"href":"https:\/\/vimaterial.de\/it\/wp-json\/wp\/v2\/media\/1000128"}],"wp:attachment":[{"href":"https:\/\/vimaterial.de\/it\/wp-json\/wp\/v2\/media?parent=1010203"}],"wp:term":[{"taxonomy":"product_brand","embeddable":true,"href":"https:\/\/vimaterial.de\/it\/wp-json\/wp\/v2\/product_brand?post=1010203"},{"taxonomy":"product_cat","embeddable":true,"href":"https:\/\/vimaterial.de\/it\/wp-json\/wp\/v2\/product_cat?post=1010203"},{"taxonomy":"product_tag","embeddable":true,"href":"https:\/\/vimaterial.de\/it\/wp-json\/wp\/v2\/product_tag?post=1010203"}],"curies":[{"name":"wp","href":"https:\/\/api.w.org\/{rel}","templated":true}]}}