{"id":1010188,"date":"2024-06-17T14:17:10","date_gmt":"2024-06-17T06:17:10","guid":{"rendered":"https:\/\/vimaterial.de\/product\/tantalato-di-potassio-2\/"},"modified":"2024-12-26T16:32:55","modified_gmt":"2024-12-26T08:32:55","slug":"tantalato-di-potassio-2","status":"publish","type":"product","link":"https:\/\/vimaterial.de\/it\/product\/tantalato-di-potassio-2\/","title":{"rendered":"Tantalato di potassio"},"content":{"rendered":"<p>Il bersaglio per sputtering tantalato di potassio (KTaO\u2083) \u00e8 un importante materiale funzionale con eccellenti propriet\u00e0 dielettriche, ferroelettriche, piezoelettriche e ottiche, quindi \u00e8 ampiamente utilizzato nei dispositivi elettronici, optoelettronici e a microonde. VIMATERIAL offre un&#8217;ampia gamma di target ceramici. I nostri bersagli sputtering hanno un&#8217;eccellente uniformit\u00e0 della composizione, un&#8217;elevatissima purezza e un&#8217;eccellente stabilit\u00e0 allo sputtering e possiamo anche fornire servizi di incollaggio target. Abbiamo un team di ricerca e sviluppo professionale e possiamo accettare personalizzazioni ed esperimenti, non esitate a contattarci.<\/p>\n<h2><span style=\"font-size: 14pt;\">Propriet\u00e0<\/span><\/h2>\n<p>Formula molecolare: KTaO3 Peso molecolare: 268,0444 Colore: incolore Punto di fusione: 1370\u00b0C Indice di rifrazione 2,4 (\u03bb=0,633nm) Costante dielettrica: 4400 Temperatura di Curie: -269\u00b0\u00b0C (4K) Intervallo di trasmittanza: 0,4~6\u03bcm. Solubilit\u00e0: Insolubile in acqua<\/p>\n<h2><span style=\"font-size: 14pt;\">Caratteristiche del bersaglio sputtering tantalato di potassio<\/span><\/h2>\n<p>1. Propriet\u00e0 ferroelettriche: il tantalato di potassio \u00e8 un materiale ferroelettrico con una struttura non centrosimmetrica che pu\u00f2 produrre polarizzazione sotto l&#8217;azione di un campo elettrico esterno. 2. Propriet\u00e0 ottiche: il tantalato di potassio ha buone propriet\u00e0 ottiche, tra cui un&#8217;elevata trasparenza e un basso coefficiente di assorbimento. 3. Propriet\u00e0 di conducibilit\u00e0: il tantalato di potassio mostra anche una certa conduttivit\u00e0. A basse temperature, il tantalato di potassio pu\u00f2 mostrare propriet\u00e0 superconduttive, cio\u00e8 resistenza zero. 4. Propriet\u00e0 meccaniche: relativamente morbido, bassa durezza (la durezza Mohs \u00e8 di circa 5,5) e richiede un&#8217;attenta lavorazione.<\/p>\n<h2><span style=\"font-size: 14pt;\">Applicazione del bersaglio sputtering tantalato di potassio  <\/span><\/h2>\n<p>1. Materiale dielettrico: a causa della sua elevata costante dielettrica e delle sue caratteristiche di bassa perdita, il tantalato di potassio (KTaO3) viene utilizzato come materiale dielettrico in condensatori, ceramiche piezoelettriche, supercondensatori e altri campi. 2. Materiali piezoelettrici: il tantalato di potassio (KTaO3) ha un effetto piezoelettrico, quindi pu\u00f2 essere utilizzato in sensori piezoelettrici, sensori di pressione e generatori di onde acustiche. 3. Materiali ottici: grazie alle sue propriet\u00e0 ottiche e alle propriet\u00e0 elettriche controllate dalla luce, il tantalato di potassio (KTaO3) pu\u00f2 essere utilizzato in dispositivi ottici, dispositivi a guida d&#8217;onda ottica e sensori fotoelettrici. 4. Dispositivi elettronici: il tantalato di potassio (KTaO3) pu\u00f2 essere utilizzato anche in dispositivi elettronici come transistor ad effetto di campo (FET) e fototransistor.<\/p>\n<h2><span style=\"font-size: 14pt;\">Controllo qualit\u00e0<\/span><\/h2>\n<p>I nostri prodotti implementano il pi\u00f9 rigoroso sistema di gestione della qualit\u00e0. Esistono rigorosi standard di ispezione per i materiali in entrata, i processi, le ispezioni finali e le ispezioni in fabbrica. Saranno adottate rigorose misure di isolamento per la lavorazione non qualificata per evitare che i prodotti non qualificati fluiscano nel processo successivo. I campioni saranno forniti ai clienti in base alle esigenze del cliente per una nuova ispezione.   <\/p>\n<h2><span style=\"font-size: 14pt;\">Imballaggio e stoccaggio<\/span><\/h2>\n<p>Imballaggio sottovuoto interno, cartone esterno\/scatola di legno. Il bersaglio per sputtering tantalato di potassio deve essere conservato in un ambiente asciutto e protetto dalla luce. Pu\u00f2 essere conservato in un ambiente riempito con azoto o argon per prevenire l&#8217;assorbimento o l&#8217;ossidazione dell&#8217;umidit\u00e0.<\/p>\n<p>&nbsp;<\/p>\n","protected":false},"excerpt":{"rendered":"<p>Il bersaglio per sputtering tantalato di potassio (KTaO\u2083) \u00e8 un importante materiale funzionale con eccellenti propriet\u00e0 dielettriche, ferroelettriche, piezoelettriche e ottiche, quindi \u00e8 ampiamente utilizzato nei dispositivi elettronici, optoelettronici e a microonde. VIMATERIAL offre un&#8217;ampia gamma di target ceramici. I nostri bersagli sputtering hanno un&#8217;eccellente uniformit\u00e0 della composizione, un&#8217;elevatissima purezza e un&#8217;eccellente stabilit\u00e0 allo sputtering [&hellip;]<\/p>\n","protected":false},"featured_media":1000128,"comment_status":"open","ping_status":"closed","template":"","meta":{"_acf_changed":false},"product_brand":[],"product_cat":[197],"product_tag":[],"class_list":{"0":"post-1010188","1":"product","2":"type-product","3":"status-publish","4":"has-post-thumbnail","6":"product_cat-obiettivi-di-sputtering-planari","8":"first","9":"instock","10":"shipping-taxable","11":"product-type-variable"},"acf":[],"_links":{"self":[{"href":"https:\/\/vimaterial.de\/it\/wp-json\/wp\/v2\/product\/1010188","targetHints":{"allow":["GET"]}}],"collection":[{"href":"https:\/\/vimaterial.de\/it\/wp-json\/wp\/v2\/product"}],"about":[{"href":"https:\/\/vimaterial.de\/it\/wp-json\/wp\/v2\/types\/product"}],"replies":[{"embeddable":true,"href":"https:\/\/vimaterial.de\/it\/wp-json\/wp\/v2\/comments?post=1010188"}],"wp:featuredmedia":[{"embeddable":true,"href":"https:\/\/vimaterial.de\/it\/wp-json\/wp\/v2\/media\/1000128"}],"wp:attachment":[{"href":"https:\/\/vimaterial.de\/it\/wp-json\/wp\/v2\/media?parent=1010188"}],"wp:term":[{"taxonomy":"product_brand","embeddable":true,"href":"https:\/\/vimaterial.de\/it\/wp-json\/wp\/v2\/product_brand?post=1010188"},{"taxonomy":"product_cat","embeddable":true,"href":"https:\/\/vimaterial.de\/it\/wp-json\/wp\/v2\/product_cat?post=1010188"},{"taxonomy":"product_tag","embeddable":true,"href":"https:\/\/vimaterial.de\/it\/wp-json\/wp\/v2\/product_tag?post=1010188"}],"curies":[{"name":"wp","href":"https:\/\/api.w.org\/{rel}","templated":true}]}}