{"id":1010177,"date":"2024-06-17T14:17:11","date_gmt":"2024-06-17T06:17:11","guid":{"rendered":"https:\/\/vimaterial.de\/product\/fosfato-di-calcio-2\/"},"modified":"2024-12-26T16:44:41","modified_gmt":"2024-12-26T08:44:41","slug":"fosfato-di-calcio-2","status":"publish","type":"product","link":"https:\/\/vimaterial.de\/it\/product\/fosfato-di-calcio-2\/","title":{"rendered":"Fosfato di calcio"},"content":{"rendered":"<p>Il fosfato di calcio \u00e8 un composto inorganico con la formula chimica di Ca3(PO4)2. \u00c8 un cristallo bianco o polvere amorfa ed \u00e8 leggermente solubile in acqua. VIMATERIAL \u00e8 in grado di fornire polvere di fosfato di calcio e target di fosfato di calcio. <\/p>\n<h2><span style=\"font-size: 14pt;\">Propriet\u00e0<\/span><\/h2>\n<p>Formula chimica: Ca3(PO4)2 Peso molecolare: 310,177 Aspetto: cristallo bianco o polvere amorfa Punto di fusione: 1670 \u00b0C Solubilit\u00e0 in acqua: leggermente solubile Densit\u00e0: 3,14 g\/cm\u00b3<\/p>\n<h2><span style=\"font-size: 14pt;\">Applicazione<\/span><\/h2>\n<p>1. Additivi alimentari: Ca3(PO4)2 \u00e8 ampiamente utilizzato come additivo alimentare. Ad esempio, l&#8217;idrogeno fosfato di calcio pu\u00f2 essere utilizzato come antiagglomerante, agente lievitante, acidificante, ecc.; il fosfato acido di calcio diidrato pu\u00f2 aumentare il valore nutrizionale degli alimenti; l&#8217;idrogeno fosfato di calcio pu\u00f2 essere utilizzato come addensante e stabilizzante; e il fosfato tricalcico viene utilizzato per aumentare il contenuto di calcio negli alimenti. 2. Industria farmaceutica: Ca3 (PO4) 2 \u00e8 anche ampiamente utilizzato nell&#8217;industria farmaceutica. Ad esempio, l&#8217;idrogeno fosfato di calcio diidrato \u00e8 spesso utilizzato nel trattamento dentale e pu\u00f2 essere utilizzato come bersaglio ceramico, lubrificante solido per alte temperature, ecc. 3. Additivi per mangimi: il Ca3(PO4)2 viene utilizzato anche nei mangimi per integrare il fabbisogno di minerali degli animali. Gli additivi per mangimi pi\u00f9 comuni includono l&#8217;idrogeno fosfato di calcio e l&#8217;idrogeno fosfato bicalcico. 4. Materiali dentali: il Ca3 (PO4) 2 pu\u00f2 essere utilizzato nei materiali dentali, ad esempio, pu\u00f2 essere utilizzato come agente di rilascio prolungato, per aumentare la durezza della gomma da masticare, ecc.<\/p>\n<h2><span style=\"font-size: 14pt;\">Controllo qualit\u00e0<\/span><\/h2>\n<p>I nostri prodotti implementano il pi\u00f9 rigoroso sistema di gestione della qualit\u00e0 e ci sono rigorosi standard di ispezione per i materiali in entrata, i processi, le ispezioni finali e le ispezioni in fabbrica. Saranno adottate rigorose misure di isolamento per la lavorazione non qualificata per evitare che i prodotti non qualificati fluiscano nel processo successivo. I campioni saranno forniti ai clienti in base alle esigenze del cliente per una nuova ispezione.  <\/p>\n<h2><span style=\"font-size: 14pt;\">Imballaggio e stoccaggio<\/span><\/h2>\n<p>Imballaggio sottovuoto interno, imballaggio in cartone esterno. Il fosfato di calcio deve essere conservato in un magazzino fresco e ventilato. Tenere lontano da fuoco e fonti di calore. Deve essere conservato separatamente dagli acidi e non deve essere mescolato. L&#8217;area di stoccaggio deve essere dotata di materiali idonei a contenere le perdite.<\/p>\n","protected":false},"excerpt":{"rendered":"<p>Il fosfato di calcio \u00e8 un composto inorganico con la formula chimica di Ca3(PO4)2. \u00c8 un cristallo bianco o polvere amorfa ed \u00e8 leggermente solubile in acqua. VIMATERIAL \u00e8 in grado di fornire polvere di fosfato di calcio e target di fosfato di calcio. Propriet\u00e0 Formula chimica: Ca3(PO4)2 Peso molecolare: 310,177 Aspetto: cristallo bianco o [&hellip;]<\/p>\n","protected":false},"featured_media":1029929,"comment_status":"open","ping_status":"closed","template":"","meta":{"_acf_changed":false},"product_brand":[],"product_cat":[206],"product_tag":[],"class_list":{"0":"post-1010177","1":"product","2":"type-product","3":"status-publish","4":"has-post-thumbnail","6":"product_cat-altri-materiali","8":"first","9":"instock","10":"shipping-taxable","11":"purchasable","12":"product-type-variable"},"acf":[],"_links":{"self":[{"href":"https:\/\/vimaterial.de\/it\/wp-json\/wp\/v2\/product\/1010177","targetHints":{"allow":["GET"]}}],"collection":[{"href":"https:\/\/vimaterial.de\/it\/wp-json\/wp\/v2\/product"}],"about":[{"href":"https:\/\/vimaterial.de\/it\/wp-json\/wp\/v2\/types\/product"}],"replies":[{"embeddable":true,"href":"https:\/\/vimaterial.de\/it\/wp-json\/wp\/v2\/comments?post=1010177"}],"wp:featuredmedia":[{"embeddable":true,"href":"https:\/\/vimaterial.de\/it\/wp-json\/wp\/v2\/media\/1029929"}],"wp:attachment":[{"href":"https:\/\/vimaterial.de\/it\/wp-json\/wp\/v2\/media?parent=1010177"}],"wp:term":[{"taxonomy":"product_brand","embeddable":true,"href":"https:\/\/vimaterial.de\/it\/wp-json\/wp\/v2\/product_brand?post=1010177"},{"taxonomy":"product_cat","embeddable":true,"href":"https:\/\/vimaterial.de\/it\/wp-json\/wp\/v2\/product_cat?post=1010177"},{"taxonomy":"product_tag","embeddable":true,"href":"https:\/\/vimaterial.de\/it\/wp-json\/wp\/v2\/product_tag?post=1010177"}],"curies":[{"name":"wp","href":"https:\/\/api.w.org\/{rel}","templated":true}]}}