{"id":1010148,"date":"2024-06-17T14:17:12","date_gmt":"2024-06-17T06:17:12","guid":{"rendered":"https:\/\/vimaterial.de\/product\/alluminato-di-calcio-2\/"},"modified":"2024-12-27T10:40:34","modified_gmt":"2024-12-27T02:40:34","slug":"alluminato-di-calcio-2","status":"publish","type":"product","link":"https:\/\/vimaterial.de\/it\/product\/alluminato-di-calcio-2\/","title":{"rendered":"Alluminato di calcio"},"content":{"rendered":"<p>L&#8217;alluminato di calcio (CaAl2O4) \u00e8 un composto inorganico e la sua forma in polvere \u00e8 chiamata polvere di alluminato di calcio. L&#8217;alluminato di calcio ha l&#8217;aspetto di un solido bianco o biancastro, che non \u00e8 facilmente solubile in acqua, ma pu\u00f2 essere disciolto in soluzioni acide. Le sue propriet\u00e0 chimiche sono simili a quelle del silicato di calcio e alluminio e pu\u00f2 essere convertito in ossido di alluminio e carbonato di calcio ad alte temperature. VIMATERIAL pu\u00f2 anche fornire bersagli per polverizzazione catodica di alluminato di calcio. Se ne hai bisogno, contattaci.  <\/p>\n<h2><span style=\"font-size: 14pt;\">Propriet\u00e0<\/span><\/h2>\n<p>Formula chimica: CaAl2O4 Massa molare: 158.038676 g\/mol Aspetto: Cristalli bianchi monoclini, triclini o ortorombici Densit\u00e0 2.981 Punto di fusione 1600\u00b0C Stabilit\u00e0: Si decompone in acqua, solubile in acido cloridrico (decomposizione), ma insolubile in acido nitrico e acido solforico.<\/p>\n<h2><span style=\"font-size: 14pt;\">Produzione<\/span><\/h2>\n<p>Il processo di produzione di CaAl2O4 comprende principalmente il metodo di sinterizzazione ad alta temperatura, il metodo sol-gel, il metodo di coprecipitazione chimica, ecc. Il metodo di sinterizzazione ad alta temperatura \u00e8 uno dei metodi pi\u00f9 comunemente usati. Si tratta di mescolare l&#8217;ossido di calcio e la polvere di ossido di alluminio ad alta temperatura e di sinterizzarli per ottenere prodotti di alluminato di calcio. Il metodo sol-gel consiste nel sciogliere l&#8217;ossido di calcio e l&#8217;ossido di alluminio in un solvente, sottoporsi a un processo di gelificazione e quindi essiccare e sinterizzare per ottenere CaAl2O4. Il metodo di coprecipitazione chimica consiste nel far precipitare insieme ioni calcio e ioni alluminio attraverso una reazione chimica, quindi ottenere alluminato di calcio attraverso la sinterizzazione ad alta temperatura.  <\/p>\n<h2><span style=\"font-size: 14pt;\">Applicazione<\/span><\/h2>\n<p>1. Ceramica avanzata: l&#8217;alluminato di calcio pu\u00f2 essere utilizzato per realizzare ceramiche avanzate, come piastrelle, sanitari, ecc. Grazie al suo alto punto di fusione e all&#8217;elevata durezza, l&#8217;alluminato di calcio pu\u00f2 rendere la superficie ceramica pi\u00f9 liscia, pi\u00f9 dura e meno soggetta a graffi. 2. Smalto: l&#8217;alluminato di calcio pu\u00f2 essere utilizzato per fare lo smalto, che pu\u00f2 rendere la superficie dello smalto pi\u00f9 liscia, meno soggetta a cadute e screpolature. 3. Vetro: l&#8217;alluminato di calcio pu\u00f2 essere utilizzato per realizzare il vetro, che pu\u00f2 rendere il vetro pi\u00f9 trasparente, pi\u00f9 duro e meno soggetto a graffi. 4. Cemento: l&#8217;alluminato di calcio pu\u00f2 essere utilizzato per produrre cemento, che pu\u00f2 rendere il cemento pi\u00f9 forte e meno soggetto a fessurazioni. 5. Materiali refrattari avanzati: a causa delle caratteristiche dell&#8217;alluminato di calcio come alto punto di fusione, elevata durezza, buona stabilit\u00e0 chimica e stabilit\u00e0 termica, pu\u00f2 essere utilizzato anche come materiale refrattario avanzato. <\/p>\n<h2><span style=\"font-size: 14pt;\">Controllo qualit\u00e0<\/span><\/h2>\n<p>I nostri prodotti implementano il pi\u00f9 rigoroso sistema di gestione della qualit\u00e0. Esistono rigorosi standard di ispezione per i materiali in entrata, i processi, le ispezioni finali e le ispezioni in fabbrica. Saranno adottate rigorose misure di isolamento per la lavorazione non qualificata per evitare che i prodotti non qualificati fluiscano nel processo successivo. I campioni saranno forniti ai clienti in base alle esigenze del cliente per una nuova ispezione.   <\/p>\n<h2><span style=\"font-size: 14pt;\">Imballaggio e stoccaggio<\/span><\/h2>\n<p>Imballaggio sottovuoto interno, imballaggio in cartone esterno. 1. Deve essere conservato in un magazzino asciutto e ventilato per evitare il contatto con acqua e umidit\u00e0. 2. Durante lo stoccaggio e il trasporto, \u00e8 necessario evitare collisioni e urti per evitare la dispersione o la contaminazione della polvere. 3. Durante la produzione e l&#8217;uso, \u00e8 necessario indossare dispositivi di protezione, tra cui maschere, indumenti protettivi, guanti, ecc. 4. Rispettare le norme di gestione pertinenti per prevenire incendi ed esplosioni.<\/p>\n","protected":false},"excerpt":{"rendered":"<p>L&#8217;alluminato di calcio (CaAl2O4) \u00e8 un composto inorganico e la sua forma in polvere \u00e8 chiamata polvere di alluminato di calcio. L&#8217;alluminato di calcio ha l&#8217;aspetto di un solido bianco o biancastro, che non \u00e8 facilmente solubile in acqua, ma pu\u00f2 essere disciolto in soluzioni acide. Le sue propriet\u00e0 chimiche sono simili a quelle del [&hellip;]<\/p>\n","protected":false},"featured_media":1029944,"comment_status":"open","ping_status":"closed","template":"","meta":{"_acf_changed":false},"product_brand":[],"product_cat":[206],"product_tag":[],"class_list":{"0":"post-1010148","1":"product","2":"type-product","3":"status-publish","4":"has-post-thumbnail","6":"product_cat-altri-materiali","8":"first","9":"instock","10":"shipping-taxable","11":"purchasable","12":"product-type-variable"},"acf":[],"_links":{"self":[{"href":"https:\/\/vimaterial.de\/it\/wp-json\/wp\/v2\/product\/1010148","targetHints":{"allow":["GET"]}}],"collection":[{"href":"https:\/\/vimaterial.de\/it\/wp-json\/wp\/v2\/product"}],"about":[{"href":"https:\/\/vimaterial.de\/it\/wp-json\/wp\/v2\/types\/product"}],"replies":[{"embeddable":true,"href":"https:\/\/vimaterial.de\/it\/wp-json\/wp\/v2\/comments?post=1010148"}],"wp:featuredmedia":[{"embeddable":true,"href":"https:\/\/vimaterial.de\/it\/wp-json\/wp\/v2\/media\/1029944"}],"wp:attachment":[{"href":"https:\/\/vimaterial.de\/it\/wp-json\/wp\/v2\/media?parent=1010148"}],"wp:term":[{"taxonomy":"product_brand","embeddable":true,"href":"https:\/\/vimaterial.de\/it\/wp-json\/wp\/v2\/product_brand?post=1010148"},{"taxonomy":"product_cat","embeddable":true,"href":"https:\/\/vimaterial.de\/it\/wp-json\/wp\/v2\/product_cat?post=1010148"},{"taxonomy":"product_tag","embeddable":true,"href":"https:\/\/vimaterial.de\/it\/wp-json\/wp\/v2\/product_tag?post=1010148"}],"curies":[{"name":"wp","href":"https:\/\/api.w.org\/{rel}","templated":true}]}}