{"id":1010143,"date":"2024-06-17T14:17:12","date_gmt":"2024-06-17T06:17:12","guid":{"rendered":"https:\/\/vimaterial.de\/product\/nitruro-di-calcio\/"},"modified":"2024-12-27T11:03:32","modified_gmt":"2024-12-27T03:03:32","slug":"nitruro-di-calcio","status":"publish","type":"product","link":"https:\/\/vimaterial.de\/it\/product\/nitruro-di-calcio\/","title":{"rendered":"Nitruro di calcio"},"content":{"rendered":"<p>Il nitruro di calcio \u00e8 il composto inorganico con la formula chimica Ca3N2. Esiste in varie forme (isomorfi), il nitruro di \u03b1-calcio \u00e8 pi\u00f9 comunemente incontrato. VIMATERIAL fornisce una variet\u00e0 di nitruri, come il nitruro di silicio (Si3N4), il nitruro di titanio (TiN), il nitruro di alluminio (AlN)&#8230;. Se hai delle esigenze, contattaci. <\/p>\n<h2><span style=\"font-size: 14pt;\">Propriet\u00e0<\/span><\/h2>\n<p>Formula chimica:Ca3N2 Massa molare:148,248 g\u00b7mol<sup>\u22121<\/sup> Aspetto:solido cristallino rosso-marrone Densit\u00e0:2,670 g\/cm3,2,63 g\/cm3 (17 \u00b0C) Punto di fusione:1,195 \u00b0C (2,183 \u00b0F; 1,468 K) Solubilit\u00e0 in acqua:si decompone Struttura cristallina:Cubic, cI80<\/p>\n<h2><span style=\"font-size: 14pt;\">Produzione<\/span><\/h2>\n<p>Il nitruro di calcio \u00e8 una sostanza inorganica. Poich\u00e9 \u00e8 relativamente instabile nell&#8217;aria, deve essere preparato in un gas inerte. Il seguente \u00e8 il metodo di preparazione del nitruro di calcio: 1. Mettere il calcio metallico puro in un contenitore sigillato di gas inerte; 2. Aggiungere azoto per far raggiungere alla pressione un certo valore, solitamente compreso tra 1,5 e 2,5 MPa; 3. Utilizzare un forno ad alta temperatura per riscaldare il contenitore a 1100-1200 gradi Celsius e reagire per 10-24 ore; 4. Dopo il raffreddamento, raffreddare il contenitore a temperatura ambiente con acqua di raffreddamento ed estrarre la polvere di nitruro di calcio.  <\/p>\n<h2><span style=\"font-size: 14pt;\">Applicazione<\/span><\/h2>\n<p>Il nitruro di calcio pu\u00f2 ridurre gli ossidi metallici in metalli in condizioni di alta temperatura e alta pressione ed \u00e8 adatto per il processo di estrazione e purificazione dei metalli duri. \u00c8 ampiamente utilizzato nella metallurgia, nell&#8217;industria chimica, nell&#8217;elettronica, nella tecnologia nucleare e in altri campi. Le sue principali applicazioni sono le seguenti: 1. Riduzione del catalizzatore: il Ca3N2 pu\u00f2 essere utilizzato per produrre catalizzatori di idrogeno per forti agenti riducenti. 2. Campo metallurgico: il Ca3N2 pu\u00f2 essere utilizzato per ridurre gli ossidi metallici nella metallurgia delle polveri. 3. Preparazione di materiali elettronici: il Ca3N2 pu\u00f2 essere utilizzato per preparare materiali elettronici a base di nitruro.  <\/p>\n<h2><span style=\"font-size: 14pt;\">Controllo qualit\u00e0<\/span><\/h2>\n<p>I nostri prodotti implementano il pi\u00f9 rigoroso sistema di gestione della qualit\u00e0. Esistono rigorosi standard di ispezione per i materiali in entrata, i processi, le ispezioni finali e le ispezioni in fabbrica. Saranno adottate rigorose misure di isolamento per la lavorazione non qualificata per evitare che i prodotti non qualificati fluiscano nel processo successivo. I campioni saranno forniti ai clienti in base alle esigenze del cliente per una nuova ispezione.   <\/p>\n<h2><span style=\"font-size: 14pt;\">Imballaggio e stoccaggio<\/span><\/h2>\n<p>Imballaggio sottovuoto interno, imballaggio in cartone esterno. Il nitruro di calcio deve essere conservato in un ambiente asciutto, fresco e sigillato per evitare il contatto con l&#8217;aria e l&#8217;umidit\u00e0.<\/p>\n","protected":false},"excerpt":{"rendered":"<p>Il nitruro di calcio \u00e8 il composto inorganico con la formula chimica Ca3N2. Esiste in varie forme (isomorfi), il nitruro di \u03b1-calcio \u00e8 pi\u00f9 comunemente incontrato. VIMATERIAL fornisce una variet\u00e0 di nitruri, come il nitruro di silicio (Si3N4), il nitruro di titanio (TiN), il nitruro di alluminio (AlN)&#8230;. Se hai delle esigenze, contattaci. Propriet\u00e0 Formula [&hellip;]<\/p>\n","protected":false},"featured_media":1029939,"comment_status":"open","ping_status":"closed","template":"","meta":{"_acf_changed":false},"product_brand":[],"product_cat":[202],"product_tag":[],"class_list":{"0":"post-1010143","1":"product","2":"type-product","3":"status-publish","4":"has-post-thumbnail","6":"product_cat-materiali-c-n-b-si","8":"first","9":"instock","10":"shipping-taxable","11":"product-type-variable"},"acf":[],"_links":{"self":[{"href":"https:\/\/vimaterial.de\/it\/wp-json\/wp\/v2\/product\/1010143","targetHints":{"allow":["GET"]}}],"collection":[{"href":"https:\/\/vimaterial.de\/it\/wp-json\/wp\/v2\/product"}],"about":[{"href":"https:\/\/vimaterial.de\/it\/wp-json\/wp\/v2\/types\/product"}],"replies":[{"embeddable":true,"href":"https:\/\/vimaterial.de\/it\/wp-json\/wp\/v2\/comments?post=1010143"}],"wp:featuredmedia":[{"embeddable":true,"href":"https:\/\/vimaterial.de\/it\/wp-json\/wp\/v2\/media\/1029939"}],"wp:attachment":[{"href":"https:\/\/vimaterial.de\/it\/wp-json\/wp\/v2\/media?parent=1010143"}],"wp:term":[{"taxonomy":"product_brand","embeddable":true,"href":"https:\/\/vimaterial.de\/it\/wp-json\/wp\/v2\/product_brand?post=1010143"},{"taxonomy":"product_cat","embeddable":true,"href":"https:\/\/vimaterial.de\/it\/wp-json\/wp\/v2\/product_cat?post=1010143"},{"taxonomy":"product_tag","embeddable":true,"href":"https:\/\/vimaterial.de\/it\/wp-json\/wp\/v2\/product_tag?post=1010143"}],"curies":[{"name":"wp","href":"https:\/\/api.w.org\/{rel}","templated":true}]}}