{"id":1010107,"date":"2024-06-17T14:17:12","date_gmt":"2024-06-17T06:17:12","guid":{"rendered":"https:\/\/vimaterial.de\/product\/bromuro-di-calcio\/"},"modified":"2024-12-26T17:49:22","modified_gmt":"2024-12-26T09:49:22","slug":"bromuro-di-calcio","status":"publish","type":"product","link":"https:\/\/vimaterial.de\/it\/product\/bromuro-di-calcio\/","title":{"rendered":"Bromuro di calcio"},"content":{"rendered":"<p>Bromuro di calcio \u00e8 il nome dei composti con la formula chimica CaBr2(H2O)x. I singoli composti includono il materiale anidro (x = 0), l&#8217;esaidrato (x = 6) e il raro diidrato (x = 2). Sono tutte polveri bianche che si sciolgono in acqua, e da queste soluzioni cristallizza l&#8217;esaidrato. VIMATERIAL fornisce vari tipi di bromuri, contattaci se ne hai bisogno.<\/p>\n<h2><span style=\"font-size: 14pt;\">Propriet\u00e0<\/span><\/h2>\n<p>Formula chimica: CaBr2 Massa molare: 199,89 g\/mol Aspetto: cristalli incolori anidri e igroscopici; sapore salino acuto Densit\u00e0: 3,353 g\/cm3 Punto di fusione: 730 \u00b0C (1,350 \u00b0F; 1,000 K) Punto di ebollizione: 1,815 \u00b0C (3,299 \u00b0F; 2,088 K) Solubilit\u00e0 in acqua: 125 g\/100 mL (0 \u00b0C); 143 g\/100 ml (20 \u00b0C); 312 g\/100 mL (100 \u00b0C) Solubilit\u00e0 in alcol, acetone: solubileAcidit\u00e0 (pKa): 9Sensibilit\u00e0 magnetica (\u03c7): -73,8\u202210\u22126 cm3\/mol<\/p>\n<h2><span style=\"font-size: 14pt;\">Metodo di preparazione del metavanadato di potassio<\/span><\/h2>\n<p>Metodo di reazione diretta: far reagire il carbonato di calcio (CaCO\u2083) o l&#8217;idrossido di calcio (Ca(OH)\u2082) con il bromuro di idrogeno (HBr) per generare bromuro di calcio. Metodo di reazione di bromurazione: preparare il bromuro di calcio per reazione diretta del calcio metallico (Ca) con il bromo (Br\u2082) Metodo di doppia decomposizione: preparare per reazione del sale di calcio solubile (come il cloruro di calcio) con il bromuro di sodio<\/p>\n<h2><span style=\"font-size: 14pt;\">Applicazione<\/span><\/h2>\n<p>Il bromuro di calcio \u00e8 un agente disidratante utilizzato in fotografia, conservanti alimentari, conservanti per legno, ritardanti di fiamma e miscele di congelamento.<\/p>\n<p>Viene utilizzato come ossidante per il controllo delle emissioni di mercurio.<\/p>\n<p>\u00c8 ampiamente usato per la preparazione di fluidi di perforazione, fluidi di completamento e formulazioni di fanghi di perforazione.<\/p>\n<p>Trova applicazione anche nella produzione di acqua minerale.<\/p>\n<h2><span style=\"font-size: 14pt;\">Controllo qualit\u00e0<\/span><\/h2>\n<p>I nostri prodotti implementano il pi\u00f9 rigoroso sistema di gestione della qualit\u00e0. Esistono rigorosi standard di ispezione per i materiali in entrata, i processi, le ispezioni finali e le ispezioni in fabbrica. Saranno adottate rigorose misure di isolamento per la lavorazione non qualificata per evitare che i prodotti non qualificati fluiscano nel processo successivo. I campioni saranno forniti ai clienti in base alle esigenze del cliente per una nuova ispezione.   <\/p>\n<h2><span style=\"font-size: 14pt;\">Imballaggio e stoccaggio<\/span><\/h2>\n<p>Imballaggio sottovuoto interno, imballaggio in cartone esterno. Conservazione sigillata: il bromuro di calcio \u00e8 altamente igroscopico e deve essere conservato in un contenitore sigillato a prova di umidit\u00e0. Requisiti ambientali: Conservare in un ambiente asciutto e ventilato, evitare temperature elevate e luce intensa. Tenere lontano da sostanze corrosive: evitare il contatto con acidi e ossidanti per prevenire reazioni chimiche.<\/p>\n<p>&nbsp;<\/p>\n","protected":false},"excerpt":{"rendered":"<p>Bromuro di calcio \u00e8 il nome dei composti con la formula chimica CaBr2(H2O)x. I singoli composti includono il materiale anidro (x = 0), l&#8217;esaidrato (x = 6) e il raro diidrato (x = 2). Sono tutte polveri bianche che si sciolgono in acqua, e da queste soluzioni cristallizza l&#8217;esaidrato. VIMATERIAL fornisce vari tipi di bromuri, [&hellip;]<\/p>\n","protected":false},"featured_media":1029959,"comment_status":"open","ping_status":"closed","template":"","meta":{"_acf_changed":false},"product_brand":[],"product_cat":[201],"product_tag":[],"class_list":{"0":"post-1010107","1":"product","2":"type-product","3":"status-publish","4":"has-post-thumbnail","6":"product_cat-materiali-a-base-di-alogenuri","8":"first","9":"instock","10":"shipping-taxable","11":"product-type-variable"},"acf":[],"_links":{"self":[{"href":"https:\/\/vimaterial.de\/it\/wp-json\/wp\/v2\/product\/1010107","targetHints":{"allow":["GET"]}}],"collection":[{"href":"https:\/\/vimaterial.de\/it\/wp-json\/wp\/v2\/product"}],"about":[{"href":"https:\/\/vimaterial.de\/it\/wp-json\/wp\/v2\/types\/product"}],"replies":[{"embeddable":true,"href":"https:\/\/vimaterial.de\/it\/wp-json\/wp\/v2\/comments?post=1010107"}],"wp:featuredmedia":[{"embeddable":true,"href":"https:\/\/vimaterial.de\/it\/wp-json\/wp\/v2\/media\/1029959"}],"wp:attachment":[{"href":"https:\/\/vimaterial.de\/it\/wp-json\/wp\/v2\/media?parent=1010107"}],"wp:term":[{"taxonomy":"product_brand","embeddable":true,"href":"https:\/\/vimaterial.de\/it\/wp-json\/wp\/v2\/product_brand?post=1010107"},{"taxonomy":"product_cat","embeddable":true,"href":"https:\/\/vimaterial.de\/it\/wp-json\/wp\/v2\/product_cat?post=1010107"},{"taxonomy":"product_tag","embeddable":true,"href":"https:\/\/vimaterial.de\/it\/wp-json\/wp\/v2\/product_tag?post=1010107"}],"curies":[{"name":"wp","href":"https:\/\/api.w.org\/{rel}","templated":true}]}}