{"id":1010098,"date":"2024-06-17T14:02:29","date_gmt":"2024-06-17T06:02:29","guid":{"rendered":"https:\/\/vimaterial.de\/product\/nitruro-di-boro-2\/"},"modified":"2024-11-12T14:01:03","modified_gmt":"2024-11-12T06:01:03","slug":"nitruro-di-boro-2","status":"publish","type":"product","link":"https:\/\/vimaterial.de\/it\/product\/nitruro-di-boro-2\/","title":{"rendered":"Nitruro di boro"},"content":{"rendered":"<p>Il nitruro di boro BN \u00e8 un composto composto da atomi di boro e azoto. Esiste in varie forme strutturali, con ogni allotropo che mostra propriet\u00e0 e usi distinti. Le forme pi\u00f9 comuni sono il nitruro di boro esagonale (h-BN), che assomiglia alla grafite nella struttura, e il nitruro di boro cubico (c-BN), che \u00e8 uno dei materiali pi\u00f9 duri conosciuti.  <\/p>\n<h2><span style=\"font-size: 14pt;\">Propriet\u00e0 fisiche:<\/span><\/h2>\n<p>Formula: BN. Peso molecolare: Circa 24,81 g\/mol. Aspetto: Esagonale BN (h-BN): Bianco, polveroso o cristallino.\/ Cubic BN (c-BN): Forma cristallina da incolore a giallo pallido. Densit\u00e0: h-BN: ~2,29 g\/cm\u00b3. \/ c-BN: ~3,48 g\/cm\u00b3. Punto di fusione: circa 2.973\u00b0C (per BN esagonale), ma pi\u00f9 alto per BN cubico (circa 3.300\u00b0C). Durezza: il c-BN \u00e8 pi\u00f9 duro del diamante, il che lo rende adatto per abrasivi industriali e utensili da taglio. \/ h-BN ha propriet\u00e0 lubrificanti grazie alla sua struttura stratificata. Solubilit\u00e0: Insolubile in acqua e nella maggior parte dei solventi.<\/p>\n<h2><span style=\"font-size: 14pt;\">Applicazioni:<\/span><\/h2>\n<p>Lubrificanti e rivestimenti: il nitruro di boro esagonale (h-BN) \u00e8 ampiamente utilizzato come lubrificante, in particolare in ambienti ad alta temperatura. Pu\u00f2 anche essere utilizzato come rivestimento protettivo per vari materiali per ridurre l&#8217;attrito e l&#8217;usura. Abrasivi e utensili da taglio: il nitruro di boro cubico (c-BN) \u00e8 un materiale estremamente duro, secondo solo al diamante, e viene utilizzato negli abrasivi industriali e negli utensili da taglio, in particolare nel taglio, nella molatura e nella lucidatura dei metalli duri. Elettronica: il nitruro di boro BN \u00e8 utilizzato nell&#8217;elettronica e nei semiconduttori, dove la sua elevata conducibilit\u00e0 termica e le propriet\u00e0 di isolamento elettrico sono preziose. Viene utilizzato in substrati, dissipatori di calore e componenti che devono resistere alle alte temperature senza condurre elettricit\u00e0. Isolamento ad alta temperatura: grazie al suo alto punto di fusione e stabilit\u00e0 termica, il nitruro di boro viene utilizzato come isolante per alte temperature in una variet\u00e0 di applicazioni, inclusi gli elementi riscaldanti aerospaziali e industriali. Reattori nucleari: Il nitruro di boro BN ha applicazioni nei reattori nucleari dove viene utilizzato come riflettore e moderatore di neutroni grazie alla sua bassa sezione d&#8217;urto di assorbimento dei neutroni. Cosmetici e prodotti farmaceutici: grazie alla sua consistenza liscia e alla sua non reattivit\u00e0, l&#8217;h-BN viene talvolta utilizzato nei cosmetici e nei prodotti per la cura personale, anche come ingrediente nelle formulazioni in polvere. Materiali compositi: il nitruro di boro BN viene utilizzato come additivo nei materiali compositi avanzati per migliorare propriet\u00e0 come la conduttivit\u00e0 termica, l&#8217;isolamento elettrico e la resistenza meccanica. Bersagli sputtering: I bersagli sputtering al nitruro di boro sono utilizzati nella deposizione di film BN per varie applicazioni, tra cui elettronica, optoelettronica e come rivestimento protettivo in ambienti difficili. <\/p>\n","protected":false},"excerpt":{"rendered":"<p>Il nitruro di boro BN \u00e8 un composto composto da atomi di boro e azoto. Esiste in varie forme strutturali, con ogni allotropo che mostra propriet\u00e0 e usi distinti. Le forme pi\u00f9 comuni sono il nitruro di boro esagonale (h-BN), che assomiglia alla grafite nella struttura, e il nitruro di boro cubico (c-BN), che \u00e8 [&hellip;]<\/p>\n","protected":false},"featured_media":999144,"comment_status":"open","ping_status":"closed","template":"","meta":{"_acf_changed":false},"product_brand":[],"product_cat":[198],"product_tag":[],"class_list":{"0":"post-1010098","1":"product","2":"type-product","3":"status-publish","4":"has-post-thumbnail","6":"product_cat-materiali-per-levaporazione","8":"first","9":"instock","10":"shipping-taxable","11":"product-type-variable"},"acf":[],"_links":{"self":[{"href":"https:\/\/vimaterial.de\/it\/wp-json\/wp\/v2\/product\/1010098","targetHints":{"allow":["GET"]}}],"collection":[{"href":"https:\/\/vimaterial.de\/it\/wp-json\/wp\/v2\/product"}],"about":[{"href":"https:\/\/vimaterial.de\/it\/wp-json\/wp\/v2\/types\/product"}],"replies":[{"embeddable":true,"href":"https:\/\/vimaterial.de\/it\/wp-json\/wp\/v2\/comments?post=1010098"}],"wp:featuredmedia":[{"embeddable":true,"href":"https:\/\/vimaterial.de\/it\/wp-json\/wp\/v2\/media\/999144"}],"wp:attachment":[{"href":"https:\/\/vimaterial.de\/it\/wp-json\/wp\/v2\/media?parent=1010098"}],"wp:term":[{"taxonomy":"product_brand","embeddable":true,"href":"https:\/\/vimaterial.de\/it\/wp-json\/wp\/v2\/product_brand?post=1010098"},{"taxonomy":"product_cat","embeddable":true,"href":"https:\/\/vimaterial.de\/it\/wp-json\/wp\/v2\/product_cat?post=1010098"},{"taxonomy":"product_tag","embeddable":true,"href":"https:\/\/vimaterial.de\/it\/wp-json\/wp\/v2\/product_tag?post=1010098"}],"curies":[{"name":"wp","href":"https:\/\/api.w.org\/{rel}","templated":true}]}}