{"id":1010072,"date":"2024-06-17T14:02:30","date_gmt":"2024-06-17T06:02:30","guid":{"rendered":"https:\/\/vimaterial.de\/product\/nitruro-di-boro\/"},"modified":"2024-11-12T14:21:26","modified_gmt":"2024-11-12T06:21:26","slug":"nitruro-di-boro","status":"publish","type":"product","link":"https:\/\/vimaterial.de\/it\/product\/nitruro-di-boro\/","title":{"rendered":"Nitruro di boro"},"content":{"rendered":"<p>Il bersaglio per sputtering in nitruro di boro \u00e8 un materiale utilizzato nel processo di sputtering per depositare film di nitruro di boro (BN) su un substrato. Lo sputtering \u00e8 un tipo di deposizione fisica da vapore (PVD) in cui ioni o particelle ad alta energia colpiscono un bersaglio, provocando l&#8217;espulsione di atomi o molecole dal materiale bersaglio e il deposito su un substrato per formare un film sottile. <\/p>\n<h2><span style=\"font-size: 14pt;\">Propriet\u00e0 fisiche:<\/span><\/h2>\n<p>Formula chimica: BN<\/p>\n<p>Massa molare: 24,82 g \/ mol<\/p>\n<p>Aspetto: i bersagli per sputtering di nitruro di boro sono in genere dischi o piastre bianchi e solidi.<\/p>\n<p>Densit\u00e0:2,1 (h-BN); 3,45 (c-BN) g\/cm3<\/p>\n<p>Punto di fusione: 2.973 \u00b0C (5.383 \u00b0F; 3.246 K) sublima (cBN)<\/p>\n<p>Solubilit\u00e0 in acqua: insolubile<\/p>\n<p>Purezza: i bersagli per polverizzazione catodica sono disponibili in vari gradi di purezza, in genere compresi tra il 99% e il 99,99% per applicazioni ad alte prestazioni. Isolamento elettrico: il nitruro di boro \u00e8 un eccellente isolante elettrico, il che lo rende ideale per applicazioni che richiedono isolamento elettrico insieme a un&#8217;elevata conduttivit\u00e0 termica.<\/p>\n<h2><span style=\"font-size: 14pt;\">Tipi di bersagli per sputtering al nitruro di boro:<\/span><\/h2>\n<h3><span style=\"font-size: 12pt;\">Nitruro di boro esagonale (h-BN):<\/span><\/h3>\n<p>Questa forma viene spesso utilizzata per creare film sottili lubrificanti o isolanti. Ha una struttura stratificata simile alla grafite, che consente la deposizione di film sottili con propriet\u00e0 lubrificanti. Utilizzato per la sua elevata conducibilit\u00e0 termica e propriet\u00e0 di isolamento elettrico. Comune in applicazioni come rivestimenti per dispositivi elettronici, pellicole ottiche e come rivestimento protettivo in ambienti ad alta temperatura. <\/p>\n<h3><span style=\"font-size: 12pt;\">Nitruro cubico di boro (c-BN):<\/span><\/h3>\n<p>I bersagli per polverizzazione catodica di nitruro di boro cubico vengono utilizzati quando l&#8217;applicazione richiede durezza, ad esempio in utensili da taglio, materiali abrasivi e rivestimenti resistenti all&#8217;usura. Questa forma di BN \u00e8 il secondo materiale pi\u00f9 duro conosciuto (dopo il diamante), il che lo rende ideale per film resistenti all&#8217;usura in condizioni difficili.<\/p>\n<h2><span style=\"font-size: 14pt;\">Applicazioni:<\/span><\/h2>\n<p>Deposizione di film sottili:<\/p>\n<ul>\n<li>Rivestimenti lubrificanti: i film esagonali di nitruro di boro sono comunemente usati come lubrificanti in ambienti ad alta temperatura, anche in parti meccaniche, rivestimenti di stampi e componenti aerospaziali.<\/li>\n<li>Rivestimenti dielettrici: i film di nitruro di boro sono utilizzati come materiali dielettrici nei dispositivi elettronici e semiconduttori grazie alle loro eccellenti propriet\u00e0 di isolamento elettrico.<\/li>\n<\/ul>\n<p>Rivestimenti ottici: i bersagli sputtering al nitruro di boro possono essere utilizzati in applicazioni ottiche, come specchi o rivestimenti che devono resistere alle alte temperature offrendo al contempo chiarezza ottica. Gestione termica: l&#8217;elevata conducibilit\u00e0 termica del nitruro di boro lo rende adatto per applicazioni di dissipazione di calore e altri componenti elettronici in cui la dissipazione del calore \u00e8 fondamentale. Rivestimenti resistenti all&#8217;usura: i bersagli sputtering di nitruro di boro cubico vengono utilizzati nella deposizione di film duri per utensili da taglio, prodotti abrasivi e rivestimenti protettivi nell&#8217;industria automobilistica e manifatturiera. Riflettori di neutroni: i film BN sono utilizzati nelle applicazioni nucleari come riflettori di neutroni grazie al loro basso assorbimento di neutroni e all&#8217;elevata stabilit\u00e0 termica.<\/p>\n","protected":false},"excerpt":{"rendered":"<p>Il bersaglio per sputtering in nitruro di boro \u00e8 un materiale utilizzato nel processo di sputtering per depositare film di nitruro di boro (BN) su un substrato. Lo sputtering \u00e8 un tipo di deposizione fisica da vapore (PVD) in cui ioni o particelle ad alta energia colpiscono un bersaglio, provocando l&#8217;espulsione di atomi o molecole [&hellip;]<\/p>\n","protected":false},"featured_media":1031176,"comment_status":"open","ping_status":"closed","template":"","meta":{"_acf_changed":false},"product_brand":[],"product_cat":[197],"product_tag":[],"class_list":{"0":"post-1010072","1":"product","2":"type-product","3":"status-publish","4":"has-post-thumbnail","6":"product_cat-obiettivi-di-sputtering-planari","8":"first","9":"instock","10":"shipping-taxable","11":"product-type-variable"},"acf":[],"_links":{"self":[{"href":"https:\/\/vimaterial.de\/it\/wp-json\/wp\/v2\/product\/1010072","targetHints":{"allow":["GET"]}}],"collection":[{"href":"https:\/\/vimaterial.de\/it\/wp-json\/wp\/v2\/product"}],"about":[{"href":"https:\/\/vimaterial.de\/it\/wp-json\/wp\/v2\/types\/product"}],"replies":[{"embeddable":true,"href":"https:\/\/vimaterial.de\/it\/wp-json\/wp\/v2\/comments?post=1010072"}],"wp:featuredmedia":[{"embeddable":true,"href":"https:\/\/vimaterial.de\/it\/wp-json\/wp\/v2\/media\/1031176"}],"wp:attachment":[{"href":"https:\/\/vimaterial.de\/it\/wp-json\/wp\/v2\/media?parent=1010072"}],"wp:term":[{"taxonomy":"product_brand","embeddable":true,"href":"https:\/\/vimaterial.de\/it\/wp-json\/wp\/v2\/product_brand?post=1010072"},{"taxonomy":"product_cat","embeddable":true,"href":"https:\/\/vimaterial.de\/it\/wp-json\/wp\/v2\/product_cat?post=1010072"},{"taxonomy":"product_tag","embeddable":true,"href":"https:\/\/vimaterial.de\/it\/wp-json\/wp\/v2\/product_tag?post=1010072"}],"curies":[{"name":"wp","href":"https:\/\/api.w.org\/{rel}","templated":true}]}}