{"id":1010051,"date":"2024-06-17T14:02:31","date_gmt":"2024-06-17T06:02:31","guid":{"rendered":"https:\/\/vimaterial.de\/product\/carbonio-3\/"},"modified":"2024-11-12T15:05:51","modified_gmt":"2024-11-12T07:05:51","slug":"carbonio-3","status":"publish","type":"product","link":"https:\/\/vimaterial.de\/it\/product\/carbonio-3\/","title":{"rendered":"Carbonio"},"content":{"rendered":"<p>I granuli di carbonio sono forme granulari di carbonio elementare, spesso utilizzati in applicazioni che richiedono materiale di carbonio ad alta purezza in una forma meno polverosa e pi\u00f9 gestibile. Questi granuli sono solitamente realizzati con fonti di carbonio di alta qualit\u00e0 e purificati per contenere impurit\u00e0 minime, raggiungendo un livello di purezza del 99,99% o superiore. <\/p>\n<h2><span style=\"font-size: 14pt;\">Propriet\u00e0 fisiche:<\/span><\/h2>\n<p>Formula: C (carbonio elementare). Purezza: tipicamente \u226599,99%, con livelli bassissimi di impurit\u00e0 metalliche e non metalliche. Aspetto: Forma granulare grossolana nera. Dimensione delle particelle: Disponibile in granuli con dimensioni comprese tra 0,5 mm e pochi millimetri, che riducono la polvere e facilitano la manipolazione. Densit\u00e0: Generalmente simile al carbone in polvere, circa 2,1 g\/cm\u00b3, anche se pu\u00f2 variare leggermente con la porosit\u00e0. Struttura: I granuli di carbonio sono disponibili sia in forma amorfa che cristallina, come i granuli di grafite, che possono essere scelti in base alle esigenze applicative.<\/p>\n<h2><span style=\"font-size: 14pt;\">Applicazioni:<\/span><\/h2>\n<p>Filtrazione e purificazione: Utilizzato nei sistemi di filtrazione dell&#8217;acqua e dell&#8217;aria, dove il carbone ad alta purezza assorbe efficacemente contaminanti e impurit\u00e0. Metallurgia: Utilizzato come agente di cementazione ad alta purezza o agente riducente nella raffinazione e lavorazione dei metalli. Produzione di batterie e celle a combustibile: fornisce conduttivit\u00e0 e stabilit\u00e0 in alcuni tipi di tecnologie di batterie e celle a combustibile. Lavorazione chimica: agisce come materiale di supporto nei catalizzatori o come reagente nelle sintesi chimiche ad alta purezza. Applicazioni ad alta temperatura: adatto per ambienti in cui il carbonio deve resistere a temperature elevate, come negli scudi termici o nei materiali refrattari.<\/p>\n<h2><span style=\"font-size: 14pt;\">Maneggevolezza e sicurezza:<\/span><\/h2>\n<p>Manipolazione: Rispetto alla polvere, i granuli sono pi\u00f9 facili da maneggiare con un rischio ridotto di inalazione di polvere, anche se si raccomandano comunque le precauzioni standard. Conservazione: Conservare in un luogo fresco e asciutto per evitare ossidazioni o contaminazioni; Sono preferibili contenitori sigillati. Precauzioni di sicurezza: Sebbene meno polverosi della polvere, i granuli di carbonio ad alta purezza devono comunque essere maneggiati con guanti protettivi, protezione per gli occhi e ventilazione adeguata.<\/p>\n","protected":false},"excerpt":{"rendered":"<p>I granuli di carbonio sono forme granulari di carbonio elementare, spesso utilizzati in applicazioni che richiedono materiale di carbonio ad alta purezza in una forma meno polverosa e pi\u00f9 gestibile. Questi granuli sono solitamente realizzati con fonti di carbonio di alta qualit\u00e0 e purificati per contenere impurit\u00e0 minime, raggiungendo un livello di purezza del 99,99% [&hellip;]<\/p>\n","protected":false},"featured_media":999164,"comment_status":"open","ping_status":"closed","template":"","meta":{"_acf_changed":false},"product_brand":[],"product_cat":[198],"product_tag":[],"class_list":{"0":"post-1010051","1":"product","2":"type-product","3":"status-publish","4":"has-post-thumbnail","6":"product_cat-materiali-per-levaporazione","8":"first","9":"instock","10":"shipping-taxable","11":"product-type-variable"},"acf":[],"_links":{"self":[{"href":"https:\/\/vimaterial.de\/it\/wp-json\/wp\/v2\/product\/1010051","targetHints":{"allow":["GET"]}}],"collection":[{"href":"https:\/\/vimaterial.de\/it\/wp-json\/wp\/v2\/product"}],"about":[{"href":"https:\/\/vimaterial.de\/it\/wp-json\/wp\/v2\/types\/product"}],"replies":[{"embeddable":true,"href":"https:\/\/vimaterial.de\/it\/wp-json\/wp\/v2\/comments?post=1010051"}],"wp:featuredmedia":[{"embeddable":true,"href":"https:\/\/vimaterial.de\/it\/wp-json\/wp\/v2\/media\/999164"}],"wp:attachment":[{"href":"https:\/\/vimaterial.de\/it\/wp-json\/wp\/v2\/media?parent=1010051"}],"wp:term":[{"taxonomy":"product_brand","embeddable":true,"href":"https:\/\/vimaterial.de\/it\/wp-json\/wp\/v2\/product_brand?post=1010051"},{"taxonomy":"product_cat","embeddable":true,"href":"https:\/\/vimaterial.de\/it\/wp-json\/wp\/v2\/product_cat?post=1010051"},{"taxonomy":"product_tag","embeddable":true,"href":"https:\/\/vimaterial.de\/it\/wp-json\/wp\/v2\/product_tag?post=1010051"}],"curies":[{"name":"wp","href":"https:\/\/api.w.org\/{rel}","templated":true}]}}