{"id":1010042,"date":"2024-06-17T14:02:32","date_gmt":"2024-06-17T06:02:32","guid":{"rendered":"https:\/\/vimaterial.de\/product\/carbonio-2\/"},"modified":"2024-11-12T15:11:32","modified_gmt":"2024-11-12T07:11:32","slug":"carbonio-2","status":"publish","type":"product","link":"https:\/\/vimaterial.de\/it\/product\/carbonio-2\/","title":{"rendered":"Carbonio"},"content":{"rendered":"<p>Carbon Sputtering Target \u00e8 un materiale a base di carbonio ad alta purezza progettato per l&#8217;uso nei processi di sputtering. Lo sputtering \u00e8 una tecnica di deposizione fisica da vapore (PVD) in cui gli atomi vengono espulsi da un materiale bersaglio (in questo caso, carbonio) a causa del bombardamento di particelle ad alta energia, tipicamente per applicazioni a film sottile. I bersagli di carbon sputtering sono progettati per produrre rivestimenti di carbonio uniformi e di elevata purezza su vari substrati e sono comunemente utilizzati in applicazioni elettroniche, ottiche e di rivestimento duro.  <\/p>\n<h2><span style=\"font-size: 14pt;\">Propriet\u00e0 fisiche:<\/span><\/h2>\n<p>Formula: C. Aspetto: Solido, a disco o a piastra, solitamente nero con una superficie liscia. Densit\u00e0: generalmente circa 2,1 g\/cm\u00b3 per bersagli amorfi o in grafite, anche se la densit\u00e0 pu\u00f2 variare leggermente in base al processo di produzione. Purezza: in genere 99,99% o superiore per la maggior parte delle applicazioni high-tech, riducendo al minimo le impurit\u00e0 che potrebbero influire sulla qualit\u00e0 del film sottile. Dimensioni: Disponibile in varie dimensioni (diametri e spessori) a seconda dell&#8217;attrezzatura e delle esigenze di rivestimento. Struttura: Spesso realizzata in carbonio amorfo o grafite altamente ordinata, a seconda dell&#8217;applicazione specifica.<\/p>\n<h2><span style=\"font-size: 14pt;\">Applicazioni:<\/span><\/h2>\n<p>Semiconduttori e microelettronica: utilizzati nella produzione di film di carbonio per transistor, diodi e altri componenti elettronici. Rivestimenti ottici: i film di carbonio forniscono rivestimenti ottici per lenti, specchi e altri componenti ottici, migliorando la durata e le propriet\u00e0 antiriflesso. Archiviazione dei dati: nei dischi rigidi e in altri dispositivi di archiviazione, i target di carbon sputtering vengono utilizzati per depositare strati protettivi e funzionali. Rivestimenti biomedici: i film sottili di carbonio sono biocompatibili e talvolta vengono utilizzati nei rivestimenti dei dispositivi medici. Rivestimenti tribologici: i rivestimenti in carbonio possono creare superfici a basso attrito e resistenti all&#8217;usura nelle parti meccaniche.<\/p>\n<h2><span style=\"font-size: 14pt;\">Movimentazione e stoccaggio:<\/span><\/h2>\n<p>Manipolazione: i bersagli di sputtering del carbonio sono fragili, soprattutto a dimensioni maggiori, e devono essere maneggiati con cura per evitare scheggiature o crepe. Conservazione: Conservare in un ambiente asciutto e controllato, in genere nella confezione fornita dal produttore per evitare contaminazioni o esposizione all&#8217;umidit\u00e0. Pulizia: se necessario, utilizzare metodi di pulizia non abrasivi, poich\u00e9 le imperfezioni superficiali possono influire sulla qualit\u00e0 dello sputtering.<\/p>\n","protected":false},"excerpt":{"rendered":"<p>Carbon Sputtering Target \u00e8 un materiale a base di carbonio ad alta purezza progettato per l&#8217;uso nei processi di sputtering. Lo sputtering \u00e8 una tecnica di deposizione fisica da vapore (PVD) in cui gli atomi vengono espulsi da un materiale bersaglio (in questo caso, carbonio) a causa del bombardamento di particelle ad alta energia, tipicamente [&hellip;]<\/p>\n","protected":false},"featured_media":1036398,"comment_status":"open","ping_status":"closed","template":"","meta":{"_acf_changed":false},"product_brand":[],"product_cat":[197],"product_tag":[],"class_list":{"0":"post-1010042","1":"product","2":"type-product","3":"status-publish","4":"has-post-thumbnail","6":"product_cat-obiettivi-di-sputtering-planari","8":"first","9":"instock","10":"shipping-taxable","11":"product-type-variable"},"acf":[],"_links":{"self":[{"href":"https:\/\/vimaterial.de\/it\/wp-json\/wp\/v2\/product\/1010042","targetHints":{"allow":["GET"]}}],"collection":[{"href":"https:\/\/vimaterial.de\/it\/wp-json\/wp\/v2\/product"}],"about":[{"href":"https:\/\/vimaterial.de\/it\/wp-json\/wp\/v2\/types\/product"}],"replies":[{"embeddable":true,"href":"https:\/\/vimaterial.de\/it\/wp-json\/wp\/v2\/comments?post=1010042"}],"wp:featuredmedia":[{"embeddable":true,"href":"https:\/\/vimaterial.de\/it\/wp-json\/wp\/v2\/media\/1036398"}],"wp:attachment":[{"href":"https:\/\/vimaterial.de\/it\/wp-json\/wp\/v2\/media?parent=1010042"}],"wp:term":[{"taxonomy":"product_brand","embeddable":true,"href":"https:\/\/vimaterial.de\/it\/wp-json\/wp\/v2\/product_brand?post=1010042"},{"taxonomy":"product_cat","embeddable":true,"href":"https:\/\/vimaterial.de\/it\/wp-json\/wp\/v2\/product_cat?post=1010042"},{"taxonomy":"product_tag","embeddable":true,"href":"https:\/\/vimaterial.de\/it\/wp-json\/wp\/v2\/product_tag?post=1010042"}],"curies":[{"name":"wp","href":"https:\/\/api.w.org\/{rel}","templated":true}]}}