{"id":1010040,"date":"2024-06-17T14:02:32","date_gmt":"2024-06-17T06:02:32","guid":{"rendered":"https:\/\/vimaterial.de\/product\/carbonio\/"},"modified":"2024-11-12T15:14:53","modified_gmt":"2024-11-12T07:14:53","slug":"carbonio","status":"publish","type":"product","link":"https:\/\/vimaterial.de\/it\/product\/carbonio\/","title":{"rendered":"Carbonio"},"content":{"rendered":"<p>L&#8217;asta di carbonio \u00e8 una forma cilindrica di carbonio ad alta purezza, comunemente prodotta da grafite o carbonio amorfo e utilizzata in varie applicazioni industriali e scientifiche.<\/p>\n<h2><span style=\"font-size: 14pt;\">Propriet\u00e0 fisiche:<\/span><\/h2>\n<p>Formula: C. Aspetto: Grigio scuro o nero, forma cilindrica solida con una superficie liscia o leggermente strutturata. Dimensioni: Disponibile in vari diametri e lunghezze, che vanno da pochi millimetri a diversi centimetri, a seconda della destinazione d&#8217;uso. Densit\u00e0: circa 2,1 g\/cm\u00b3 per carbonio amorfo o grafite. Purezza: generalmente 99,99% o superiore per la maggior parte delle applicazioni, sebbene alcune aste siano disponibili con livelli di purezza ultra elevati a seconda dell&#8217;applicazione richiesta. Struttura: Tipicamente realizzato in carbonio amorfo o grafite cristallina, con la scelta in base a specifici requisiti di conducibilit\u00e0 o stabilit\u00e0 termica.<\/p>\n<h2><span style=\"font-size: 14pt;\">Applicazioni delle barre di carbonio:<\/span><\/h2>\n<p>Elettrodi in elettrolisi: Ampiamente utilizzati come elettrodi in processi come la scissione dell&#8217;acqua o la galvanica. Produzione di batterie: le barre di carbonio sono comunemente usate come anodi nelle batterie, in particolare nelle batterie a secco. Saldatura ad arco elettrico: agiscono come elettrodi nelle applicazioni di saldatura grazie alla loro stabilit\u00e0 e conduttivit\u00e0. Forni ad alta temperatura: fungono da elementi riscaldanti o strutture di supporto in ambienti ad alta temperatura come i processi di sinterizzazione e raffinazione. Lavorazione chimica: Utilizzati come recipienti di reazione o aste di agitazione in applicazioni non reattive ad alta temperatura.<\/p>\n<h2><span style=\"font-size: 14pt;\">Maneggevolezza e sicurezza:<\/span><\/h2>\n<p>Maneggevolezza: Le canne in carbonio sono relativamente robuste, ma le canne pi\u00f9 grandi o quelle con un rapporto d&#8217;aspetto elevato possono essere fragili e devono essere maneggiate con cura per evitare rotture. Conservazione: Conservare in un luogo asciutto per evitare l&#8217;assorbimento di umidit\u00e0, soprattutto se verranno utilizzati in applicazioni ad alta temperatura in cui l&#8217;umidit\u00e0 potrebbe causare screpolature. Equipaggiamento protettivo: sebbene generalmente sicuro da maneggiare, \u00e8 consigliabile indossare guanti per tenere lontani oli e altri contaminanti dalla superficie, soprattutto per applicazioni in ambienti sensibili.<\/p>\n","protected":false},"excerpt":{"rendered":"<p>L&#8217;asta di carbonio \u00e8 una forma cilindrica di carbonio ad alta purezza, comunemente prodotta da grafite o carbonio amorfo e utilizzata in varie applicazioni industriali e scientifiche. Propriet\u00e0 fisiche: Formula: C. Aspetto: Grigio scuro o nero, forma cilindrica solida con una superficie liscia o leggermente strutturata. Dimensioni: Disponibile in vari diametri e lunghezze, che vanno [&hellip;]<\/p>\n","protected":false},"featured_media":999179,"comment_status":"open","ping_status":"closed","template":"","meta":{"_acf_changed":false},"product_brand":[],"product_cat":[207],"product_tag":[],"class_list":{"0":"post-1010040","1":"product","2":"type-product","3":"status-publish","4":"has-post-thumbnail","6":"product_cat-profilo","8":"first","9":"instock","10":"shipping-taxable","11":"product-type-variable"},"acf":[],"_links":{"self":[{"href":"https:\/\/vimaterial.de\/it\/wp-json\/wp\/v2\/product\/1010040","targetHints":{"allow":["GET"]}}],"collection":[{"href":"https:\/\/vimaterial.de\/it\/wp-json\/wp\/v2\/product"}],"about":[{"href":"https:\/\/vimaterial.de\/it\/wp-json\/wp\/v2\/types\/product"}],"replies":[{"embeddable":true,"href":"https:\/\/vimaterial.de\/it\/wp-json\/wp\/v2\/comments?post=1010040"}],"wp:featuredmedia":[{"embeddable":true,"href":"https:\/\/vimaterial.de\/it\/wp-json\/wp\/v2\/media\/999179"}],"wp:attachment":[{"href":"https:\/\/vimaterial.de\/it\/wp-json\/wp\/v2\/media?parent=1010040"}],"wp:term":[{"taxonomy":"product_brand","embeddable":true,"href":"https:\/\/vimaterial.de\/it\/wp-json\/wp\/v2\/product_brand?post=1010040"},{"taxonomy":"product_cat","embeddable":true,"href":"https:\/\/vimaterial.de\/it\/wp-json\/wp\/v2\/product_cat?post=1010040"},{"taxonomy":"product_tag","embeddable":true,"href":"https:\/\/vimaterial.de\/it\/wp-json\/wp\/v2\/product_tag?post=1010040"}],"curies":[{"name":"wp","href":"https:\/\/api.w.org\/{rel}","templated":true}]}}