{"id":1010008,"date":"2024-06-17T14:03:57","date_gmt":"2024-06-17T06:03:57","guid":{"rendered":"https:\/\/vimaterial.de\/product\/lega-di-nichel-al-carbonio\/"},"modified":"2024-11-12T15:25:35","modified_gmt":"2024-11-12T07:25:35","slug":"lega-di-nichel-al-carbonio","status":"publish","type":"product","link":"https:\/\/vimaterial.de\/it\/product\/lega-di-nichel-al-carbonio\/","title":{"rendered":"Lega di carbonio-nichel"},"content":{"rendered":"<p>Il bersaglio per sputtering in lega di carbonio-nichel \u00e8 un materiale composito che combina carbonio e nichel, utilizzato per la deposizione di film sottili tramite processi di sputtering. La lega offre una miscela unica di propriet\u00e0 di entrambi gli elementi: la resistenza all&#8217;usura e la durezza del carbonio e la duttilit\u00e0 e la resistenza alla corrosione del nichel. Questa combinazione lo rende adatto per la creazione di rivestimenti con propriet\u00e0 meccaniche e conduttive migliorate, spesso utilizzate in applicazioni che richiedono durata e conduttivit\u00e0.  <\/p>\n<h2><span style=\"font-size: 14pt;\">Propriet\u00e0 fisiche:<\/span><\/h2>\n<p>Formula chimica: C-Ni (lega carbonio-nichel). Aspetto: da grigio metallizzato a grigio scuro, a seconda del contenuto di carbonio. Densit\u00e0: Varia con la composizione, generalmente superiore ai target di carbonio puro ma inferiore ai target di nichel puro. Struttura: Una miscela omogenea di particelle di carbonio e nichel, con alcuni bersagli contenenti nichel in una matrice di carbonio o viceversa.<\/p>\n<h2><span style=\"font-size: 14pt;\">Applicazioni dei bersagli sputtering in lega di carbonio-nichel:<\/span><\/h2>\n<p>Componenti elettronici: utilizzati per creare film sottili in dispositivi elettronici che richiedono superfici conduttive e resistenti all&#8217;usura. Parti meccaniche e utensili: Comunemente applicati come rivestimenti protettivi su utensili, cuscinetti e componenti meccanici in cui la durezza e la durata sono fondamentali. Archiviazione dei dati: nei dispositivi di archiviazione magnetici dei dati, gli strati di carbonio-nichel possono offrire una superficie conduttiva e protettiva. Rivestimenti decorativi: Fornisce una finitura metallica durevole ed esteticamente accattivante nel design automobilistico e industriale.<\/p>\n<h2><span style=\"font-size: 14pt;\">Movimentazione e stoccaggio:<\/span><\/h2>\n<p>Manipolazione: Deve essere maneggiato con cura per evitare danni o contaminazioni, soprattutto sulla superficie del bersaglio. Conservazione: Conservare in un ambiente controllato per prevenire l&#8217;ossidazione del nichel, in particolare nelle zone ad alta umidit\u00e0. Pulizia: utilizzare metodi non abrasivi per pulire la superficie target, se necessario, poich\u00e9 le imperfezioni della superficie possono influire sulla qualit\u00e0 dello sputtering.<\/p>\n","protected":false},"excerpt":{"rendered":"<p>Il bersaglio per sputtering in lega di carbonio-nichel \u00e8 un materiale composito che combina carbonio e nichel, utilizzato per la deposizione di film sottili tramite processi di sputtering. La lega offre una miscela unica di propriet\u00e0 di entrambi gli elementi: la resistenza all&#8217;usura e la durezza del carbonio e la duttilit\u00e0 e la resistenza alla [&hellip;]<\/p>\n","protected":false},"featured_media":999201,"comment_status":"open","ping_status":"closed","template":"","meta":{"_acf_changed":false},"product_brand":[],"product_cat":[197],"product_tag":[],"class_list":{"0":"post-1010008","1":"product","2":"type-product","3":"status-publish","4":"has-post-thumbnail","6":"product_cat-obiettivi-di-sputtering-planari","8":"first","9":"instock","10":"shipping-taxable","11":"product-type-variable"},"acf":[],"_links":{"self":[{"href":"https:\/\/vimaterial.de\/it\/wp-json\/wp\/v2\/product\/1010008","targetHints":{"allow":["GET"]}}],"collection":[{"href":"https:\/\/vimaterial.de\/it\/wp-json\/wp\/v2\/product"}],"about":[{"href":"https:\/\/vimaterial.de\/it\/wp-json\/wp\/v2\/types\/product"}],"replies":[{"embeddable":true,"href":"https:\/\/vimaterial.de\/it\/wp-json\/wp\/v2\/comments?post=1010008"}],"wp:featuredmedia":[{"embeddable":true,"href":"https:\/\/vimaterial.de\/it\/wp-json\/wp\/v2\/media\/999201"}],"wp:attachment":[{"href":"https:\/\/vimaterial.de\/it\/wp-json\/wp\/v2\/media?parent=1010008"}],"wp:term":[{"taxonomy":"product_brand","embeddable":true,"href":"https:\/\/vimaterial.de\/it\/wp-json\/wp\/v2\/product_brand?post=1010008"},{"taxonomy":"product_cat","embeddable":true,"href":"https:\/\/vimaterial.de\/it\/wp-json\/wp\/v2\/product_cat?post=1010008"},{"taxonomy":"product_tag","embeddable":true,"href":"https:\/\/vimaterial.de\/it\/wp-json\/wp\/v2\/product_tag?post=1010008"}],"curies":[{"name":"wp","href":"https:\/\/api.w.org\/{rel}","templated":true}]}}