{"id":1009996,"date":"2024-06-17T14:04:01","date_gmt":"2024-06-17T06:04:01","guid":{"rendered":"https:\/\/vimaterial.de\/product\/cromato-di-sodio\/"},"modified":"2024-11-12T16:27:31","modified_gmt":"2024-11-12T08:27:31","slug":"cromato-di-sodio","status":"publish","type":"product","link":"https:\/\/vimaterial.de\/it\/product\/cromato-di-sodio\/","title":{"rendered":"Cromato di sodio"},"content":{"rendered":"<p>Il cromato di sodio \u00e8 il composto inorganico con la formula Na2CrO4. Esiste come un solido igroscopico giallo, che pu\u00f2 formare tetra-, esa- e decaidrati. \u00c8 un intermedio nell&#8217;estrazione del cromo dai suoi minerali.<\/p>\n<h2><span style=\"font-size: 14pt;\">Propriet\u00e0 fisiche:<\/span><\/h2>\n<p>Formula chimica: Na2CrO4<\/p>\n<p>Massa molare: 161,97 g\/mol<\/p>\n<p>Aspetto: cristalli gialli<\/p>\n<p>Odore: inodore<\/p>\n<p>Densit\u00e0: 2,698 g\/cm3<\/p>\n<p>Punto di fusione: 792 \u00b0C (1.458 \u00b0F; 1.065 K) (anidro) 20 \u00b0C (decaidrato)<\/p>\n<p>Solubilit\u00e0 in acqua: 31,8 g\/100 mL (0 \u00b0C) 84,5 g\/100 mL (25 \u00b0C) 126,7 g\/100 mL (100 \u00b0C)<\/p>\n<p>Solubilit\u00e0: leggermente solubile in etanolo<\/p>\n<p>Solubilit\u00e0 in metanolo: 0,344 g\/100 mL (25 \u00b0C)<\/p>\n<p>Suscettibilit\u00e0 magnetica (\u03c7):+55,0\u00b710\u22126 cm3\/mol<\/p>\n<p>Struttura cristallina: ortorombica<\/p>\n<h2><span style=\"font-size: 14pt;\">Applicazioni:<\/span><\/h2>\n<p>Oltre al suo ruolo centrale nella produzione di cromo dai suoi minerali, il cromato di sodio \u00e8 utilizzato come inibitore di corrosione nell&#8217;industria petrolifera. \u00c8 anche un ausiliario di tintura nell&#8217;industria tessile. \u00c8 un farmaco diagnostico per determinare il volume dei globuli rossi.<\/p>\n<p>In chimica organica, il cromato di sodio viene utilizzato come ossidante, convertendo gli alcoli primari in acidi carbossilici e gli alcoli secondari in chetoni.<\/p>\n<h2><span style=\"font-size: 14pt;\">Movimentazione e stoccaggio:<\/span><\/h2>\n<p>Manipolazione: richiede indumenti protettivi, inclusi guanti, protezione per gli occhi e maschere, poich\u00e9 \u00e8 altamente tossico e corrosivo. Conservazione: Conservare in un contenitore ben chiuso in un luogo asciutto e ben ventilato, lontano da acidi e materiali combustibili. Fuoriuscita: Pulire immediatamente le fuoriuscite con adeguati dispositivi di protezione, evitando il contatto diretto e l&#8217;inalazione di polvere.<\/p>\n","protected":false},"excerpt":{"rendered":"<p>Il cromato di sodio \u00e8 il composto inorganico con la formula Na2CrO4. Esiste come un solido igroscopico giallo, che pu\u00f2 formare tetra-, esa- e decaidrati. \u00c8 un intermedio nell&#8217;estrazione del cromo dai suoi minerali. Propriet\u00e0 fisiche: Formula chimica: Na2CrO4 Massa molare: 161,97 g\/mol Aspetto: cristalli gialli Odore: inodore Densit\u00e0: 2,698 g\/cm3 Punto di fusione: 792 [&hellip;]<\/p>\n","protected":false},"featured_media":999215,"comment_status":"open","ping_status":"closed","template":"","meta":{"_acf_changed":false},"product_brand":[],"product_cat":[206],"product_tag":[],"class_list":{"0":"post-1009996","1":"product","2":"type-product","3":"status-publish","4":"has-post-thumbnail","6":"product_cat-altri-materiali","8":"first","9":"instock","10":"shipping-taxable","11":"product-type-variable"},"acf":[],"_links":{"self":[{"href":"https:\/\/vimaterial.de\/it\/wp-json\/wp\/v2\/product\/1009996","targetHints":{"allow":["GET"]}}],"collection":[{"href":"https:\/\/vimaterial.de\/it\/wp-json\/wp\/v2\/product"}],"about":[{"href":"https:\/\/vimaterial.de\/it\/wp-json\/wp\/v2\/types\/product"}],"replies":[{"embeddable":true,"href":"https:\/\/vimaterial.de\/it\/wp-json\/wp\/v2\/comments?post=1009996"}],"wp:featuredmedia":[{"embeddable":true,"href":"https:\/\/vimaterial.de\/it\/wp-json\/wp\/v2\/media\/999215"}],"wp:attachment":[{"href":"https:\/\/vimaterial.de\/it\/wp-json\/wp\/v2\/media?parent=1009996"}],"wp:term":[{"taxonomy":"product_brand","embeddable":true,"href":"https:\/\/vimaterial.de\/it\/wp-json\/wp\/v2\/product_brand?post=1009996"},{"taxonomy":"product_cat","embeddable":true,"href":"https:\/\/vimaterial.de\/it\/wp-json\/wp\/v2\/product_cat?post=1009996"},{"taxonomy":"product_tag","embeddable":true,"href":"https:\/\/vimaterial.de\/it\/wp-json\/wp\/v2\/product_tag?post=1009996"}],"curies":[{"name":"wp","href":"https:\/\/api.w.org\/{rel}","templated":true}]}}