{"id":1009970,"date":"2024-06-17T14:04:05","date_gmt":"2024-06-17T06:04:05","guid":{"rendered":"https:\/\/vimaterial.de\/product\/titanato-di-sodio\/"},"modified":"2024-11-12T16:49:47","modified_gmt":"2024-11-12T08:49:47","slug":"titanato-di-sodio","status":"publish","type":"product","link":"https:\/\/vimaterial.de\/it\/product\/titanato-di-sodio\/","title":{"rendered":"Titanato di sodio (ossido di titanio di sodio)"},"content":{"rendered":"<p>Il titanato di sodio (Na\u2082Ti\u2083O\u2087) \u00e8 un composto inorganico composto da sodio, titanio e ossigeno. Spesso \u00e8 un materiale cristallino o in polvere marrone o grigio scuro. Il titanato di sodio con la formula Na\u2082Ti\u2083O\u2087 \u00e8 un altro tipo di titanato che presenta propriet\u00e0 uniche, tra cui la sua elevata stabilit\u00e0 termica e la capacit\u00e0 di agire come materiale a scambio ionico.  <\/p>\n<h2><span style=\"font-size: 14pt;\">Propriet\u00e0 fisiche:<\/span><\/h2>\n<p>Formula chimica: Na2Ti3O7<\/p>\n<p>Peso molecolare: 257,78 g\/mol Aspetto: Solitamente un materiale cristallino o in polvere marrone o grigio scuro.<\/p>\n<p>Densit\u00e0: 3.941 g\/cm3, solido<\/p>\n<p>Solubilit\u00e0: Insolubile in acqua, ma pu\u00f2 reagire con gli acidi per rilasciare ioni titanio e sodio. Struttura: \u00c8 un membro della famiglia dei titanati, con una struttura stratificata che consente propriet\u00e0 di scambio ionico. Stabilit\u00e0 termica: Presenta un&#8217;elevata stabilit\u00e0 termica, che lo rende adatto per applicazioni ad alta temperatura.<\/p>\n<h2><span style=\"font-size: 14pt;\">Applicazioni del titanato di sodio (Na\u2082Ti\u2083O\u2087):<\/span><\/h2>\n<p>Trattamento delle scorie nucleari: il titanato di sodio viene utilizzato nel processo di scambio ionico per la rimozione di isotopi radioattivi, come il cesio e lo stronzio, dai flussi di scorie nucleari. Ceramica: Viene impiegata nella produzione di ceramica grazie al suo alto punto di fusione, che fornisce stabilit\u00e0 alle alte temperature nelle formulazioni ceramiche. Catalisi: come materiale a scambio ionico, pu\u00f2 essere utilizzato in applicazioni catalitiche, come catalizzatori di supporto o in processi come le reazioni di ossidazione. Purificazione dell&#8217;acqua: Utilizzato per la rimozione di ioni di metalli pesanti e in varie applicazioni di scambio ionico, in particolare nel risanamento ambientale.<\/p>\n<h2><span style=\"font-size: 14pt;\">Movimentazione e stoccaggio:<\/span><\/h2>\n<p>Manipolazione: Il titanato di sodio deve essere maneggiato con cura, in particolare nella sua forma in polvere, poich\u00e9 le particelle di polvere fine possono irritare il sistema respiratorio. Conservazione: Conservare in un luogo asciutto e fresco, lontano da acidi per evitare reazioni chimiche indesiderate. Conservare i contenitori ben chiusi per evitare l&#8217;assorbimento di umidit\u00e0.<\/p>\n","protected":false},"excerpt":{"rendered":"<p>Il titanato di sodio (Na\u2082Ti\u2083O\u2087) \u00e8 un composto inorganico composto da sodio, titanio e ossigeno. Spesso \u00e8 un materiale cristallino o in polvere marrone o grigio scuro. Il titanato di sodio con la formula Na\u2082Ti\u2083O\u2087 \u00e8 un altro tipo di titanato che presenta propriet\u00e0 uniche, tra cui la sua elevata stabilit\u00e0 termica e la capacit\u00e0 [&hellip;]<\/p>\n","protected":false},"featured_media":999239,"comment_status":"open","ping_status":"closed","template":"","meta":{"_acf_changed":false},"product_brand":[],"product_cat":[206],"product_tag":[],"class_list":{"0":"post-1009970","1":"product","2":"type-product","3":"status-publish","4":"has-post-thumbnail","6":"product_cat-altri-materiali","8":"first","9":"instock","10":"shipping-taxable","11":"purchasable","12":"product-type-variable"},"acf":[],"_links":{"self":[{"href":"https:\/\/vimaterial.de\/it\/wp-json\/wp\/v2\/product\/1009970","targetHints":{"allow":["GET"]}}],"collection":[{"href":"https:\/\/vimaterial.de\/it\/wp-json\/wp\/v2\/product"}],"about":[{"href":"https:\/\/vimaterial.de\/it\/wp-json\/wp\/v2\/types\/product"}],"replies":[{"embeddable":true,"href":"https:\/\/vimaterial.de\/it\/wp-json\/wp\/v2\/comments?post=1009970"}],"wp:featuredmedia":[{"embeddable":true,"href":"https:\/\/vimaterial.de\/it\/wp-json\/wp\/v2\/media\/999239"}],"wp:attachment":[{"href":"https:\/\/vimaterial.de\/it\/wp-json\/wp\/v2\/media?parent=1009970"}],"wp:term":[{"taxonomy":"product_brand","embeddable":true,"href":"https:\/\/vimaterial.de\/it\/wp-json\/wp\/v2\/product_brand?post=1009970"},{"taxonomy":"product_cat","embeddable":true,"href":"https:\/\/vimaterial.de\/it\/wp-json\/wp\/v2\/product_cat?post=1009970"},{"taxonomy":"product_tag","embeddable":true,"href":"https:\/\/vimaterial.de\/it\/wp-json\/wp\/v2\/product_tag?post=1009970"}],"curies":[{"name":"wp","href":"https:\/\/api.w.org\/{rel}","templated":true}]}}