{"id":1009964,"date":"2024-06-17T14:04:05","date_gmt":"2024-06-17T06:04:05","guid":{"rendered":"https:\/\/vimaterial.de\/product\/tellururo-di-sodio\/"},"modified":"2024-11-12T16:58:02","modified_gmt":"2024-11-12T08:58:02","slug":"tellururo-di-sodio","status":"publish","type":"product","link":"https:\/\/vimaterial.de\/it\/product\/tellururo-di-sodio\/","title":{"rendered":"Tellururo di sodio"},"content":{"rendered":"<p>Il tellururo di sodio \u00e8 il composto chimico con la formula Na\u2082Te. Questo sale \u00e8 la base coniugata del tellururo acido acido termicamente instabile, ma di solito viene preparato per riduzione del tellurio con il sodio.<\/p>\n<h2><span style=\"font-size: 14pt;\">Propriet\u00e0 fisiche:<\/span><\/h2>\n<p>Formula chimica: Na\u2082Te Peso molecolare: 205,81 g\/mol Aspetto: Il tellururo di sodio \u00e8 solitamente un solido scuro, che appare come polvere cristallina nera o grigio scuro. Struttura: Il tellururo di sodio esiste tipicamente in forma cristallina ed \u00e8 composto da cationi di sodio (Na\u207a) e anioni tellururo (Te\u00b2\u207b). Densit\u00e0: circa 3,3 g\/cm\u00b3 (pu\u00f2 variare a seconda della struttura cristallina). Punto di fusione: Il tellururo di sodio ha un alto punto di fusione intorno ai 1.500\u00b0C (2.732\u00b0F). Solubilit\u00e0: Insolubile in acqua, ma reagisce con l&#8217;acqua per rilasciare idrogeno gassoso e formare idrossido di sodio (NaOH) e tellurio.<\/p>\n<h2><span style=\"font-size: 14pt;\">Applicazioni:<\/span><\/h2>\n<p>Industria dei semiconduttori: Na\u2082Te viene utilizzato come precursore per la sintesi di vari semiconduttori a base di tellurio, che sono preziosi nei dispositivi termoelettrici e optoelettronici. Materiali termoelettrici: A causa delle sue propriet\u00e0 semiconduttrici, il tellururo di sodio viene talvolta utilizzato nello sviluppo di materiali termoelettrici per applicazioni di conversione dell&#8217;energia. Sintesi di altri telluridi: Viene utilizzato come precursore di altri composti e leghe contenenti tellurio, come il biossido di tellurio (TeO\u2082) o il vetro a base di tellurio.<\/p>\n<h2><span style=\"font-size: 14pt;\">Movimentazione e stoccaggio:<\/span><\/h2>\n<p>Manipolazione: Na\u2082Te deve essere maneggiato con estrema cautela, in quanto \u00e8 altamente reattivo, in particolare in presenza di acqua o umidit\u00e0. Quando si lavora con questo composto, si consigliano dispositivi di protezione, inclusi guanti, occhiali e una cappa aspirante. Conservazione: Conservare il tellururo di sodio in contenitori ermeticamente chiusi in un luogo fresco e asciutto. Evitare l&#8217;esposizione all&#8217;umidit\u00e0 o all&#8217;umidit\u00e0 per evitare il degrado o la reazione con l&#8217;acqua. I contenitori devono essere realizzati con materiali che non reagiscono con il composto. Considerazioni sulla sicurezza: Reazione pericolosa con l&#8217;acqua: se esposto all&#8217;umidit\u00e0, il tellururo di sodio reagisce violentemente, rilasciando idrogeno gassoso e producendo idrossido di sodio, che \u00e8 caustico. Questa reazione pu\u00f2 essere pericolosa. Tossicit\u00e0: il Na\u2082Te in s\u00e9 non \u00e8 altamente tossico, ma i composti del tellurio possono essere tossici se ingeriti o inalati. Devono essere prese le dovute precauzioni per evitare l&#8217;esposizione a polvere o fumi. Precauzioni per la manipolazione: Data la sua reattivit\u00e0 e il potenziale di fumi tossici, Na\u2082Te deve essere maneggiato in aree ben ventilate, lontano da fonti di umidit\u00e0 o sostanze acide. <\/p>\n<h2><span style=\"font-size: 14pt;\">Impatto ambientale:<\/span><\/h2>\n<p>Reattivit\u00e0: l&#8217;elevata reattivit\u00e0 del tellururo di sodio con l&#8217;umidit\u00e0 e gli acidi lo rende potenzialmente pericoloso per l&#8217;ambiente se smaltito in modo improprio. La formazione di composti tossici del tellurio deve essere gestita con attenzione. <\/p>\n","protected":false},"excerpt":{"rendered":"<p>Il tellururo di sodio \u00e8 il composto chimico con la formula Na\u2082Te. Questo sale \u00e8 la base coniugata del tellururo acido acido termicamente instabile, ma di solito viene preparato per riduzione del tellurio con il sodio. Propriet\u00e0 fisiche: Formula chimica: Na\u2082Te Peso molecolare: 205,81 g\/mol Aspetto: Il tellururo di sodio \u00e8 solitamente un solido scuro, [&hellip;]<\/p>\n","protected":false},"featured_media":999231,"comment_status":"open","ping_status":"closed","template":"","meta":{"_acf_changed":false},"product_brand":[],"product_cat":[200],"product_tag":[],"class_list":{"0":"post-1009964","1":"product","2":"type-product","3":"status-publish","4":"has-post-thumbnail","6":"product_cat-materiali-calcogenidici","8":"first","9":"instock","10":"shipping-taxable","11":"product-type-variable"},"acf":[],"_links":{"self":[{"href":"https:\/\/vimaterial.de\/it\/wp-json\/wp\/v2\/product\/1009964","targetHints":{"allow":["GET"]}}],"collection":[{"href":"https:\/\/vimaterial.de\/it\/wp-json\/wp\/v2\/product"}],"about":[{"href":"https:\/\/vimaterial.de\/it\/wp-json\/wp\/v2\/types\/product"}],"replies":[{"embeddable":true,"href":"https:\/\/vimaterial.de\/it\/wp-json\/wp\/v2\/comments?post=1009964"}],"wp:featuredmedia":[{"embeddable":true,"href":"https:\/\/vimaterial.de\/it\/wp-json\/wp\/v2\/media\/999231"}],"wp:attachment":[{"href":"https:\/\/vimaterial.de\/it\/wp-json\/wp\/v2\/media?parent=1009964"}],"wp:term":[{"taxonomy":"product_brand","embeddable":true,"href":"https:\/\/vimaterial.de\/it\/wp-json\/wp\/v2\/product_brand?post=1009964"},{"taxonomy":"product_cat","embeddable":true,"href":"https:\/\/vimaterial.de\/it\/wp-json\/wp\/v2\/product_cat?post=1009964"},{"taxonomy":"product_tag","embeddable":true,"href":"https:\/\/vimaterial.de\/it\/wp-json\/wp\/v2\/product_tag?post=1009964"}],"curies":[{"name":"wp","href":"https:\/\/api.w.org\/{rel}","templated":true}]}}