{"id":1009952,"date":"2024-06-17T14:04:06","date_gmt":"2024-06-17T06:04:06","guid":{"rendered":"https:\/\/vimaterial.de\/product\/criolite-2\/"},"modified":"2024-11-12T17:14:15","modified_gmt":"2024-11-12T09:14:15","slug":"criolite-2","status":"publish","type":"product","link":"https:\/\/vimaterial.de\/it\/product\/criolite-2\/","title":{"rendered":"Esafluoroalluminato di sodio (criolite)"},"content":{"rendered":"<p>L&#8217;esafluoroalluminato di sodio (Na3AlF6), comunemente noto come criolito di sodio, \u00e8 un composto inorganico utilizzato principalmente nell&#8217;industria della produzione di alluminio. \u00c8 un sale composto da sodio (Na), alluminio (Al) e fluoro (F). <\/p>\n<h2><span style=\"font-size: 14pt;\">Propriet\u00e0 fisiche:<\/span><\/h2>\n<p>Formula: Na\u2083AlF\u2086 Peso molecolare: 209,94 g\/mol Aspetto: L&#8217;esafluoroalluminato di sodio \u00e8 un solido cristallino bianco e pu\u00f2 apparire come polvere o cristalli pi\u00f9 grandi a seconda della sua forma. Densit\u00e0: circa 2,95 g\/cm\u00b3. Solubilit\u00e0: \u00e8 solubile in acqua e pu\u00f2 dissociarsi in ioni sodio (Na\u207a) e ioni esafluoroalluminato (AlF\u2086\u00b3\u207b). La sua solubilit\u00e0 aumenta in presenza di alcuni altri composti, come i fluoruri alcalini. Punto di fusione: Il punto di fusione dell&#8217;esafluoroalluminato di sodio \u00e8 relativamente alto, circa 1000\u00b0C (1832\u00b0F). Struttura: L&#8217;esafluoroalluminato di sodio ha una struttura cristallina in cui l&#8217;alluminio \u00e8 coordinato centralmente da sei atomi di fluoro, formando una disposizione ottaedrica. Gli ioni sodio (Na\u207a) bilanciano la carica negativa del complesso AlF\u2086\u00b3\u207b.<\/p>\n<h2><span style=\"font-size: 14pt;\">Applicazioni:<\/span><\/h2>\n<p>Produzione di alluminio: l&#8217;uso principale dell&#8217;esafluoroalluminato di sodio \u00e8 nel processo di estrazione dell&#8217;alluminio. Agisce come agente fondente nel processo Hall-H\u00e9roult, dove aiuta ad abbassare la temperatura alla quale l&#8217;ossido di alluminio (Al\u2082O\u2083) fonde, migliorando l&#8217;efficienza del processo. Produzione del vetro: Viene utilizzato anche nella produzione di alcuni tipi di vetro, in particolare nella produzione di vetro a basso punto di fusione utilizzato in applicazioni speciali come lo smalto e la smaltatura ceramica. Catalisi: Na3AlF6 pu\u00f2 essere utilizzato in alcuni processi catalitici, in particolare in chimica organica per la preparazione di composti fluoro-organici. Insetticidi ed erbicidi: Storicamente, l&#8217;esafluoroalluminato di sodio \u00e8 stato utilizzato come ingrediente in insetticidi ed erbicidi, sebbene il suo uso in queste applicazioni sia stato gradualmente eliminato in molte aree a causa di preoccupazioni ambientali e tossicit\u00e0. <\/p>\n<h2><span style=\"font-size: 14pt;\">Movimentazione e stoccaggio:<\/span><\/h2>\n<p>Manipolazione: Na3AlF6 deve essere maneggiato con cura, poich\u00e9 pu\u00f2 reagire con l&#8217;acqua e rilasciare gas di fluoruro di idrogeno, che \u00e8 altamente tossico. Quando si maneggia il composto, \u00e8 necessario indossare dispositivi di protezione come guanti, occhiali protettivi e protezioni respiratorie. Conservazione: Conservare Na3AlF6 in un luogo fresco e asciutto in contenitori ermeticamente chiusi, lontano da umidit\u00e0 e materiali incompatibili, come acqua o acidi. Deve essere conservato in un&#8217;area ben ventilata per evitare l&#8217;accumulo di gas tossici. <\/p>\n","protected":false},"excerpt":{"rendered":"<p>L&#8217;esafluoroalluminato di sodio (Na3AlF6), comunemente noto come criolito di sodio, \u00e8 un composto inorganico utilizzato principalmente nell&#8217;industria della produzione di alluminio. \u00c8 un sale composto da sodio (Na), alluminio (Al) e fluoro (F). Propriet\u00e0 fisiche: Formula: Na\u2083AlF\u2086 Peso molecolare: 209,94 g\/mol Aspetto: L&#8217;esafluoroalluminato di sodio \u00e8 un solido cristallino bianco e pu\u00f2 apparire come polvere [&hellip;]<\/p>\n","protected":false},"featured_media":999246,"comment_status":"open","ping_status":"closed","template":"","meta":{"_acf_changed":false},"product_brand":[],"product_cat":[201],"product_tag":[],"class_list":{"0":"post-1009952","1":"product","2":"type-product","3":"status-publish","4":"has-post-thumbnail","6":"product_cat-materiali-a-base-di-alogenuri","8":"first","9":"instock","10":"shipping-taxable","11":"purchasable","12":"product-type-variable"},"acf":[],"_links":{"self":[{"href":"https:\/\/vimaterial.de\/it\/wp-json\/wp\/v2\/product\/1009952","targetHints":{"allow":["GET"]}}],"collection":[{"href":"https:\/\/vimaterial.de\/it\/wp-json\/wp\/v2\/product"}],"about":[{"href":"https:\/\/vimaterial.de\/it\/wp-json\/wp\/v2\/types\/product"}],"replies":[{"embeddable":true,"href":"https:\/\/vimaterial.de\/it\/wp-json\/wp\/v2\/comments?post=1009952"}],"wp:featuredmedia":[{"embeddable":true,"href":"https:\/\/vimaterial.de\/it\/wp-json\/wp\/v2\/media\/999246"}],"wp:attachment":[{"href":"https:\/\/vimaterial.de\/it\/wp-json\/wp\/v2\/media?parent=1009952"}],"wp:term":[{"taxonomy":"product_brand","embeddable":true,"href":"https:\/\/vimaterial.de\/it\/wp-json\/wp\/v2\/product_brand?post=1009952"},{"taxonomy":"product_cat","embeddable":true,"href":"https:\/\/vimaterial.de\/it\/wp-json\/wp\/v2\/product_cat?post=1009952"},{"taxonomy":"product_tag","embeddable":true,"href":"https:\/\/vimaterial.de\/it\/wp-json\/wp\/v2\/product_tag?post=1009952"}],"curies":[{"name":"wp","href":"https:\/\/api.w.org\/{rel}","templated":true}]}}