{"id":1009919,"date":"2024-06-17T14:17:12","date_gmt":"2024-06-17T06:17:12","guid":{"rendered":"https:\/\/vimaterial.de\/product\/ossalato-di-calcio-idrato\/"},"modified":"2024-12-26T17:36:23","modified_gmt":"2024-12-26T09:36:23","slug":"ossalato-di-calcio-idrato","status":"publish","type":"product","link":"https:\/\/vimaterial.de\/it\/product\/ossalato-di-calcio-idrato\/","title":{"rendered":"Ossalato di calcio idrato"},"content":{"rendered":"<p>Ossalato di calcio idrato, formula chimica: CaC\u2082O\u2084\u00b7xH\u2082O, \u00e8 un ossalato di calcio contenente acqua cristallina, che si trova comunemente nei campi della biologia e della chimica. VIMATERIAL fornisce vari tipi di ossalati, vi preghiamo di contattarci se ne avete bisogno.<\/p>\n<h2><span style=\"font-size: 14pt;\">Propriet\u00e0<\/span><\/h2>\n<p>Formula chimica: CaC\u2082O\u2084\u00b7xH\u2082O Peso molecolare: 146.11200 Aspetto: polvere marrone chiaro Solubilit\u00e0: quasi insolubile in acqua, leggermente solubile in acido. Stabilit\u00e0: il riscaldamento pu\u00f2 perdere acqua cristallina per formare ossalato di calcio anidro.<\/p>\n<h2><span style=\"font-size: 14pt;\">Metodo di preparazione del metavanadato di potassio<\/span><\/h2>\n<p>1. Mescolare un sale di calcio solubile (come il cloruro di calcio) con una soluzione di ossalato (come l&#8217;acido ossalico o l&#8217;ossalato di potassio). 2. Mescolare a temperatura ambiente per reagire per formare un precipitato di ossalato di calcio. 3. Filtrare il precipitato e lavarlo con acqua distillata. 4. Asciugare per ottenere ossalato di calcio idrato.<\/p>\n<h2><span style=\"font-size: 14pt;\">Applicazione<\/span><\/h2>\n<p>1. Biologia: l&#8217;idrato di ossalato di calcio \u00e8 una forma cristallina comune nelle piante (come i cristalli di ossalato nelle cellule vegetali). \u00c8 anche il componente principale dei calcoli renali umani. 2. Ricerca chimica: l&#8217;idrato di ossalato di calcio viene utilizzato per la ricerca e l&#8217;analisi delle propriet\u00e0 chimiche dell&#8217;ossalato. 3. Applicazione industriale: l&#8217;idrato di ossalato di calcio viene utilizzato come fonte di calcio o intermedio di ossalato.<\/p>\n<h2><span style=\"font-size: 14pt;\">Controllo qualit\u00e0<\/span><\/h2>\n<p>I nostri prodotti implementano il pi\u00f9 rigoroso sistema di gestione della qualit\u00e0. Esistono rigorosi standard di ispezione per i materiali in entrata, i processi, le ispezioni finali e le ispezioni in fabbrica. Saranno adottate rigorose misure di isolamento per la lavorazione non qualificata per evitare che i prodotti non qualificati fluiscano nel processo successivo. I campioni saranno forniti ai clienti in base alle esigenze del cliente per una nuova ispezione.   <\/p>\n<h2><span style=\"font-size: 14pt;\">Imballaggio e stoccaggio<\/span><\/h2>\n<p>Imballaggio sottovuoto interno, imballaggio in cartone esterno. Contenitore sigillato per evitare l&#8217;assorbimento di umidit\u00e0. Conservare in un ambiente asciutto, ventilato e fresco. Evitare il contatto con acidi forti o ossidanti forti per prevenire la decomposizione o le reazioni collaterali.<\/p>\n<p>&nbsp;<\/p>\n","protected":false},"excerpt":{"rendered":"<p>Ossalato di calcio idrato, formula chimica: CaC\u2082O\u2084\u00b7xH\u2082O, \u00e8 un ossalato di calcio contenente acqua cristallina, che si trova comunemente nei campi della biologia e della chimica. VIMATERIAL fornisce vari tipi di ossalati, vi preghiamo di contattarci se ne avete bisogno. Propriet\u00e0 Formula chimica: CaC\u2082O\u2084\u00b7xH\u2082O Peso molecolare: 146.11200 Aspetto: polvere marrone chiaro Solubilit\u00e0: quasi insolubile in [&hellip;]<\/p>\n","protected":false},"featured_media":1029964,"comment_status":"open","ping_status":"closed","template":"","meta":{"_acf_changed":false},"product_brand":[],"product_cat":[206],"product_tag":[],"class_list":{"0":"post-1009919","1":"product","2":"type-product","3":"status-publish","4":"has-post-thumbnail","6":"product_cat-altri-materiali","8":"first","9":"instock","10":"shipping-taxable","11":"purchasable","12":"product-type-variable"},"acf":[],"_links":{"self":[{"href":"https:\/\/vimaterial.de\/it\/wp-json\/wp\/v2\/product\/1009919","targetHints":{"allow":["GET"]}}],"collection":[{"href":"https:\/\/vimaterial.de\/it\/wp-json\/wp\/v2\/product"}],"about":[{"href":"https:\/\/vimaterial.de\/it\/wp-json\/wp\/v2\/types\/product"}],"replies":[{"embeddable":true,"href":"https:\/\/vimaterial.de\/it\/wp-json\/wp\/v2\/comments?post=1009919"}],"wp:featuredmedia":[{"embeddable":true,"href":"https:\/\/vimaterial.de\/it\/wp-json\/wp\/v2\/media\/1029964"}],"wp:attachment":[{"href":"https:\/\/vimaterial.de\/it\/wp-json\/wp\/v2\/media?parent=1009919"}],"wp:term":[{"taxonomy":"product_brand","embeddable":true,"href":"https:\/\/vimaterial.de\/it\/wp-json\/wp\/v2\/product_brand?post=1009919"},{"taxonomy":"product_cat","embeddable":true,"href":"https:\/\/vimaterial.de\/it\/wp-json\/wp\/v2\/product_cat?post=1009919"},{"taxonomy":"product_tag","embeddable":true,"href":"https:\/\/vimaterial.de\/it\/wp-json\/wp\/v2\/product_tag?post=1009919"}],"curies":[{"name":"wp","href":"https:\/\/api.w.org\/{rel}","templated":true}]}}