{"id":1009880,"date":"2024-06-17T14:17:13","date_gmt":"2024-06-17T06:17:13","guid":{"rendered":"https:\/\/vimaterial.de\/product\/fluoruro-di-calcio\/"},"modified":"2024-12-27T11:25:15","modified_gmt":"2024-12-27T03:25:15","slug":"fluoruro-di-calcio","status":"publish","type":"product","link":"https:\/\/vimaterial.de\/it\/product\/fluoruro-di-calcio\/","title":{"rendered":"Fluoruro di calcio"},"content":{"rendered":"<p>I granuli di fluoruro di calcio sono il composto inorganico degli elementi calcio e fluoro con la formula CaF2. \u00c8 un solido bianco insolubile, ma solubile in acidi forti e in alcuni acidi organici. VIMATERIAL fornisce anche polveri di fluoruro di calcio e bersagli di fluoruro di calcio. <\/p>\n<h2><span style=\"font-size: 14pt;\">Propriet\u00e0<\/span><\/h2>\n<p>Formula chimica:CaF2 Massa molare:78,075 g\u00b7mol\u22121 Aspetto:Solido cristallino bianco (i singoli cristalli sono trasparenti)Densit\u00e0:3,18 g\/cm3 Punto di fusione:1,418 \u00b0C (2,584 \u00b0F; 1,691 K) Punto di ebollizione:2,533 \u00b0C (4,591 \u00b0F; 2,806 K) Solubilit\u00e0:Solubile in acqua, insolubile in acetone leggermente solubile in acido Indice di rifrazione (nD):1,4338<\/p>\n<h2><span style=\"font-size: 14pt;\">Applicazione<\/span><\/h2>\n<p>1. Campo ottico: i cristalli CaF2 hanno un basso indice di rifrazione e caratteristiche di bassa dispersione e sono spesso utilizzati per realizzare lenti ottiche, prismi e materiali per finestre e mostrano prestazioni eccellenti nei sistemi ottici nelle bande ultraviolette e infrarosse. 2. Industria metallurgica: i granuli di fluoruro di calcio possono essere utilizzati come fondente nella produzione di acciaio e alluminio per migliorare l&#8217;efficienza di purificazione dei metalli. 3. Industria del vetro: i granuli di fluoruro di calcio sono un componente importante nella produzione del vetro e possono essere utilizzati per produrre vetri speciali come il vetro ottico e il vetro contenente fluoro, conferendo al vetro propriet\u00e0 ottiche e durata uniche. 4. Industria ceramica: i granuli di fluoruro di calcio vengono utilizzati come fondente nell&#8217;industria ceramica per ridurre la temperatura di sinterizzazione e migliorare le propriet\u00e0 meccaniche e la resistenza alla corrosione chimica del prodotto. 5. Industria chimica: il fluoruro di calcio \u00e8 una materia prima per la produzione di fluoruro. Pu\u00f2 generare fluoruro di idrogeno (HF) attraverso reazioni chimiche, che \u00e8 un importante precursore per la produzione di una variet\u00e0 di fluoruri organici e inorganici. Questi fluoruri sono ampiamente utilizzati nella produzione di refrigeranti, pesticidi e farmaci.<\/p>\n<h2><span style=\"font-size: 14pt;\">Controllo qualit\u00e0<\/span><\/h2>\n<p>I nostri prodotti implementano il pi\u00f9 rigoroso sistema di gestione della qualit\u00e0. Esistono rigorosi standard di ispezione per i materiali in entrata, i processi, le ispezioni finali e le ispezioni in fabbrica. Saranno adottate rigorose misure di isolamento per la lavorazione non qualificata per evitare che i prodotti non qualificati fluiscano nel processo successivo. I campioni saranno forniti ai clienti in base alle esigenze del cliente per una nuova ispezione.   <\/p>\n<h2><span style=\"font-size: 14pt;\">Imballaggio e stoccaggio<\/span><\/h2>\n<p>Imballaggio sottovuoto interno, imballaggio in cartone esterno. I granuli di fluoruro di calcio devono essere conservati in un luogo asciutto, ventilato e fresco ed evitare di mescolarli con acidi forti, alcali forti e altre sostanze. Durante il trasporto, \u00e8 necessario evitare che l&#8217;imballaggio venga danneggiato e perda per evitare inquinamento ambientale o lesioni personali. Inoltre, i rifiuti di fluoruro di calcio dovrebbero essere trattati in modo innocuo in conformit\u00e0 con i requisiti di protezione ambientale per evitare l&#8217;inquinamento dell&#8217;ambiente.<\/p>\n","protected":false},"excerpt":{"rendered":"<p>I granuli di fluoruro di calcio sono il composto inorganico degli elementi calcio e fluoro con la formula CaF2. \u00c8 un solido bianco insolubile, ma solubile in acidi forti e in alcuni acidi organici. VIMATERIAL fornisce anche polveri di fluoruro di calcio e bersagli di fluoruro di calcio. Propriet\u00e0 Formula chimica:CaF2 Massa molare:78,075 g\u00b7mol\u22121 Aspetto:Solido [&hellip;]<\/p>\n","protected":false},"featured_media":1004172,"comment_status":"open","ping_status":"closed","template":"","meta":{"_acf_changed":false},"product_brand":[],"product_cat":[198],"product_tag":[],"class_list":{"0":"post-1009880","1":"product","2":"type-product","3":"status-publish","4":"has-post-thumbnail","6":"product_cat-materiali-per-levaporazione","8":"first","9":"instock","10":"shipping-taxable","11":"purchasable","12":"product-type-variable"},"acf":[],"_links":{"self":[{"href":"https:\/\/vimaterial.de\/it\/wp-json\/wp\/v2\/product\/1009880","targetHints":{"allow":["GET"]}}],"collection":[{"href":"https:\/\/vimaterial.de\/it\/wp-json\/wp\/v2\/product"}],"about":[{"href":"https:\/\/vimaterial.de\/it\/wp-json\/wp\/v2\/types\/product"}],"replies":[{"embeddable":true,"href":"https:\/\/vimaterial.de\/it\/wp-json\/wp\/v2\/comments?post=1009880"}],"wp:featuredmedia":[{"embeddable":true,"href":"https:\/\/vimaterial.de\/it\/wp-json\/wp\/v2\/media\/1004172"}],"wp:attachment":[{"href":"https:\/\/vimaterial.de\/it\/wp-json\/wp\/v2\/media?parent=1009880"}],"wp:term":[{"taxonomy":"product_brand","embeddable":true,"href":"https:\/\/vimaterial.de\/it\/wp-json\/wp\/v2\/product_brand?post=1009880"},{"taxonomy":"product_cat","embeddable":true,"href":"https:\/\/vimaterial.de\/it\/wp-json\/wp\/v2\/product_cat?post=1009880"},{"taxonomy":"product_tag","embeddable":true,"href":"https:\/\/vimaterial.de\/it\/wp-json\/wp\/v2\/product_tag?post=1009880"}],"curies":[{"name":"wp","href":"https:\/\/api.w.org\/{rel}","templated":true}]}}