{"id":1009865,"date":"2024-06-17T14:17:13","date_gmt":"2024-06-17T06:17:13","guid":{"rendered":"https:\/\/vimaterial.de\/product\/titanato-di-calcio-e-rame\/"},"modified":"2024-12-27T13:37:15","modified_gmt":"2024-12-27T05:37:15","slug":"titanato-di-calcio-e-rame","status":"publish","type":"product","link":"https:\/\/vimaterial.de\/it\/product\/titanato-di-calcio-e-rame\/","title":{"rendered":"Titanato di rame di calcio"},"content":{"rendered":"<p>La polvere di titanato di rame di calcio (CaCu3Ti4012), nota anche come CCT0, \u00e8 un materiale di accumulo di energia inorganica ad alta costante dielettrica con eccellenti prestazioni complete. \u00c8 ampiamente utilizzato in campi high-tech come l&#8217;accumulo di energia ad alta densit\u00e0, i dispositivi a film sottile e i condensatori ad alto dielettrico. VIMATERIAL \u00e8 in grado di produrre polvere CCTO di elevata purezza. Se hai delle esigenze, contattaci. <\/p>\n<h2><span style=\"font-size: 14pt;\">Propriet\u00e0<\/span><\/h2>\n<p>Formula chimica:CaCu3Ti4O12 Massa molare:614,1789 g\/mol Aspetto:solido marrone Densit\u00e0:4,7 g\/cm3, solido Punto di fusione:1000 \u00b0C Costante dielettrica (\u03b5): 129805 Perdita dielettrica (tg\u03b4): 0,43<\/p>\n<h2><span style=\"font-size: 14pt;\">Struttura e propriet\u00e0 del titanato di rame di calcio<\/span><\/h2>\n<p>Il titanato di calcio e rame \u00e8 un materiale stratificato. Nella sua struttura cristallina, gli atomi di calcio si trovano nella posizione intercalare e si formano delle lacune tetraedriche tra due strati di titanato di rame. Questa struttura facilita il flusso di elettroni e ioni all&#8217;interno del materiale, migliorandone cos\u00ec le propriet\u00e0 elettrochimiche. Rispetto ai tradizionali materiali per elettrodi positivi per batterie, il titanato di calcio e rame ha un&#8217;elevata capacit\u00e0 specifica, pu\u00f2 immagazzinare pi\u00f9 energia elettrica e ha una lunga durata del ciclo. Durante il processo ciclico di carica e scarica, la sua struttura \u00e8 relativamente stabile e non facile da cambiare. Inoltre, il titanato di rame di calcio ha un costo contenuto e pu\u00f2 sostituire direttamente i tradizionali materiali degli elettrodi positivi per ridurre i costi di produzione delle batterie.  <\/p>\n<h2><span style=\"font-size: 14pt;\">Applicazione<\/span><\/h2>\n<p>Le caratteristiche di accumulo elettronico di energia di CCTO sono ampiamente utilizzate nei materiali di accumulo di energia per la fotorigenerazione solare, condensatori, resistori, celle solari, batterie di nuova energia, nuove batterie e altri settori; Pu\u00f2 essere utilizzato in memoria dinamica ad accesso casuale, ad esempio DRAM; Pu\u00f2 essere utilizzato anche in condensatori aerospaziali di fascia alta, pannelli solari, ecc.<\/p>\n<h2><span style=\"font-size: 14pt;\">Controllo qualit\u00e0<\/span><\/h2>\n<p>I nostri prodotti implementano il pi\u00f9 rigoroso sistema di gestione della qualit\u00e0. Esistono rigorosi standard di ispezione per i materiali in entrata, i processi, le ispezioni finali e le ispezioni in fabbrica. Saranno adottate rigorose misure di isolamento per la lavorazione non qualificata per evitare che i prodotti non qualificati fluiscano nel processo successivo. I campioni saranno forniti ai clienti in base alle esigenze del cliente per una nuova ispezione.   <\/p>\n<h2><span style=\"font-size: 14pt;\">Imballaggio e stoccaggio<\/span><\/h2>\n<p>Confezionamento sottovuoto, la quantit\u00e0 di imballaggio pu\u00f2 essere fornita in base alle esigenze del cliente e confezionata separatamente. Questo prodotto \u00e8 confezionato in un sacchetto di plastica riempito di gas inerte e sigillato in un ambiente asciutto e fresco. Non deve essere esposto all&#8217;aria per evitare che l&#8217;umidit\u00e0 si ossidi e si agglomeri, il che influisce sulle prestazioni di dispersione e sull&#8217;effetto d&#8217;uso;<\/p>\n","protected":false},"excerpt":{"rendered":"<p>La polvere di titanato di rame di calcio (CaCu3Ti4012), nota anche come CCT0, \u00e8 un materiale di accumulo di energia inorganica ad alta costante dielettrica con eccellenti prestazioni complete. \u00c8 ampiamente utilizzato in campi high-tech come l&#8217;accumulo di energia ad alta densit\u00e0, i dispositivi a film sottile e i condensatori ad alto dielettrico. VIMATERIAL \u00e8 [&hellip;]<\/p>\n","protected":false},"featured_media":1029984,"comment_status":"open","ping_status":"closed","template":"","meta":{"_acf_changed":false},"product_brand":[],"product_cat":[206],"product_tag":[],"class_list":{"0":"post-1009865","1":"product","2":"type-product","3":"status-publish","4":"has-post-thumbnail","6":"product_cat-altri-materiali","8":"first","9":"instock","10":"shipping-taxable","11":"product-type-variable"},"acf":[],"_links":{"self":[{"href":"https:\/\/vimaterial.de\/it\/wp-json\/wp\/v2\/product\/1009865","targetHints":{"allow":["GET"]}}],"collection":[{"href":"https:\/\/vimaterial.de\/it\/wp-json\/wp\/v2\/product"}],"about":[{"href":"https:\/\/vimaterial.de\/it\/wp-json\/wp\/v2\/types\/product"}],"replies":[{"embeddable":true,"href":"https:\/\/vimaterial.de\/it\/wp-json\/wp\/v2\/comments?post=1009865"}],"wp:featuredmedia":[{"embeddable":true,"href":"https:\/\/vimaterial.de\/it\/wp-json\/wp\/v2\/media\/1029984"}],"wp:attachment":[{"href":"https:\/\/vimaterial.de\/it\/wp-json\/wp\/v2\/media?parent=1009865"}],"wp:term":[{"taxonomy":"product_brand","embeddable":true,"href":"https:\/\/vimaterial.de\/it\/wp-json\/wp\/v2\/product_brand?post=1009865"},{"taxonomy":"product_cat","embeddable":true,"href":"https:\/\/vimaterial.de\/it\/wp-json\/wp\/v2\/product_cat?post=1009865"},{"taxonomy":"product_tag","embeddable":true,"href":"https:\/\/vimaterial.de\/it\/wp-json\/wp\/v2\/product_tag?post=1009865"}],"curies":[{"name":"wp","href":"https:\/\/api.w.org\/{rel}","templated":true}]}}