{"id":1009844,"date":"2024-06-17T14:04:50","date_gmt":"2024-06-17T06:04:50","guid":{"rendered":"https:\/\/vimaterial.de\/product\/fosfato-di-sodio\/"},"modified":"2024-11-12T17:24:30","modified_gmt":"2024-11-12T09:24:30","slug":"fosfato-di-sodio","status":"publish","type":"product","link":"https:\/\/vimaterial.de\/it\/product\/fosfato-di-sodio\/","title":{"rendered":"Fosfato trisodico"},"content":{"rendered":"<p>Il fosfato trisodico (TSP) \u00e8 il composto inorganico con la formula chimica Na3PO4. \u00c8 un solido bianco, granulare o cristallino, altamente solubile in acqua, che produce una soluzione alcalina.<\/p>\n<h2><span style=\"font-size: 14pt;\">Propriet\u00e0 fisiche:<\/span><\/h2>\n<p>Formula: Na\u2083PO\u2084 Peso molecolare: 163,94 g\/mol Aspetto: Il fosfato trisodico \u00e8 tipicamente un solido bianco, cristallino o granulare. \u00c8 altamente solubile in acqua. Solubilit\u00e0: Si dissolve facilmente in acqua per formare una soluzione alcalina. pH: Quando disciolto in acqua, il fosfato trisodico forma una soluzione fortemente alcalina, tipicamente intorno a pH 12. Questo pH elevato lo rende una base forte. Densit\u00e0: circa 1,62 g\/cm\u00b3 (solido). Punto di fusione: il punto di fusione del fosfato trisodico \u00e8 di circa 73,4\u00b0C (164\u00b0F) e si decompone a temperature pi\u00f9 elevate.<\/p>\n<h2><span style=\"font-size: 14pt;\">Applicazioni del fosfato trisodico (Na\u2083PO\u2084):<br \/>\n<\/span><\/h2>\n<p>Detergente: Il TSP \u00e8 un potente detergente ed \u00e8 spesso utilizzato nei detergenti industriali e domestici. \u00c8 efficace nella rimozione di grasso, oli e macchie dalle superfici. Trattamento delle acque: Viene utilizzato negli impianti di trattamento delle acque per controllare i livelli di pH e prevenire la corrosione nelle caldaie e nei sistemi di raffreddamento. Aiuta anche ad addolcire l&#8217;acqua rimuovendo gli ioni calcio e magnesio. Lavorazione degli alimenti: il fosfato trisodico viene utilizzato nella lavorazione degli alimenti come emulsionante, regolatore di acidit\u00e0 e conservante. Pu\u00f2 essere utilizzato per mantenere la consistenza di alimenti trasformati come formaggi e prodotti a base di carne. Detersivi: nei detersivi per bucato e lavastoviglie, il fosfato trisodico viene utilizzato come costruttore, aiutando ad addolcire l&#8217;acqua e migliorare l&#8217;efficacia del detersivo. Controllo del pH e tamponi: A causa della sua natura alcalina, il TSP viene utilizzato per preparare soluzioni tampone in laboratorio ed \u00e8 spesso un componente delle soluzioni tampone fosfato (PBS), comunemente utilizzate nella ricerca biologica e nella biologia molecolare. <\/p>\n<h2><span style=\"font-size: 14pt;\">Movimentazione e stoccaggio:<\/span><\/h2>\n<p>Manipolazione: Il fosfato trisodico deve essere maneggiato con cautela in un&#8217;area ben ventilata. Utilizzare dispositivi di protezione per evitare il contatto diretto con la pelle e gli occhi. Evitare di generare polvere e inalare vapori o particolato. Conservazione: Conservare in luogo fresco e asciutto, al riparo dall&#8217;umidit\u00e0, in quanto \u00e8 igroscopico e assorbe l&#8217;acqua. Conservare il contenitore ben chiuso per evitare contaminazioni.  <\/p>\n","protected":false},"excerpt":{"rendered":"<p>Il fosfato trisodico (TSP) \u00e8 il composto inorganico con la formula chimica Na3PO4. \u00c8 un solido bianco, granulare o cristallino, altamente solubile in acqua, che produce una soluzione alcalina. Propriet\u00e0 fisiche: Formula: Na\u2083PO\u2084 Peso molecolare: 163,94 g\/mol Aspetto: Il fosfato trisodico \u00e8 tipicamente un solido bianco, cristallino o granulare. \u00c8 altamente solubile in acqua. Solubilit\u00e0: [&hellip;]<\/p>\n","protected":false},"featured_media":999257,"comment_status":"open","ping_status":"closed","template":"","meta":{"_acf_changed":false},"product_brand":[],"product_cat":[206],"product_tag":[],"class_list":{"0":"post-1009844","1":"product","2":"type-product","3":"status-publish","4":"has-post-thumbnail","6":"product_cat-altri-materiali","8":"first","9":"instock","10":"shipping-taxable","11":"purchasable","12":"product-type-variable"},"acf":[],"_links":{"self":[{"href":"https:\/\/vimaterial.de\/it\/wp-json\/wp\/v2\/product\/1009844","targetHints":{"allow":["GET"]}}],"collection":[{"href":"https:\/\/vimaterial.de\/it\/wp-json\/wp\/v2\/product"}],"about":[{"href":"https:\/\/vimaterial.de\/it\/wp-json\/wp\/v2\/types\/product"}],"replies":[{"embeddable":true,"href":"https:\/\/vimaterial.de\/it\/wp-json\/wp\/v2\/comments?post=1009844"}],"wp:featuredmedia":[{"embeddable":true,"href":"https:\/\/vimaterial.de\/it\/wp-json\/wp\/v2\/media\/999257"}],"wp:attachment":[{"href":"https:\/\/vimaterial.de\/it\/wp-json\/wp\/v2\/media?parent=1009844"}],"wp:term":[{"taxonomy":"product_brand","embeddable":true,"href":"https:\/\/vimaterial.de\/it\/wp-json\/wp\/v2\/product_brand?post=1009844"},{"taxonomy":"product_cat","embeddable":true,"href":"https:\/\/vimaterial.de\/it\/wp-json\/wp\/v2\/product_cat?post=1009844"},{"taxonomy":"product_tag","embeddable":true,"href":"https:\/\/vimaterial.de\/it\/wp-json\/wp\/v2\/product_tag?post=1009844"}],"curies":[{"name":"wp","href":"https:\/\/api.w.org\/{rel}","templated":true}]}}