{"id":1009800,"date":"2024-06-17T14:05:26","date_gmt":"2024-06-17T06:05:26","guid":{"rendered":"https:\/\/vimaterial.de\/product\/cloruro-di-sodio\/"},"modified":"2024-11-12T17:50:25","modified_gmt":"2024-11-12T09:50:25","slug":"cloruro-di-sodio","status":"publish","type":"product","link":"https:\/\/vimaterial.de\/it\/product\/cloruro-di-sodio\/","title":{"rendered":"Cloruro di sodio"},"content":{"rendered":"<p>Il cloruro di sodio, comunemente noto come sale (sebbene il sale marino contenga anche altri sali chimici), \u00e8 un composto ionico con la formula chimica NaCl.<\/p>\n<h2><span style=\"font-size: 14pt;\">Propriet\u00e0 fisiche:<\/span><\/h2>\n<p>Formula chimica:NaCl<\/p>\n<p>Massa molare:58.443 g\/mol<\/p>\n<p>Aspetto: cristalli cubici incolori<\/p>\n<p>Odore: inodore<\/p>\n<p>Densit\u00e0: 2,17 g \/ cm3<\/p>\n<p>Punto di fusione: 800,7 \u00b0C (1.473,3 \u00b0F; 1.073,8 K)<\/p>\n<p>Punto di ebollizione: 1.465 \u00b0C (2.669 \u00b0F; 1.738 K)<\/p>\n<p>Solubilit\u00e0 in acqua: 360 g\/L<\/p>\n<p>Solubilit\u00e0 in ammoniaca:21,5 g\/L<\/p>\n<p>Solubilit\u00e0 in metanolo: 14,9 g\/L<\/p>\n<h2><span style=\"font-size: 14pt;\">Applicazioni:<\/span><\/h2>\n<p>Industria alimentare: il cloruro di sodio \u00e8 ampiamente utilizzato come condimento e conservante negli alimenti. Migliora il sapore e aiuta a conservare gli alimenti estraendo l&#8217;umidit\u00e0 e prevenendo la crescita microbica. \u00c8 anche essenziale nella dieta umana per una corretta funzione nervosa e muscolare. Sbrinamento: il cloruro di sodio \u00e8 comunemente usato per sciogliere il ghiaccio su strade, autostrade e passerelle durante i mesi invernali, fornendo sicurezza migliorando la trazione e riducendo gli incidenti. Trattamento dell&#8217;acqua: nel trattamento delle acque, il cloruro di sodio viene utilizzato nei processi di addolcimento dell&#8217;acqua. Aiuta a rimuovere minerali come calcio e magnesio dall&#8217;acqua dura sostituendoli con ioni sodio, rendendo l&#8217;acqua pi\u00f9 adatta all&#8217;uso negli elettrodomestici. Industria chimica: NaCl \u00e8 un&#8217;importante materia prima nella produzione di sostanze chimiche come cloro, idrossido di sodio e acido cloridrico. Queste sostanze chimiche sono utilizzate nella produzione di materie plastiche, disinfettanti e vari altri prodotti industriali. Prodotti farmaceutici: il cloruro di sodio viene utilizzato in soluzioni mediche per la somministrazione endovenosa, l&#8217;irrigazione salina e come base in preparazioni mediche. Produzione: nel settore manifatturiero, il cloruro di sodio viene utilizzato in processi come la placcatura dei metalli, nella produzione di vetro e come fondente in alcuni tipi di saldatura.  <\/p>\n<h2><span style=\"font-size: 14pt;\">Considerazioni sulla sicurezza:<\/span><\/h2>\n<p>Tossicit\u00e0: il cloruro di sodio \u00e8 generalmente considerato sicuro per il consumo in quantit\u00e0 moderate. Tuttavia, un&#8217;assunzione eccessiva di sale pu\u00f2 portare a problemi di salute come l&#8217;ipertensione e l&#8217;aumento del rischio di malattie cardiovascolari. \u00c8 importante seguire le linee guida dietetiche raccomandate per quanto riguarda l&#8217;assunzione di sale. Manipolazione: Il cloruro di sodio non \u00e8 tossico e non comporta rischi significativi per la salute durante la normale manipolazione. Deve essere conservato in un luogo asciutto, poich\u00e9 l&#8217;umidit\u00e0 pu\u00f2 causarne l&#8217;aggregazione o la dissoluzione.  <\/p>\n","protected":false},"excerpt":{"rendered":"<p>Il cloruro di sodio, comunemente noto come sale (sebbene il sale marino contenga anche altri sali chimici), \u00e8 un composto ionico con la formula chimica NaCl. Propriet\u00e0 fisiche: Formula chimica:NaCl Massa molare:58.443 g\/mol Aspetto: cristalli cubici incolori Odore: inodore Densit\u00e0: 2,17 g \/ cm3 Punto di fusione: 800,7 \u00b0C (1.473,3 \u00b0F; 1.073,8 K) Punto di [&hellip;]<\/p>\n","protected":false},"featured_media":1039925,"comment_status":"open","ping_status":"closed","template":"","meta":{"_acf_changed":false},"product_brand":[],"product_cat":[201],"product_tag":[],"class_list":{"0":"post-1009800","1":"product","2":"type-product","3":"status-publish","4":"has-post-thumbnail","6":"product_cat-materiali-a-base-di-alogenuri","8":"first","9":"instock","10":"shipping-taxable","11":"purchasable","12":"product-type-variable"},"acf":[],"_links":{"self":[{"href":"https:\/\/vimaterial.de\/it\/wp-json\/wp\/v2\/product\/1009800","targetHints":{"allow":["GET"]}}],"collection":[{"href":"https:\/\/vimaterial.de\/it\/wp-json\/wp\/v2\/product"}],"about":[{"href":"https:\/\/vimaterial.de\/it\/wp-json\/wp\/v2\/types\/product"}],"replies":[{"embeddable":true,"href":"https:\/\/vimaterial.de\/it\/wp-json\/wp\/v2\/comments?post=1009800"}],"wp:featuredmedia":[{"embeddable":true,"href":"https:\/\/vimaterial.de\/it\/wp-json\/wp\/v2\/media\/1039925"}],"wp:attachment":[{"href":"https:\/\/vimaterial.de\/it\/wp-json\/wp\/v2\/media?parent=1009800"}],"wp:term":[{"taxonomy":"product_brand","embeddable":true,"href":"https:\/\/vimaterial.de\/it\/wp-json\/wp\/v2\/product_brand?post=1009800"},{"taxonomy":"product_cat","embeddable":true,"href":"https:\/\/vimaterial.de\/it\/wp-json\/wp\/v2\/product_cat?post=1009800"},{"taxonomy":"product_tag","embeddable":true,"href":"https:\/\/vimaterial.de\/it\/wp-json\/wp\/v2\/product_tag?post=1009800"}],"curies":[{"name":"wp","href":"https:\/\/api.w.org\/{rel}","templated":true}]}}