{"id":1009784,"date":"2024-06-17T14:05:27","date_gmt":"2024-06-17T06:05:27","guid":{"rendered":"https:\/\/vimaterial.de\/product\/fluoruro-di-sodio\/"},"modified":"2024-11-13T11:03:36","modified_gmt":"2024-11-13T03:03:36","slug":"fluoruro-di-sodio-2","status":"publish","type":"product","link":"https:\/\/vimaterial.de\/it\/product\/fluoruro-di-sodio-2\/","title":{"rendered":"Fluoruro di sodio"},"content":{"rendered":"<p>Il fluoruro di sodio (NaF) \u00e8 un composto inorganico con la formula NaF. \u00c8 un solido incolore o bianco facilmente solubile in acqua. \u00c8 una fonte comune di fluoro nella produzione di prodotti farmaceutici e viene utilizzata per prevenire la carie dentale.<\/p>\n<h2><span style=\"font-size: 14pt;\">Propriet\u00e0 fisiche:<\/span><\/h2>\n<p>Formula chimica: NaF<\/p>\n<p>Massa molare:41.988173 g\/mol<\/p>\n<p>Aspetto: solido da bianco a verdastro<\/p>\n<p>Odore: inodore<\/p>\n<p>Densit\u00e0: 2,558 g\/cm3<\/p>\n<p>Punto di fusione: 993 \u00b0C (1.819 \u00b0F; 1.266 K)<\/p>\n<p>Punto di ebollizione: 1.704 \u00b0C (3.099 \u00b0F; 1.977 K)<\/p>\n<p>Solubilit\u00e0 in acqua:36,4 g\/L (0 \u00b0C);\/40,4 g\/L (20 \u00b0C);\/50,5 g\/L (100 \u00b0C)<\/p>\n<p>Solubilit\u00e0: leggermente solubile in HF, ammoniaca trascurabile in alcool, acetone, SO2, dimetilformammide<\/p>\n<h2><span style=\"font-size: 14pt;\">Applicazioni:<\/span><\/h2>\n<p>Salute dentale: il fluoruro di sodio \u00e8 noto per il suo ruolo nei prodotti dentali, come dentifricio e collutori, grazie alla sua capacit\u00e0 di aiutare a ridurre la carie e rafforzare lo smalto. Viene anche utilizzato nei programmi di fluorizzazione dell&#8217;acqua per prevenire la carie a livello di comunit\u00e0. Trattamento dell&#8217;acqua: oltre alla fluorizzazione, il fluoruro di sodio viene talvolta utilizzato per rimuovere alcuni metalli dall&#8217;acqua, poich\u00e9 pu\u00f2 legarsi agli ioni metallici. Produzione chimica: il fluoruro di sodio viene utilizzato nella sintesi di altri composti fluorurati e nei processi chimici di incisione e lucidatura, in particolare per vetro e ceramica. Metallurgia: funge da flusso nella produzione di alluminio e altri metalli, riducendo i punti di fusione e migliorando il flusso del metallo fuso. Pesticidi e insetticidi: il NaF viene utilizzato in alcuni prodotti per il controllo dei parassiti, poich\u00e9 gli ioni fluoruro sono tossici per insetti e altri parassiti. Conservazione del legno: il fluoruro di sodio pu\u00f2 essere utilizzato come conservante del legno, aiutando a proteggere dalla decomposizione e dall&#8217;infestazione di parassiti. <\/p>\n<h2><span style=\"font-size: 14pt;\">Considerazioni sulla sicurezza:<\/span><\/h2>\n<p>Tossicit\u00e0: il fluoruro di sodio \u00e8 tossico in grandi quantit\u00e0. Sebbene sia sicuro a bassi livelli, come nei prodotti dentali o nell&#8217;acqua potabile, concentrazioni pi\u00f9 elevate possono essere dannose se ingerite, causando sintomi come nausea, dolore addominale e, nei casi pi\u00f9 gravi, anche effetti neurologici. Manipolazione e conservazione: il fluoruro di sodio deve essere maneggiato con cura, evitando l&#8217;inalazione di polvere o l&#8217;ingestione. Si consiglia l&#8217;uso di dispositivi di protezione individuale (DPI) e di conservarli in un luogo fresco e asciutto, lontano dagli acidi. <\/p>\n","protected":false},"excerpt":{"rendered":"<p>Il fluoruro di sodio (NaF) \u00e8 un composto inorganico con la formula NaF. \u00c8 un solido incolore o bianco facilmente solubile in acqua. \u00c8 una fonte comune di fluoro nella produzione di prodotti farmaceutici e viene utilizzata per prevenire la carie dentale. Propriet\u00e0 fisiche: Formula chimica: NaF Massa molare:41.988173 g\/mol Aspetto: solido da bianco a [&hellip;]<\/p>\n","protected":false},"featured_media":999298,"comment_status":"open","ping_status":"closed","template":"","meta":{"_acf_changed":false},"product_brand":[],"product_cat":[201],"product_tag":[],"class_list":{"0":"post-1009784","1":"product","2":"type-product","3":"status-publish","4":"has-post-thumbnail","6":"product_cat-materiali-a-base-di-alogenuri","8":"first","9":"instock","10":"shipping-taxable","11":"purchasable","12":"product-type-variable"},"acf":[],"_links":{"self":[{"href":"https:\/\/vimaterial.de\/it\/wp-json\/wp\/v2\/product\/1009784","targetHints":{"allow":["GET"]}}],"collection":[{"href":"https:\/\/vimaterial.de\/it\/wp-json\/wp\/v2\/product"}],"about":[{"href":"https:\/\/vimaterial.de\/it\/wp-json\/wp\/v2\/types\/product"}],"replies":[{"embeddable":true,"href":"https:\/\/vimaterial.de\/it\/wp-json\/wp\/v2\/comments?post=1009784"}],"wp:featuredmedia":[{"embeddable":true,"href":"https:\/\/vimaterial.de\/it\/wp-json\/wp\/v2\/media\/999298"}],"wp:attachment":[{"href":"https:\/\/vimaterial.de\/it\/wp-json\/wp\/v2\/media?parent=1009784"}],"wp:term":[{"taxonomy":"product_brand","embeddable":true,"href":"https:\/\/vimaterial.de\/it\/wp-json\/wp\/v2\/product_brand?post=1009784"},{"taxonomy":"product_cat","embeddable":true,"href":"https:\/\/vimaterial.de\/it\/wp-json\/wp\/v2\/product_cat?post=1009784"},{"taxonomy":"product_tag","embeddable":true,"href":"https:\/\/vimaterial.de\/it\/wp-json\/wp\/v2\/product_tag?post=1009784"}],"curies":[{"name":"wp","href":"https:\/\/api.w.org\/{rel}","templated":true}]}}